{"id":17745,"date":"2026-02-27T00:36:27","date_gmt":"2026-02-27T00:36:27","guid":{"rendered":"https:\/\/nordicmart.andreevmaster.com\/product\/viga-pedagogiskt-leksaksset-fran-18-till-24-manader\/"},"modified":"2026-02-27T08:25:45","modified_gmt":"2026-02-27T08:25:45","slug":"viga-pedagogiskt-leksaksset-fran-18-till-24-manader","status":"publish","type":"product","link":"https:\/\/nordicmart.andreevmaster.com\/sv\/produkt\/viga-pedagogiskt-leksaksset-fran-18-till-24-manader\/","title":{"rendered":"VIGA Pedagogiskt leksaksset fr\u00e5n 18 till 24 m\u00e5nader"},"content":{"rendered":"<p>Colour Crafters (18-24M) \u00e4r ett set som introducerar sm\u00e5barn till rytm, f\u00e4rger och former, samtidigt som det utvecklar deras fingerf\u00e4rdighet och probleml\u00f6sningsf\u00f6rm\u00e5ga. Leksakerna i setet erbjuder nya utmaningar, hj\u00e4lper till att l\u00e4ra ut motorisk koordination och ger en tidig introduktion till fysikens grundl\u00e4ggande principer. Perfekt f\u00f6r barn som uppt\u00e4cker v\u00e4rlden omkring sig genom lek, byggande och utforskande.<\/p>\n<p>Egenskaper<\/p>\n<p>* Utformat f\u00f6r barn i \u00e5ldern 18\u201324 m\u00e5nader<br \/>\n* St\u00f6djer utvecklingen av finmotorik och hand-\u00f6ga-koordination<br \/>\n* Hj\u00e4lper till att l\u00e4ra sig k\u00e4nna igen former, f\u00e4rger och ljud<br \/>\n* Inneh\u00e5ller h\u00e5llbara tr\u00e4element med s\u00e4kra, rundade kanter<br \/>\n* L\u00e5da med handtag f\u00f6r enkel f\u00f6rvaring och transport<\/p>\n<p>Satsen inneh\u00e5ller<\/p>\n<p>* Xylofon \u2013 det perfekta f\u00f6rsta musikinstrumentet som st\u00f6der utvecklingen av h\u00f6rseln och intresset f\u00f6r musik<br \/>\n* rutschkana med leksaksbilar \u2013 en leksak som utvecklar hand-\u00f6ga-koordinationen och sp\u00e5rningsf\u00f6rm\u00e5gan och ger timmar av lekgl\u00e4dje<br \/>\n* blockpussel \u2013 tr\u00e4klossar f\u00f6r att l\u00e4ra sig k\u00e4nna igen former och f\u00f6rst\u00e5 begreppet delar och helheter<br \/>\n* tr\u00e4bok (frukt) \u2013 en f\u00e4rgglad bok som l\u00e4r ut de viktigaste frukterna, s\u00e5som bananer, p\u00e4ron, vattenmeloner och \u00e4pplen<br \/>\n* skruvar och muttrar \u2013 ett utm\u00e4rkt verktyg f\u00f6r att utveckla fingerf\u00e4rdighet och probleml\u00f6sningsf\u00f6rm\u00e5ga<br \/>\n* tr\u00e5dningsspel \u2013 en aktivitet som st\u00f6der utvecklingen av finmotorik och precision, viktigt f\u00f6r senare f\u00e4rdigheter som att skriva eller knyta skor<\/p>\n<p>Leksaken utvecklar<\/p>\n<p>* hand-\u00f6ga-koordination<br \/>\n* form- och f\u00e4rgigenk\u00e4nning<br \/>\n* finmotorik<br \/>\n* logiskt t\u00e4nkande<\/p>\n","protected":false},"excerpt":{"rendered":"<p>Colour Crafters (18-24M) \u00e4r ett set som introducerar sm\u00e5barn till rytm, f\u00e4rger och former, samtidigt som det utvecklar deras fingerf\u00e4rdighet och probleml\u00f6sningsf\u00f6rm\u00e5ga. Leksakerna i setet erbjuder nya utmaningar, hj\u00e4lper till att l\u00e4ra ut motorisk koordination och ger en tidig introduktion till fysikens grundl\u00e4ggande principer. Perfekt f\u00f6r barn som uppt\u00e4cker v\u00e4rlden omkring sig genom lek, byggande [&hellip;]<\/p>\n","protected":false},"featured_media":0,"comment_status":"open","ping_status":"closed","template":"","meta":[],"product_brand":[],"product_cat":[33],"product_tag":[],"class_list":{"0":"post-17745","1":"product","2":"type-product","3":"status-publish","5":"product_cat-okategoriserad","7":"first","8":"instock","9":"shipping-taxable","10":"purchasable","11":"product-type-simple"},"_links":{"self":[{"href":"https:\/\/nordicmart.andreevmaster.com\/sv\/wp-json\/wp\/v2\/product\/17745","targetHints":{"allow":["GET"]}}],"collection":[{"href":"https:\/\/nordicmart.andreevmaster.com\/sv\/wp-json\/wp\/v2\/product"}],"about":[{"href":"https:\/\/nordicmart.andreevmaster.com\/sv\/wp-json\/wp\/v2\/types\/product"}],"replies":[{"embeddable":true,"href":"https:\/\/nordicmart.andreevmaster.com\/sv\/wp-json\/wp\/v2\/comments?post=17745"}],"wp:attachment":[{"href":"https:\/\/nordicmart.andreevmaster.com\/sv\/wp-json\/wp\/v2\/media?parent=17745"}],"wp:term":[{"taxonomy":"product_brand","embeddable":true,"href":"https:\/\/nordicmart.andreevmaster.com\/sv\/wp-json\/wp\/v2\/product_brand?post=17745"},{"taxonomy":"product_cat","embeddable":true,"href":"https:\/\/nordicmart.andreevmaster.com\/sv\/wp-json\/wp\/v2\/product_cat?post=17745"},{"taxonomy":"product_tag","embeddable":true,"href":"https:\/\/nordicmart.andreevmaster.com\/sv\/wp-json\/wp\/v2\/product_tag?post=17745"}],"curies":[{"name":"wp","href":"https:\/\/api.w.org\/{rel}","templated":true}]}}