{"id":17744,"date":"2026-02-27T00:36:26","date_gmt":"2026-02-27T00:36:26","guid":{"rendered":"https:\/\/nordicmart.andreevmaster.com\/product\/viga-pedagogiskt-leksaksset-lada-fran-12-manader-till-18-manader\/"},"modified":"2026-02-27T08:25:45","modified_gmt":"2026-02-27T08:25:45","slug":"viga-pedagogiskt-leksaksset-lada-fran-12-manader-till-18-manader","status":"publish","type":"product","link":"https:\/\/nordicmart.andreevmaster.com\/sv\/produkt\/viga-pedagogiskt-leksaksset-lada-fran-12-manader-till-18-manader\/","title":{"rendered":"VIGA Pedagogiskt leksaksset L\u00e5da fr\u00e5n 12 m\u00e5nader till 18 m\u00e5nader"},"content":{"rendered":"<p>Motion Masters (12-18 m\u00e5nader) \u00e4r ett set som \u00e4r utformat f\u00f6r att st\u00f6dja barns naturliga motoriska och kognitiva utveckling. Tack vare en m\u00e4ngd olika leksaker tr\u00e4nar barnen sin koordination, utvecklar finger- och handf\u00e4rdighet och l\u00e4r sig att k\u00e4nna igen former och f\u00e4rger. F\u00e4rgglada element och tr\u00e4figurer v\u00e4cker nyfikenhet och uppmuntrar till att uppt\u00e4cka nya f\u00e4rdigheter varje dag.<\/p>\n<p>Egenskaper<\/p>\n<p>* set l\u00e4mpligt f\u00f6r barn i \u00e5ldern 12-18 m\u00e5nader<br \/>\n* st\u00f6der utvecklingen av hand-\u00f6ga-koordination och finmotorik<br \/>\n* tr\u00e4element med s\u00e4kra kanter och h\u00e5llbar konstruktion<br \/>\n* F\u00e4rgglada m\u00f6nster och enkla former underl\u00e4ttar inl\u00e4rningen genom lek<br \/>\n* f\u00f6rpackning i form av en l\u00e5da med handtag, perfekt som present<\/p>\n<p>Satsen inneh\u00e5ller<\/p>\n<p>* tr\u00e4leksak f\u00f6r hamring \u2013 en f\u00e4rgglad b\u00e4nk med 6 pinnar och en hammare, som utvecklar handledens flexibilitet och motoriska koordination<br \/>\n* formssorteringspyramid \u2013 5 block att stapla, som hj\u00e4lper till att f\u00f6rst\u00e5 begreppen storlek och antal<br \/>\n* motorisk slinga med p\u00e4rlor \u2013 tr\u00e4p\u00e4rlor p\u00e5 tr\u00e5dar, perfekt f\u00f6r att utveckla fingerf\u00e4rdighet och koordination mellan h\u00e4nderna<br \/>\n* geometriskt pussel \u2013 stora block med handtag, som hj\u00e4lper till att k\u00e4nna igen grundl\u00e4ggande former och f\u00e4rger<br \/>\n* tr\u00e4bok \u2013 en liten bok med bilder p\u00e5 djur, perfekt f\u00f6r f\u00f6rsta f\u00f6rs\u00f6k att l\u00e4sa<br \/>\n* Dragleksak med isbj\u00f6rn \u2013 en s\u00f6t leksak som utvecklar grovmotoriken och uppmuntrar till att g\u00e5<\/p>\n<p>Leksaken utvecklar<\/p>\n<p>* fin- och grovmotorik<br \/>\n* hand-\u00f6ga-koordination<br \/>\n* form- och f\u00e4rgigenk\u00e4nning<br \/>\n* fingerf\u00e4rdighet och precision<\/p>\n","protected":false},"excerpt":{"rendered":"<p>Motion Masters (12-18 m\u00e5nader) \u00e4r ett set som \u00e4r utformat f\u00f6r att st\u00f6dja barns naturliga motoriska och kognitiva utveckling. Tack vare en m\u00e4ngd olika leksaker tr\u00e4nar barnen sin koordination, utvecklar finger- och handf\u00e4rdighet och l\u00e4r sig att k\u00e4nna igen former och f\u00e4rger. F\u00e4rgglada element och tr\u00e4figurer v\u00e4cker nyfikenhet och uppmuntrar till att uppt\u00e4cka nya f\u00e4rdigheter [&hellip;]<\/p>\n","protected":false},"featured_media":0,"comment_status":"open","ping_status":"closed","template":"","meta":[],"product_brand":[],"product_cat":[33],"product_tag":[],"class_list":{"0":"post-17744","1":"product","2":"type-product","3":"status-publish","5":"product_cat-okategoriserad","7":"first","8":"instock","9":"shipping-taxable","10":"purchasable","11":"product-type-simple"},"_links":{"self":[{"href":"https:\/\/nordicmart.andreevmaster.com\/sv\/wp-json\/wp\/v2\/product\/17744","targetHints":{"allow":["GET"]}}],"collection":[{"href":"https:\/\/nordicmart.andreevmaster.com\/sv\/wp-json\/wp\/v2\/product"}],"about":[{"href":"https:\/\/nordicmart.andreevmaster.com\/sv\/wp-json\/wp\/v2\/types\/product"}],"replies":[{"embeddable":true,"href":"https:\/\/nordicmart.andreevmaster.com\/sv\/wp-json\/wp\/v2\/comments?post=17744"}],"wp:attachment":[{"href":"https:\/\/nordicmart.andreevmaster.com\/sv\/wp-json\/wp\/v2\/media?parent=17744"}],"wp:term":[{"taxonomy":"product_brand","embeddable":true,"href":"https:\/\/nordicmart.andreevmaster.com\/sv\/wp-json\/wp\/v2\/product_brand?post=17744"},{"taxonomy":"product_cat","embeddable":true,"href":"https:\/\/nordicmart.andreevmaster.com\/sv\/wp-json\/wp\/v2\/product_cat?post=17744"},{"taxonomy":"product_tag","embeddable":true,"href":"https:\/\/nordicmart.andreevmaster.com\/sv\/wp-json\/wp\/v2\/product_tag?post=17744"}],"curies":[{"name":"wp","href":"https:\/\/api.w.org\/{rel}","templated":true}]}}