{"id":17743,"date":"2026-02-27T00:36:26","date_gmt":"2026-02-27T00:36:26","guid":{"rendered":"https:\/\/nordicmart.andreevmaster.com\/product\/viga-pedagogiskt-leksaksset-fran-6-manader-till-12-manader\/"},"modified":"2026-02-27T08:25:44","modified_gmt":"2026-02-27T08:25:44","slug":"viga-pedagogiskt-leksaksset-fran-6-manader-till-12-manader","status":"publish","type":"product","link":"https:\/\/nordicmart.andreevmaster.com\/sv\/produkt\/viga-pedagogiskt-leksaksset-fran-6-manader-till-12-manader\/","title":{"rendered":"VIGA Pedagogiskt leksaksset Fr\u00e5n 6 m\u00e5nader till 12 m\u00e5nader"},"content":{"rendered":"<p>Little Explorers (6-12 m\u00e5nader) \u00e4r ett fantastiskt pedagogiskt set som st\u00f6der utvecklingen hos sp\u00e4dbarn under deras f\u00f6rsta levnads\u00e5r. Det best\u00e5r av en rad olika leksaker som \u00e4r utformade f\u00f6r att engagera barn och stimulera deras sinnen genom lek. Varje del \u00e4r perfekt anpassad f\u00f6r sm\u00e5 h\u00e4nder, s\u00e5 att barn enkelt kan l\u00e4ra sig nya former, f\u00e4rger och ljud, vilket st\u00f6der utvecklingen av motoriska f\u00e4rdigheter och hand-\u00f6ga-koordination. Satsen \u00e4r inte bara s\u00e4ker utan ocks\u00e5 visuellt tilltalande, vilket uppmuntrar barn att utforska v\u00e4rlden p\u00e5 ett interaktivt s\u00e4tt. <\/p>\n<p>Egenskaper <\/p>\n<p>* Idealisk f\u00f6r barn i \u00e5ldern 6 till 12 m\u00e5nader<br \/>\n* Tillverkad av s\u00e4kra material, inklusive tr\u00e4<br \/>\n* Stimulerar sensorisk utveckling: k\u00e4nsel, h\u00f6rsel, syn<br \/>\n* St\u00f6djer utvecklingen av fin- och grovmotorik<br \/>\n* L\u00e4tt att greppa, s\u00e4ker och barnv\u00e4nlig<\/p>\n<p>Satsen inneh\u00e5ller<\/p>\n<p>* en roterande trumma \u2013 stimulerar k\u00e4nseln och h\u00f6rseln med sin enkla men engagerande mekanik<br \/>\n* mjuk sensorisk boll \u2013 utvecklar greppf\u00f6rm\u00e5gan och st\u00f6der motorisk utveckling<br \/>\n* en &#8221;regnpinne&#8221;-skallra \u2013 hj\u00e4lper till att utveckla h\u00f6rseln och st\u00f6der fin- och grovmotoriken<br \/>\n* tr\u00e4bil \u2013 l\u00e4tt att greppa, idealisk f\u00f6r sm\u00e5 h\u00e4nder, utm\u00e4rkt f\u00f6r att utveckla manipulationsf\u00f6rm\u00e5gan<br \/>\n* pussel med stora knoppar \u2013 perfekt f\u00f6r att utveckla hand-\u00f6ga-koordinationen och det logiska t\u00e4nkandet<br \/>\n* l\u00e5da med en l\u00e5da \u2013 st\u00f6der inl\u00e4rningen av begreppet objektpermanens och utvecklar kognitiva f\u00e4rdigheter<\/p>\n<p>Leksaken utvecklar<\/p>\n<p>* hand-\u00f6ga-koordinationen<br \/>\n* fin- och grovmotoriken<br \/>\n* det logiska t\u00e4nkandet<br \/>\n* den visuella perceptionen<\/p>\n","protected":false},"excerpt":{"rendered":"<p>Little Explorers (6-12 m\u00e5nader) \u00e4r ett fantastiskt pedagogiskt set som st\u00f6der utvecklingen hos sp\u00e4dbarn under deras f\u00f6rsta levnads\u00e5r. Det best\u00e5r av en rad olika leksaker som \u00e4r utformade f\u00f6r att engagera barn och stimulera deras sinnen genom lek. Varje del \u00e4r perfekt anpassad f\u00f6r sm\u00e5 h\u00e4nder, s\u00e5 att barn enkelt kan l\u00e4ra sig nya former, [&hellip;]<\/p>\n","protected":false},"featured_media":0,"comment_status":"open","ping_status":"closed","template":"","meta":[],"product_brand":[],"product_cat":[33],"product_tag":[],"class_list":{"0":"post-17743","1":"product","2":"type-product","3":"status-publish","5":"product_cat-okategoriserad","7":"first","8":"instock","9":"shipping-taxable","10":"purchasable","11":"product-type-simple"},"_links":{"self":[{"href":"https:\/\/nordicmart.andreevmaster.com\/sv\/wp-json\/wp\/v2\/product\/17743","targetHints":{"allow":["GET"]}}],"collection":[{"href":"https:\/\/nordicmart.andreevmaster.com\/sv\/wp-json\/wp\/v2\/product"}],"about":[{"href":"https:\/\/nordicmart.andreevmaster.com\/sv\/wp-json\/wp\/v2\/types\/product"}],"replies":[{"embeddable":true,"href":"https:\/\/nordicmart.andreevmaster.com\/sv\/wp-json\/wp\/v2\/comments?post=17743"}],"wp:attachment":[{"href":"https:\/\/nordicmart.andreevmaster.com\/sv\/wp-json\/wp\/v2\/media?parent=17743"}],"wp:term":[{"taxonomy":"product_brand","embeddable":true,"href":"https:\/\/nordicmart.andreevmaster.com\/sv\/wp-json\/wp\/v2\/product_brand?post=17743"},{"taxonomy":"product_cat","embeddable":true,"href":"https:\/\/nordicmart.andreevmaster.com\/sv\/wp-json\/wp\/v2\/product_cat?post=17743"},{"taxonomy":"product_tag","embeddable":true,"href":"https:\/\/nordicmart.andreevmaster.com\/sv\/wp-json\/wp\/v2\/product_tag?post=17743"}],"curies":[{"name":"wp","href":"https:\/\/api.w.org\/{rel}","templated":true}]}}