{"id":17742,"date":"2026-02-27T00:36:26","date_gmt":"2026-02-27T00:36:26","guid":{"rendered":"https:\/\/nordicmart.andreevmaster.com\/product\/viga-larorikt-lekset-fran-fodseln-till-6-manader\/"},"modified":"2026-02-27T08:25:44","modified_gmt":"2026-02-27T08:25:44","slug":"viga-larorikt-lekset-fran-fodseln-till-6-manader","status":"publish","type":"product","link":"https:\/\/nordicmart.andreevmaster.com\/sv\/produkt\/viga-larorikt-lekset-fran-fodseln-till-6-manader\/","title":{"rendered":"VIGA L\u00e4rorikt lekset Fr\u00e5n f\u00f6dseln till 6 m\u00e5nader"},"content":{"rendered":"<p>Grow-with-Me Box (0-6 m\u00e5nader) \u00e4r ett sensoriskt set som \u00e4r s\u00e4rskilt utformat f\u00f6r sp\u00e4dbarn f\u00f6r att st\u00f6dja deras utveckling fr\u00e5n de f\u00f6rsta dagarna i livet. Boxen inneh\u00e5ller leksaker som stimulerar syn, h\u00f6rsel och k\u00e4nsel, vilket hj\u00e4lper till att utveckla koordination och motorik. Varje artikel \u00e4r tillverkad av material av h\u00f6gsta kvalitet, inklusive FSC-certifierat tr\u00e4, vilket garanterar s\u00e4kerhet och h\u00e5llbarhet. Det \u00e4r den perfekta l\u00f6sningen f\u00f6r f\u00f6r\u00e4ldrar som s\u00f6ker ett helt\u00e4ckande utvecklingsst\u00f6d f\u00f6r sitt barn. <\/p>\n<p>Egenskaper <\/p>\n<p>* Set anpassat efter behoven hos barn i \u00e5ldern 0\u20136 m\u00e5nader<br \/>\n* Leksaker tillverkade av s\u00e4kert FSC-tr\u00e4 och milj\u00f6v\u00e4nliga material<br \/>\n* Perfekt f\u00f6r att stimulera sinnena: syn, h\u00f6rsel och k\u00e4nsel<br \/>\n* Praktisk f\u00f6rpackning, perfekt f\u00f6r f\u00f6rvaring och som present<br \/>\n* Setet \u00e4r klart att anv\u00e4nda, vilket sparar tid f\u00f6r f\u00f6r\u00e4ldrarna<\/p>\n<p>Setet inneh\u00e5ller<\/p>\n<p>* Kontrastkort f\u00f6r att stimulera nyf\u00f6ddas syn<br \/>\n* En tr\u00e4spegel f\u00f6r sj\u00e4lvuppt\u00e4ckt och utveckling av medvetenhet om sin egen spegelbild<br \/>\n* En skallra f\u00f6r att rulla, st\u00e4rka musklerna och motoriken<br \/>\n* en skiva f\u00f6r att flytta f\u00f6rem\u00e5l fr\u00e5n hand till hand, vilket st\u00f6der inl\u00e4rningsprocessen<br \/>\n* dubbla maracas f\u00f6r att utveckla rytmk\u00e4nsla och koncentration<br \/>\n* upps\u00e4ttning sensoriska bollar f\u00f6r att stimulera k\u00e4nseln och \u00f6va grepp<\/p>\n<p>Leksaken utvecklar<\/p>\n<p>* grovmotorik<br \/>\n* hand-\u00f6ga-koordination<br \/>\n* visuell perception<br \/>\n* sj\u00e4lvmedvetenhet<\/p>\n","protected":false},"excerpt":{"rendered":"<p>Grow-with-Me Box (0-6 m\u00e5nader) \u00e4r ett sensoriskt set som \u00e4r s\u00e4rskilt utformat f\u00f6r sp\u00e4dbarn f\u00f6r att st\u00f6dja deras utveckling fr\u00e5n de f\u00f6rsta dagarna i livet. Boxen inneh\u00e5ller leksaker som stimulerar syn, h\u00f6rsel och k\u00e4nsel, vilket hj\u00e4lper till att utveckla koordination och motorik. Varje artikel \u00e4r tillverkad av material av h\u00f6gsta kvalitet, inklusive FSC-certifierat tr\u00e4, vilket [&hellip;]<\/p>\n","protected":false},"featured_media":0,"comment_status":"open","ping_status":"closed","template":"","meta":[],"product_brand":[],"product_cat":[33],"product_tag":[],"class_list":{"0":"post-17742","1":"product","2":"type-product","3":"status-publish","5":"product_cat-okategoriserad","7":"first","8":"instock","9":"shipping-taxable","10":"purchasable","11":"product-type-simple"},"_links":{"self":[{"href":"https:\/\/nordicmart.andreevmaster.com\/sv\/wp-json\/wp\/v2\/product\/17742","targetHints":{"allow":["GET"]}}],"collection":[{"href":"https:\/\/nordicmart.andreevmaster.com\/sv\/wp-json\/wp\/v2\/product"}],"about":[{"href":"https:\/\/nordicmart.andreevmaster.com\/sv\/wp-json\/wp\/v2\/types\/product"}],"replies":[{"embeddable":true,"href":"https:\/\/nordicmart.andreevmaster.com\/sv\/wp-json\/wp\/v2\/comments?post=17742"}],"wp:attachment":[{"href":"https:\/\/nordicmart.andreevmaster.com\/sv\/wp-json\/wp\/v2\/media?parent=17742"}],"wp:term":[{"taxonomy":"product_brand","embeddable":true,"href":"https:\/\/nordicmart.andreevmaster.com\/sv\/wp-json\/wp\/v2\/product_brand?post=17742"},{"taxonomy":"product_cat","embeddable":true,"href":"https:\/\/nordicmart.andreevmaster.com\/sv\/wp-json\/wp\/v2\/product_cat?post=17742"},{"taxonomy":"product_tag","embeddable":true,"href":"https:\/\/nordicmart.andreevmaster.com\/sv\/wp-json\/wp\/v2\/product_tag?post=17742"}],"curies":[{"name":"wp","href":"https:\/\/api.w.org\/{rel}","templated":true}]}}