{"id":17741,"date":"2026-02-27T00:36:25","date_gmt":"2026-02-27T00:36:25","guid":{"rendered":"https:\/\/nordicmart.andreevmaster.com\/product\/viga-polarb-trakoksset-xl-tvattmaskin-spis-diskmaskin-gron\/"},"modified":"2026-02-27T08:25:44","modified_gmt":"2026-02-27T08:25:44","slug":"viga-polarb-trakoksset-xl-tvattmaskin-spis-diskmaskin-gron","status":"publish","type":"product","link":"https:\/\/nordicmart.andreevmaster.com\/sv\/produkt\/viga-polarb-trakoksset-xl-tvattmaskin-spis-diskmaskin-gron\/","title":{"rendered":"VIGA PolarB Tr\u00e4k\u00f6ksset XL Tv\u00e4ttmaskin Spis Diskmaskin &#8211; Gr\u00f6n"},"content":{"rendered":"<p>Detta stora tr\u00e4k\u00f6ksset f\u00f6r sm\u00e5barn fr\u00e5n Viga \u00e4r ett specialdesignat set som kommer att ge ditt barn of\u00f6rgl\u00f6mliga stunder av gl\u00e4dje! Setet inneh\u00e5ller ett kylsk\u00e5p, spis med ugn, diskb\u00e4nk, diskmaskin och tv\u00e4ttmaskin. Tjocka handtag g\u00f6r det enkelt att \u00f6ppna och st\u00e4nga luckorna, och alla vred ger ett klickande ljud n\u00e4r de vrids. De vackra pastellf\u00e4rgerna lockar ditt barns uppm\u00e4rksamhet och fungerar samtidigt som en charmig dekoration i rummet. Setet \u00e4r helt s\u00e4kert f\u00f6r de yngsta barnen, utan vassa kanter eller h\u00f6rn. Ett leksaksk\u00f6k \u00e4r ett centrum f\u00f6r kreativt lekande f\u00f6r barn, som utvecklar deras fantasi, samarbetsf\u00f6rm\u00e5ga och motorik. Din lilla kan spela upp scener fr\u00e5n vuxenlivet, laga mat till sina n\u00e4ra och k\u00e4ra och \u00f6va p\u00e5 sj\u00e4lvst\u00e4ndighet. Det \u00e4r ett utm\u00e4rkt s\u00e4tt att interaktivt l\u00e4ra barn om mat, matlagning, r\u00e4kning, f\u00e4rger och former. Dessutom kan denna leksak v\u00e4xa med ditt barn, och olika tillbeh\u00f6r m\u00f6jligg\u00f6r en m\u00e4ngd olika lekm\u00f6jligheter!<\/p>\n<p>Egenskaper:<\/p>\n<p>* &#8211; Leksak f\u00f6r barn fr\u00e5n 18 m\u00e5nader<br \/>\n* &#8211; S\u00e4ker f\u00f6r barn, inga vassa kanter<br \/>\n* &#8211; Vackra pastellf\u00e4rger<br \/>\n* &#8211; Gott om f\u00f6rvaringsutrymme<br \/>\n* &#8211; Upp till 130 cm l\u00e5ng<br \/>\n* &#8211; Ger timmar av kreativ lek<\/p>\n<p>Satsen inneh\u00e5ller:<\/p>\n<p>* &#8211; Tv\u00e4ttmaskin<br \/>\n* &#8211; Diskho med diskmaskin<br \/>\n* &#8211; Spis med ugn<br \/>\n* &#8211; Kylsk\u00e5p<br \/>\n* &#8211; Sk\u00e5p<br \/>\n* &#8211; Gott om plats p\u00e5 k\u00f6ksb\u00e4nken<\/p>\n","protected":false},"excerpt":{"rendered":"<p>Detta stora tr\u00e4k\u00f6ksset f\u00f6r sm\u00e5barn fr\u00e5n Viga \u00e4r ett specialdesignat set som kommer att ge ditt barn of\u00f6rgl\u00f6mliga stunder av gl\u00e4dje! Setet inneh\u00e5ller ett kylsk\u00e5p, spis med ugn, diskb\u00e4nk, diskmaskin och tv\u00e4ttmaskin. Tjocka handtag g\u00f6r det enkelt att \u00f6ppna och st\u00e4nga luckorna, och alla vred ger ett klickande ljud n\u00e4r de vrids. De vackra pastellf\u00e4rgerna [&hellip;]<\/p>\n","protected":false},"featured_media":0,"comment_status":"open","ping_status":"closed","template":"","meta":[],"product_brand":[],"product_cat":[33],"product_tag":[],"class_list":{"0":"post-17741","1":"product","2":"type-product","3":"status-publish","5":"product_cat-okategoriserad","7":"first","8":"instock","9":"shipping-taxable","10":"purchasable","11":"product-type-simple"},"_links":{"self":[{"href":"https:\/\/nordicmart.andreevmaster.com\/sv\/wp-json\/wp\/v2\/product\/17741","targetHints":{"allow":["GET"]}}],"collection":[{"href":"https:\/\/nordicmart.andreevmaster.com\/sv\/wp-json\/wp\/v2\/product"}],"about":[{"href":"https:\/\/nordicmart.andreevmaster.com\/sv\/wp-json\/wp\/v2\/types\/product"}],"replies":[{"embeddable":true,"href":"https:\/\/nordicmart.andreevmaster.com\/sv\/wp-json\/wp\/v2\/comments?post=17741"}],"wp:attachment":[{"href":"https:\/\/nordicmart.andreevmaster.com\/sv\/wp-json\/wp\/v2\/media?parent=17741"}],"wp:term":[{"taxonomy":"product_brand","embeddable":true,"href":"https:\/\/nordicmart.andreevmaster.com\/sv\/wp-json\/wp\/v2\/product_brand?post=17741"},{"taxonomy":"product_cat","embeddable":true,"href":"https:\/\/nordicmart.andreevmaster.com\/sv\/wp-json\/wp\/v2\/product_cat?post=17741"},{"taxonomy":"product_tag","embeddable":true,"href":"https:\/\/nordicmart.andreevmaster.com\/sv\/wp-json\/wp\/v2\/product_tag?post=17741"}],"curies":[{"name":"wp","href":"https:\/\/api.w.org\/{rel}","templated":true}]}}