{"id":17740,"date":"2026-02-27T00:36:25","date_gmt":"2026-02-27T00:36:25","guid":{"rendered":"https:\/\/nordicmart.andreevmaster.com\/product\/viga-polarb-traskapstillbehor\/"},"modified":"2026-02-27T08:25:44","modified_gmt":"2026-02-27T08:25:44","slug":"viga-polarb-traskapstillbehor","status":"publish","type":"product","link":"https:\/\/nordicmart.andreevmaster.com\/sv\/produkt\/viga-polarb-traskapstillbehor\/","title":{"rendered":"VIGA PolarB Tr\u00e4sk\u00e5pstillbeh\u00f6r"},"content":{"rendered":"<p>Tr\u00e4sk\u00e5pan PolarB fr\u00e5n det v\u00e4lk\u00e4nda varum\u00e4rket Viga \u00e4r ett utm\u00e4rkt pedagogiskt leksak f\u00f6r barn som m\u00f6jligg\u00f6r kreativa rollspel. Tack vare sin realistiska design och funktionella element kan de sm\u00e5 ta p\u00e5 sig vuxenrollerna samtidigt som de l\u00e4r sig grundl\u00e4ggande hush\u00e5llssysslor. Produkten \u00e4r idealisk f\u00f6r barn fr\u00e5n 3 \u00e5r och upp\u00e5t. <\/p>\n<p>\u2705Egenskaper:<\/p>\n<p>\u2714\ufe0f F\u00f6r barn fr\u00e5n 3 \u00e5r och upp\u00e5t \u2714\ufe0f D\u00f6rren som kan \u00f6ppnas imiterar en riktig tv\u00e4ttmaskin, s\u00e5 att barnen kan l\u00e4gga in och ta ut \u201dtv\u00e4tten\u201d. \u2714\ufe0f Tv\u00e5 tr\u00e4knoppar g\u00f6r att barnen kan st\u00e4lla in program, vilket utvecklar deras manuella f\u00e4rdigheter. \u2714\ufe0f Sidovikbara armar med minikl\u00e4mmor g\u00f6r att du kan h\u00e4nga upp s\u00f6ta f\u00e4rgglada filtkl\u00e4der. \u2714\ufe0f Sidovikbar liten strykbr\u00e4da \u2714\ufe0f Setet inneh\u00e5ller tv\u00e4ttmedel i tr\u00e4, ett strykj\u00e4rn och en tv\u00e4ttkorg f\u00f6r att g\u00f6ra lektiden roligare.<br \/>\n\u2705Satsen inneh\u00e5ller:<br \/>\n\u2714\ufe0f Tv\u00e4ttmaskin i tr\u00e4 \u2714\ufe0f Tv\u00e4ttkorg \u2714\ufe0f &#8221;Kl\u00e4der&#8221; i filt \u2714\ufe0f Strykj\u00e4rn i tr\u00e4 \u2714\ufe0f Tv\u00e4ttmedel i tr\u00e4<br \/>\n\u2705Leksaken utvecklar:<br \/>\n\u2714\ufe0f L\u00e4rande av grundl\u00e4ggande hush\u00e5llssysslor \u2714\ufe0f Utveckling av motoriska f\u00e4rdigheter \u2714\ufe0f Utveckling av kreativitet och fantasi<\/p>\n","protected":false},"excerpt":{"rendered":"<p>Tr\u00e4sk\u00e5pan PolarB fr\u00e5n det v\u00e4lk\u00e4nda varum\u00e4rket Viga \u00e4r ett utm\u00e4rkt pedagogiskt leksak f\u00f6r barn som m\u00f6jligg\u00f6r kreativa rollspel. Tack vare sin realistiska design och funktionella element kan de sm\u00e5 ta p\u00e5 sig vuxenrollerna samtidigt som de l\u00e4r sig grundl\u00e4ggande hush\u00e5llssysslor. Produkten \u00e4r idealisk f\u00f6r barn fr\u00e5n 3 \u00e5r och upp\u00e5t. \u2705Egenskaper: \u2714\ufe0f F\u00f6r barn fr\u00e5n [&hellip;]<\/p>\n","protected":false},"featured_media":0,"comment_status":"open","ping_status":"closed","template":"","meta":[],"product_brand":[],"product_cat":[33],"product_tag":[],"class_list":{"0":"post-17740","1":"product","2":"type-product","3":"status-publish","5":"product_cat-okategoriserad","7":"first","8":"instock","9":"shipping-taxable","10":"purchasable","11":"product-type-simple"},"_links":{"self":[{"href":"https:\/\/nordicmart.andreevmaster.com\/sv\/wp-json\/wp\/v2\/product\/17740","targetHints":{"allow":["GET"]}}],"collection":[{"href":"https:\/\/nordicmart.andreevmaster.com\/sv\/wp-json\/wp\/v2\/product"}],"about":[{"href":"https:\/\/nordicmart.andreevmaster.com\/sv\/wp-json\/wp\/v2\/types\/product"}],"replies":[{"embeddable":true,"href":"https:\/\/nordicmart.andreevmaster.com\/sv\/wp-json\/wp\/v2\/comments?post=17740"}],"wp:attachment":[{"href":"https:\/\/nordicmart.andreevmaster.com\/sv\/wp-json\/wp\/v2\/media?parent=17740"}],"wp:term":[{"taxonomy":"product_brand","embeddable":true,"href":"https:\/\/nordicmart.andreevmaster.com\/sv\/wp-json\/wp\/v2\/product_brand?post=17740"},{"taxonomy":"product_cat","embeddable":true,"href":"https:\/\/nordicmart.andreevmaster.com\/sv\/wp-json\/wp\/v2\/product_cat?post=17740"},{"taxonomy":"product_tag","embeddable":true,"href":"https:\/\/nordicmart.andreevmaster.com\/sv\/wp-json\/wp\/v2\/product_tag?post=17740"}],"curies":[{"name":"wp","href":"https:\/\/api.w.org\/{rel}","templated":true}]}}