{"id":17739,"date":"2026-02-27T00:36:25","date_gmt":"2026-02-27T00:36:25","guid":{"rendered":"https:\/\/nordicmart.andreevmaster.com\/product\/viga-polarb-stort-trakok-med-fallbar-bankskiva-skap-med-gardin\/"},"modified":"2026-02-27T08:25:43","modified_gmt":"2026-02-27T08:25:43","slug":"viga-polarb-stort-trakok-med-fallbar-bankskiva-skap-med-gardin","status":"publish","type":"product","link":"https:\/\/nordicmart.andreevmaster.com\/sv\/produkt\/viga-polarb-stort-trakok-med-fallbar-bankskiva-skap-med-gardin\/","title":{"rendered":"VIGA PolarB Stort tr\u00e4k\u00f6k med f\u00e4llbar b\u00e4nkskiva + sk\u00e5p med gardin"},"content":{"rendered":"<p>Detta charmiga tr\u00e4k\u00f6k fr\u00e5n det v\u00e4lk\u00e4nda varum\u00e4rket Viga \u00e4r ett utm\u00e4rkt val om du letar efter ett bra och h\u00e5llbart leksak till ditt barn. K\u00f6ket har designats f\u00f6r att f\u00e5 ditt barn att k\u00e4nna sig som en riktig kock! En speglad fl\u00e4kt, spis och ugn \u00e4r bara n\u00e5gra av alla funktioner som denna leksak har att erbjuda. Under lekens g\u00e5ng stimuleras barnets fantasi, kreativa t\u00e4nkande och f\u00f6rm\u00e5ga att l\u00e4ra sig anv\u00e4nda k\u00f6ksredskap. <\/p>\n<p>Egenskaper:<\/p>\n<p>* &#8211; Leksak f\u00f6r barn fr\u00e5n 3 \u00e5r<br \/>\n* &#8211; Vackra f\u00e4rger, bra finish<br \/>\n* &#8211; Under lekens g\u00e5ng l\u00e4r sig barnet att ta ansvar f\u00f6r sin egen oreda och st\u00e4da upp efter sig<br \/>\n* &#8211; Tillbeh\u00f6r precis som i ett riktigt k\u00f6k<br \/>\n* &#8211; L\u00e4tt att montera, helt s\u00e4kert f\u00f6r barn<\/p>\n<p>Satsen inneh\u00e5ller:<\/p>\n<p>* en ugn med en charmig glasdesign med ett bj\u00f6rnhuvud<br \/>\n* en kastrull, 2 tallrikar och en stekpanna<br \/>\n* ett sk\u00e5p med en gardin av mjukt tyg<br \/>\n* en r\u00f6rlig kran vid diskb\u00e4nken och vred f\u00f6r spisen och ugnen<br \/>\n* kryddhylla med salt- och pepparkar<br \/>\n* f\u00e4llbart sidobord \u2013 f\u00f6r att sk\u00e4ra eller \u00e4ta vid<br \/>\n* krok f\u00f6r att h\u00e4nga k\u00f6ksredskap: skedar, spatlar, knivar och sk\u00e4rbr\u00e4dor<\/p>\n<p>K\u00f6kets m\u00e5tt: 72,9 x 30 x 64,2 (cm)<\/p>\n","protected":false},"excerpt":{"rendered":"<p>Detta charmiga tr\u00e4k\u00f6k fr\u00e5n det v\u00e4lk\u00e4nda varum\u00e4rket Viga \u00e4r ett utm\u00e4rkt val om du letar efter ett bra och h\u00e5llbart leksak till ditt barn. K\u00f6ket har designats f\u00f6r att f\u00e5 ditt barn att k\u00e4nna sig som en riktig kock! En speglad fl\u00e4kt, spis och ugn \u00e4r bara n\u00e5gra av alla funktioner som denna leksak har [&hellip;]<\/p>\n","protected":false},"featured_media":0,"comment_status":"open","ping_status":"closed","template":"","meta":[],"product_brand":[],"product_cat":[33],"product_tag":[],"class_list":{"0":"post-17739","1":"product","2":"type-product","3":"status-publish","5":"product_cat-okategoriserad","7":"first","8":"instock","9":"shipping-taxable","10":"purchasable","11":"product-type-simple"},"_links":{"self":[{"href":"https:\/\/nordicmart.andreevmaster.com\/sv\/wp-json\/wp\/v2\/product\/17739","targetHints":{"allow":["GET"]}}],"collection":[{"href":"https:\/\/nordicmart.andreevmaster.com\/sv\/wp-json\/wp\/v2\/product"}],"about":[{"href":"https:\/\/nordicmart.andreevmaster.com\/sv\/wp-json\/wp\/v2\/types\/product"}],"replies":[{"embeddable":true,"href":"https:\/\/nordicmart.andreevmaster.com\/sv\/wp-json\/wp\/v2\/comments?post=17739"}],"wp:attachment":[{"href":"https:\/\/nordicmart.andreevmaster.com\/sv\/wp-json\/wp\/v2\/media?parent=17739"}],"wp:term":[{"taxonomy":"product_brand","embeddable":true,"href":"https:\/\/nordicmart.andreevmaster.com\/sv\/wp-json\/wp\/v2\/product_brand?post=17739"},{"taxonomy":"product_cat","embeddable":true,"href":"https:\/\/nordicmart.andreevmaster.com\/sv\/wp-json\/wp\/v2\/product_cat?post=17739"},{"taxonomy":"product_tag","embeddable":true,"href":"https:\/\/nordicmart.andreevmaster.com\/sv\/wp-json\/wp\/v2\/product_tag?post=17739"}],"curies":[{"name":"wp","href":"https:\/\/api.w.org\/{rel}","templated":true}]}}