{"id":17737,"date":"2026-02-27T00:36:24","date_gmt":"2026-02-27T00:36:24","guid":{"rendered":"https:\/\/nordicmart.andreevmaster.com\/product\/viga-polarb-tramarknadsstandsset-xxl-marknadsstandstillbehor-butik\/"},"modified":"2026-02-27T08:25:43","modified_gmt":"2026-02-27T08:25:43","slug":"viga-polarb-tramarknadsstandsset-xxl-marknadsstandstillbehor-butik","status":"publish","type":"product","link":"https:\/\/nordicmart.andreevmaster.com\/sv\/produkt\/viga-polarb-tramarknadsstandsset-xxl-marknadsstandstillbehor-butik\/","title":{"rendered":"VIGA PolarB Tr\u00e4marknadsst\u00e5ndsset XXl Marknadsst\u00e5ndstillbeh\u00f6r Butik"},"content":{"rendered":"<p>Tr\u00e4marknadsst\u00e5ndet fr\u00e5n VIGA tar rollspelet som butiksinnehavare till en ny niv\u00e5. St\u00e5ndet \u00e4r tillverkat av massivt tr\u00e4 och m\u00e5lat i pastellgr\u00f6na nyanser och kommer garanterat att charma dina barn och bli deras favoritlekh\u00f6rna. Det har tv\u00e5 hyllor, den \u00f6vre \u00e4r uppdelad i tre separata fack, en tygkapell, en liten tavla f\u00f6r att beskriva varorna som s\u00e4ljs och skriva priser, samt en liten klocka f\u00f6r att locka kundernas uppm\u00e4rksamhet. Setet inneh\u00e5ller 18 livsmedel, s\u00e5 st\u00e5ndet kommer aldrig att vara tomt.<br \/>\nEgenskaper:<br \/>\n* &#8211; leksak f\u00f6r barn fr\u00e5n 3 \u00e5r<br \/>\n* &#8211; setet inneh\u00e5ller 18 livsmedel<br \/>\n* &#8211; liten tavla f\u00f6r att skriva ner produktpriser<br \/>\n* &#8211; klocka f\u00f6r att locka kundernas uppm\u00e4rksamhet<br \/>\n* &#8211; kan bli en favoritlekh\u00f6rna f\u00f6r rollspel<br \/>\n* &#8211; tillverkad av massivt tr\u00e4 m\u00e5lat med giftfria f\u00e4rger<\/p>\n<p>Leksaken utvecklar:<\/p>\n<p>* &#8211; fantasi<br \/>\n* &#8211; sociala och kommunikativa f\u00e4rdigheter<br \/>\n* &#8211; logiskt t\u00e4nkande<\/p>\n","protected":false},"excerpt":{"rendered":"<p>Tr\u00e4marknadsst\u00e5ndet fr\u00e5n VIGA tar rollspelet som butiksinnehavare till en ny niv\u00e5. St\u00e5ndet \u00e4r tillverkat av massivt tr\u00e4 och m\u00e5lat i pastellgr\u00f6na nyanser och kommer garanterat att charma dina barn och bli deras favoritlekh\u00f6rna. Det har tv\u00e5 hyllor, den \u00f6vre \u00e4r uppdelad i tre separata fack, en tygkapell, en liten tavla f\u00f6r att beskriva varorna som [&hellip;]<\/p>\n","protected":false},"featured_media":0,"comment_status":"open","ping_status":"closed","template":"","meta":[],"product_brand":[],"product_cat":[33],"product_tag":[],"class_list":{"0":"post-17737","1":"product","2":"type-product","3":"status-publish","5":"product_cat-okategoriserad","7":"first","8":"instock","9":"shipping-taxable","10":"purchasable","11":"product-type-simple"},"_links":{"self":[{"href":"https:\/\/nordicmart.andreevmaster.com\/sv\/wp-json\/wp\/v2\/product\/17737","targetHints":{"allow":["GET"]}}],"collection":[{"href":"https:\/\/nordicmart.andreevmaster.com\/sv\/wp-json\/wp\/v2\/product"}],"about":[{"href":"https:\/\/nordicmart.andreevmaster.com\/sv\/wp-json\/wp\/v2\/types\/product"}],"replies":[{"embeddable":true,"href":"https:\/\/nordicmart.andreevmaster.com\/sv\/wp-json\/wp\/v2\/comments?post=17737"}],"wp:attachment":[{"href":"https:\/\/nordicmart.andreevmaster.com\/sv\/wp-json\/wp\/v2\/media?parent=17737"}],"wp:term":[{"taxonomy":"product_brand","embeddable":true,"href":"https:\/\/nordicmart.andreevmaster.com\/sv\/wp-json\/wp\/v2\/product_brand?post=17737"},{"taxonomy":"product_cat","embeddable":true,"href":"https:\/\/nordicmart.andreevmaster.com\/sv\/wp-json\/wp\/v2\/product_cat?post=17737"},{"taxonomy":"product_tag","embeddable":true,"href":"https:\/\/nordicmart.andreevmaster.com\/sv\/wp-json\/wp\/v2\/product_tag?post=17737"}],"curies":[{"name":"wp","href":"https:\/\/api.w.org\/{rel}","templated":true}]}}