{"id":17736,"date":"2026-02-27T00:36:24","date_gmt":"2026-02-27T00:36:24","guid":{"rendered":"https:\/\/nordicmart.andreevmaster.com\/product\/viga-polarb-pedagogisk-8-i-1-aktivitetskub\/"},"modified":"2026-02-27T08:25:43","modified_gmt":"2026-02-27T08:25:43","slug":"viga-polarb-pedagogisk-8-i-1-aktivitetskub","status":"publish","type":"product","link":"https:\/\/nordicmart.andreevmaster.com\/sv\/produkt\/viga-polarb-pedagogisk-8-i-1-aktivitetskub\/","title":{"rendered":"VIGA PolarB Pedagogisk 8-i-1-aktivitetskub"},"content":{"rendered":"<p>8-i-1-aktivitetskuben fr\u00e5n Viga \u00e4r en fantastisk leksak som p\u00e5 ett genialt s\u00e4tt kombinerar sk\u00f6nhet med lek och l\u00e4rande. Den har uppm\u00e4rksammats i USA, d\u00e4r den 2023 tilldelades det prestigefyllda PAL Awards 2023 av certifierade logopeder. Denna m\u00e5ngsidiga kub \u00f6ppnar upp en ny v\u00e4rld av m\u00f6jligheter f\u00f6r unga sinnen, st\u00f6der kognitiv utveckling och spr\u00e5kkunskaper och st\u00e4rker meningsfulla interaktioner mellan barn och v\u00e5rdgivare. Genom lek m\u00f6jligg\u00f6r den introduktionen av nya ord och begrepp och uppmuntrar sj\u00e4lvst\u00e4ndigt t\u00e4nkande. Denna pedagogiska kub har 8 olika aktiviteter som \u00e4r utformade f\u00f6r att ta itu med olika aspekter av barns utveckling och berika inl\u00e4rningen. Formsorteraren, motorloopen och det roterande hjulet m\u00f6jligg\u00f6r \u00f6vning av hand-\u00f6ga-koordination, finmotorik och rumslig f\u00f6rst\u00e5else. Xylofonen och tavlan utvecklar kreativiteten, medan spegeln och blockdragningsluckan st\u00f6der utvecklingen av kognitiva f\u00e4rdigheter. Den \u00e5ttonde och sista aktiviteten \u00e4r en v\u00e4gg med djur g\u00f6mda bakom flikar som motsvarar deras mat.Egenskaper:<\/p>\n<p>* &#8211; leksak f\u00f6r barn fr\u00e5n 18 m\u00e5nader<br \/>\n* &#8211; aktivitetskuben vann PAL Awards 2023 i USA<br \/>\n* &#8211; inneh\u00e5ller 8 aktiviteter: sammankopplade block, sorterare, spegel, xylofon, tavla, snurrande hjul, blockborttagningssk\u00e4rm och en v\u00e4gg med dolda djur bakom bilder av deras mat<br \/>\n* &#8211; st\u00f6der olika aspekter av barns utveckling genom lek<br \/>\n* &#8211; kan anv\u00e4ndas f\u00f6r att introducera nya ord och begrepp<br \/>\n* &#8211; uppmuntrar sj\u00e4lvst\u00e4ndigt t\u00e4nkande<br \/>\n* &#8211; tillverkad av lackerat tr\u00e4<\/p>\n<p>Leksaken utvecklar:<\/p>\n<p>* &#8211; logiskt t\u00e4nkande<br \/>\n* &#8211; finmotorik<br \/>\n* &#8211; hand-\u00f6ga-koordination<br \/>\n* &#8211; kreativitet<br \/>\n* &#8211; koncentration<\/p>\n","protected":false},"excerpt":{"rendered":"<p>8-i-1-aktivitetskuben fr\u00e5n Viga \u00e4r en fantastisk leksak som p\u00e5 ett genialt s\u00e4tt kombinerar sk\u00f6nhet med lek och l\u00e4rande. Den har uppm\u00e4rksammats i USA, d\u00e4r den 2023 tilldelades det prestigefyllda PAL Awards 2023 av certifierade logopeder. Denna m\u00e5ngsidiga kub \u00f6ppnar upp en ny v\u00e4rld av m\u00f6jligheter f\u00f6r unga sinnen, st\u00f6der kognitiv utveckling och spr\u00e5kkunskaper och st\u00e4rker [&hellip;]<\/p>\n","protected":false},"featured_media":0,"comment_status":"open","ping_status":"closed","template":"","meta":[],"product_brand":[],"product_cat":[33],"product_tag":[],"class_list":{"0":"post-17736","1":"product","2":"type-product","3":"status-publish","5":"product_cat-okategoriserad","7":"first","8":"instock","9":"shipping-taxable","10":"purchasable","11":"product-type-simple"},"_links":{"self":[{"href":"https:\/\/nordicmart.andreevmaster.com\/sv\/wp-json\/wp\/v2\/product\/17736","targetHints":{"allow":["GET"]}}],"collection":[{"href":"https:\/\/nordicmart.andreevmaster.com\/sv\/wp-json\/wp\/v2\/product"}],"about":[{"href":"https:\/\/nordicmart.andreevmaster.com\/sv\/wp-json\/wp\/v2\/types\/product"}],"replies":[{"embeddable":true,"href":"https:\/\/nordicmart.andreevmaster.com\/sv\/wp-json\/wp\/v2\/comments?post=17736"}],"wp:attachment":[{"href":"https:\/\/nordicmart.andreevmaster.com\/sv\/wp-json\/wp\/v2\/media?parent=17736"}],"wp:term":[{"taxonomy":"product_brand","embeddable":true,"href":"https:\/\/nordicmart.andreevmaster.com\/sv\/wp-json\/wp\/v2\/product_brand?post=17736"},{"taxonomy":"product_cat","embeddable":true,"href":"https:\/\/nordicmart.andreevmaster.com\/sv\/wp-json\/wp\/v2\/product_cat?post=17736"},{"taxonomy":"product_tag","embeddable":true,"href":"https:\/\/nordicmart.andreevmaster.com\/sv\/wp-json\/wp\/v2\/product_tag?post=17736"}],"curies":[{"name":"wp","href":"https:\/\/api.w.org\/{rel}","templated":true}]}}