{"id":17735,"date":"2026-02-27T00:36:24","date_gmt":"2026-02-27T00:36:24","guid":{"rendered":"https:\/\/nordicmart.andreevmaster.com\/product\/viga-polarb-baby-gym-stand-2\/"},"modified":"2026-02-27T08:25:43","modified_gmt":"2026-02-27T08:25:43","slug":"viga-polarb-baby-gym-stand-2","status":"publish","type":"product","link":"https:\/\/nordicmart.andreevmaster.com\/sv\/produkt\/viga-polarb-baby-gym-stand-2\/","title":{"rendered":"VIGA PolarB Baby Gym Stand"},"content":{"rendered":"<p>Stativ &#8211; Viga PolarB Baby Play Gym rekommenderas f\u00f6r barn fr\u00e5n f\u00f6rsta levnadsm\u00e5naden. Det \u00e4r perfekt f\u00f6r ditt barns f\u00f6rsta lekar. Tack vare de medf\u00f6ljande interaktiva h\u00e4ngena uppmuntrar stativet till lek och stimulerar sinnena och musklerna fr\u00e5n de f\u00f6rsta dagarna i livet.<\/p>\n<p>Egenskaper:<\/p>\n<p>* &#8211; f\u00f6r barn fr\u00e5n f\u00f6rsta levnadsm\u00e5naden,<br \/>\n* &#8211; m\u00e5lad med barnv\u00e4nlig f\u00e4rg,<br \/>\n* &#8211; st\u00e5ngen kan placeras p\u00e5 en matta, golv eller i en spj\u00e4ls\u00e4ng,<br \/>\n* &#8211; h\u00e4ngena ger ifr\u00e5n sig ljud: de skramlar, prasslar och gnisslar.<\/p>\n<p>Leksaken utvecklar:<\/p>\n<p>* &#8211; psykomotoriska f\u00e4rdigheter,<br \/>\n* &#8211; hand-\u00f6ga-koordination,<br \/>\n* &#8211; logiskt t\u00e4nkande,<br \/>\n* &#8211; motoriska f\u00e4rdigheter,<br \/>\n* &#8211; nyfikenhet.<\/p>\n","protected":false},"excerpt":{"rendered":"<p>Stativ &#8211; Viga PolarB Baby Play Gym rekommenderas f\u00f6r barn fr\u00e5n f\u00f6rsta levnadsm\u00e5naden. Det \u00e4r perfekt f\u00f6r ditt barns f\u00f6rsta lekar. Tack vare de medf\u00f6ljande interaktiva h\u00e4ngena uppmuntrar stativet till lek och stimulerar sinnena och musklerna fr\u00e5n de f\u00f6rsta dagarna i livet. Egenskaper: * &#8211; f\u00f6r barn fr\u00e5n f\u00f6rsta levnadsm\u00e5naden, * &#8211; m\u00e5lad med barnv\u00e4nlig [&hellip;]<\/p>\n","protected":false},"featured_media":0,"comment_status":"open","ping_status":"closed","template":"","meta":[],"product_brand":[],"product_cat":[33],"product_tag":[],"class_list":{"0":"post-17735","1":"product","2":"type-product","3":"status-publish","5":"product_cat-okategoriserad","7":"first","8":"instock","9":"shipping-taxable","10":"purchasable","11":"product-type-simple"},"_links":{"self":[{"href":"https:\/\/nordicmart.andreevmaster.com\/sv\/wp-json\/wp\/v2\/product\/17735","targetHints":{"allow":["GET"]}}],"collection":[{"href":"https:\/\/nordicmart.andreevmaster.com\/sv\/wp-json\/wp\/v2\/product"}],"about":[{"href":"https:\/\/nordicmart.andreevmaster.com\/sv\/wp-json\/wp\/v2\/types\/product"}],"replies":[{"embeddable":true,"href":"https:\/\/nordicmart.andreevmaster.com\/sv\/wp-json\/wp\/v2\/comments?post=17735"}],"wp:attachment":[{"href":"https:\/\/nordicmart.andreevmaster.com\/sv\/wp-json\/wp\/v2\/media?parent=17735"}],"wp:term":[{"taxonomy":"product_brand","embeddable":true,"href":"https:\/\/nordicmart.andreevmaster.com\/sv\/wp-json\/wp\/v2\/product_brand?post=17735"},{"taxonomy":"product_cat","embeddable":true,"href":"https:\/\/nordicmart.andreevmaster.com\/sv\/wp-json\/wp\/v2\/product_cat?post=17735"},{"taxonomy":"product_tag","embeddable":true,"href":"https:\/\/nordicmart.andreevmaster.com\/sv\/wp-json\/wp\/v2\/product_tag?post=17735"}],"curies":[{"name":"wp","href":"https:\/\/api.w.org\/{rel}","templated":true}]}}