{"id":17733,"date":"2026-02-27T00:36:23","date_gmt":"2026-02-27T00:36:23","guid":{"rendered":"https:\/\/nordicmart.andreevmaster.com\/product\/viga-polarb-trakok-med-ljus-och-ljud-tillbehor\/"},"modified":"2026-02-27T08:25:42","modified_gmt":"2026-02-27T08:25:42","slug":"viga-polarb-trakok-med-ljus-och-ljud-tillbehor","status":"publish","type":"product","link":"https:\/\/nordicmart.andreevmaster.com\/sv\/produkt\/viga-polarb-trakok-med-ljus-och-ljud-tillbehor\/","title":{"rendered":"VIGA PolarB Tr\u00e4k\u00f6k med ljus och ljud + tillbeh\u00f6r"},"content":{"rendered":"<p>Att laga mat tillsammans \u00e4r ett utm\u00e4rkt s\u00e4tt att l\u00e4ra sig genom lek. Varje k\u00f6k har en diskb\u00e4nk, ugn och spis d\u00e4r du kan laga dina favoritr\u00e4tter f\u00f6r hela familjen. Ett underbart leksaksk\u00f6k f\u00f6r barn, d\u00e4r de kan laga och f\u00f6rbereda l\u00e4ckra m\u00e5ltider f\u00f6r familj och v\u00e4nner. Genom att l\u00e4ra sig anv\u00e4nda k\u00f6ksredskap medan de leker stimuleras barnens kreativa t\u00e4nkande och fantasi p\u00e5 ett perfekt s\u00e4tt.<\/p>\n<p>Funktioner:<\/p>\n<p>* &#8211; k\u00f6ket har diskb\u00e4nk, ugn, spis, mikrov\u00e5gsugn, kylsk\u00e5p,<br \/>\n* &#8211; du hittar n\u00f6dv\u00e4ndiga k\u00f6ksredskap &#8211; en kastrull med lock, en stekpanna, en sked, en h\u00e5lslev, en spatel, gr\u00f6nsaker, salt- och pepparkar,<br \/>\n* &#8211; 3 r\u00f6rliga vred,* &#8211; efter matlagningen kan barnet diska i diskb\u00e4nken och laga mat igen,<br \/>\n* &#8211; under diskb\u00e4nken finns ett kylsk\u00e5p med en tavla d\u00e4r man kan skriva ner recept,<br \/>\n* &#8211; ett sk\u00e5p f\u00f6r f\u00f6rvaring av egen mat,<br \/>\n* &#8211; under lek l\u00e4r sig barnet att ta ansvar f\u00f6r sin egen oreda och st\u00e4da upp,* &#8211; hela leksaken \u00e4r tillverkad av lackerat tr\u00e4 och m\u00e5lad med giftfria f\u00e4rger i &#8221;pol\u00e4ra&#8221; f\u00e4rger som kommer att tillfredsst\u00e4lla alla anv\u00e4ndare och ge dem mycket gl\u00e4dje. Leksaken utvecklar: * &#8211; kreativitet, * &#8211; fantasi, * &#8211; sociala f\u00e4rdigheter.<\/p>\n","protected":false},"excerpt":{"rendered":"<p>Att laga mat tillsammans \u00e4r ett utm\u00e4rkt s\u00e4tt att l\u00e4ra sig genom lek. Varje k\u00f6k har en diskb\u00e4nk, ugn och spis d\u00e4r du kan laga dina favoritr\u00e4tter f\u00f6r hela familjen. Ett underbart leksaksk\u00f6k f\u00f6r barn, d\u00e4r de kan laga och f\u00f6rbereda l\u00e4ckra m\u00e5ltider f\u00f6r familj och v\u00e4nner. Genom att l\u00e4ra sig anv\u00e4nda k\u00f6ksredskap medan de [&hellip;]<\/p>\n","protected":false},"featured_media":0,"comment_status":"open","ping_status":"closed","template":"","meta":[],"product_brand":[],"product_cat":[33],"product_tag":[],"class_list":{"0":"post-17733","1":"product","2":"type-product","3":"status-publish","5":"product_cat-okategoriserad","7":"first","8":"instock","9":"shipping-taxable","10":"purchasable","11":"product-type-simple"},"_links":{"self":[{"href":"https:\/\/nordicmart.andreevmaster.com\/sv\/wp-json\/wp\/v2\/product\/17733","targetHints":{"allow":["GET"]}}],"collection":[{"href":"https:\/\/nordicmart.andreevmaster.com\/sv\/wp-json\/wp\/v2\/product"}],"about":[{"href":"https:\/\/nordicmart.andreevmaster.com\/sv\/wp-json\/wp\/v2\/types\/product"}],"replies":[{"embeddable":true,"href":"https:\/\/nordicmart.andreevmaster.com\/sv\/wp-json\/wp\/v2\/comments?post=17733"}],"wp:attachment":[{"href":"https:\/\/nordicmart.andreevmaster.com\/sv\/wp-json\/wp\/v2\/media?parent=17733"}],"wp:term":[{"taxonomy":"product_brand","embeddable":true,"href":"https:\/\/nordicmart.andreevmaster.com\/sv\/wp-json\/wp\/v2\/product_brand?post=17733"},{"taxonomy":"product_cat","embeddable":true,"href":"https:\/\/nordicmart.andreevmaster.com\/sv\/wp-json\/wp\/v2\/product_cat?post=17733"},{"taxonomy":"product_tag","embeddable":true,"href":"https:\/\/nordicmart.andreevmaster.com\/sv\/wp-json\/wp\/v2\/product_tag?post=17733"}],"curies":[{"name":"wp","href":"https:\/\/api.w.org\/{rel}","templated":true}]}}