{"id":17731,"date":"2026-02-27T00:36:22","date_gmt":"2026-02-27T00:36:22","guid":{"rendered":"https:\/\/nordicmart.andreevmaster.com\/product\/viga-polarb-shop-konditori-glassbar-3-i-1\/"},"modified":"2026-02-27T08:25:42","modified_gmt":"2026-02-27T08:25:42","slug":"viga-polarb-shop-konditori-glassbar-3-i-1","status":"publish","type":"product","link":"https:\/\/nordicmart.andreevmaster.com\/sv\/produkt\/viga-polarb-shop-konditori-glassbar-3-i-1\/","title":{"rendered":"VIGA PolarB Shop Konditori Glassbar 3-i-1"},"content":{"rendered":"<p>PolarB 3-i-1 Shop, Bageri och Glassbar \u00e4r den perfekta presenten f\u00f6r sm\u00e5 bagare. Satsen \u00e4r idealisk f\u00f6r barn som vill leka butiksinnehavare eller bagare. Med denna leksak kommer ditt barn att k\u00e4nna sig som en professionell konditor. Leksaken har m\u00e5nga sm\u00e5 tillbeh\u00f6r som klubbor, glass, v\u00e5fflor och toppings. Vagnen har en hylla som kan \u00f6ppnas och anv\u00e4ndas f\u00f6r att f\u00f6rvara olika saker. Hela leksaken \u00e4r m\u00e5lad med giftfria f\u00e4rger i mjuka f\u00e4rger som lockar barns uppm\u00e4rksamhet.<\/p>\n<p>Egenskaper:<\/p>\n<p>* &#8211; setet kan anv\u00e4ndas som bageri, glassbar eller butik,<br \/>\n* &#8211; setet \u00e4r perfekt f\u00f6r rollspel som f\u00f6rs\u00e4ljare,<br \/>\n* &#8211; setet inneh\u00e5ller m\u00e5nga tillbeh\u00f6r \u2013 glass, klubbor, v\u00e5fflor, toppings,<br \/>\n* &#8211; vagnen \u00e4r utrustad med en liten hylla,<br \/>\n* &#8211; hela setet \u00e4r m\u00e5lat med giftfria f\u00e4rger,<br \/>\n* &#8211; setet har en mjuk f\u00e4rgskala som lockar barnens uppm\u00e4rksamhet.<\/p>\n<p>Leksaken utvecklar:<\/p>\n<p>* &#8211; kreativitet,<br \/>\n* &#8211; fantasi,<br \/>\n* &#8211; rollspelsf\u00f6rm\u00e5ga,<br \/>\n* &#8211; kommunikation,<br \/>\n* &#8211; logiskt t\u00e4nkande.<\/p>\n<p>VIGA TOYS \u00e4r vackra, v\u00e4l designade och s\u00e4kra tr\u00e4leksaker. \u00d6ver 20 \u00e5rs erfarenhet garanterar kvalitet och utm\u00e4rkt design. Sortimentet av tr\u00e4leksaker omfattar: k\u00f6k, tillbeh\u00f6r, g\u00e5stolar, cyklar, pedagogiska leksaker, musikleksaker, sn\u00f6rleksaker, skicklighetsleksaker, platta klossar, rumsliga klossar, t\u00e5g och t\u00e5gsatser, lekstugor och teatrar, pussel, spel, minileksaker, skolmaterial och mycket mer.<\/p>\n","protected":false},"excerpt":{"rendered":"<p>PolarB 3-i-1 Shop, Bageri och Glassbar \u00e4r den perfekta presenten f\u00f6r sm\u00e5 bagare. Satsen \u00e4r idealisk f\u00f6r barn som vill leka butiksinnehavare eller bagare. Med denna leksak kommer ditt barn att k\u00e4nna sig som en professionell konditor. Leksaken har m\u00e5nga sm\u00e5 tillbeh\u00f6r som klubbor, glass, v\u00e5fflor och toppings. Vagnen har en hylla som kan \u00f6ppnas [&hellip;]<\/p>\n","protected":false},"featured_media":0,"comment_status":"open","ping_status":"closed","template":"","meta":[],"product_brand":[],"product_cat":[33],"product_tag":[],"class_list":{"0":"post-17731","1":"product","2":"type-product","3":"status-publish","5":"product_cat-okategoriserad","7":"first","8":"instock","9":"shipping-taxable","10":"purchasable","11":"product-type-simple"},"_links":{"self":[{"href":"https:\/\/nordicmart.andreevmaster.com\/sv\/wp-json\/wp\/v2\/product\/17731","targetHints":{"allow":["GET"]}}],"collection":[{"href":"https:\/\/nordicmart.andreevmaster.com\/sv\/wp-json\/wp\/v2\/product"}],"about":[{"href":"https:\/\/nordicmart.andreevmaster.com\/sv\/wp-json\/wp\/v2\/types\/product"}],"replies":[{"embeddable":true,"href":"https:\/\/nordicmart.andreevmaster.com\/sv\/wp-json\/wp\/v2\/comments?post=17731"}],"wp:attachment":[{"href":"https:\/\/nordicmart.andreevmaster.com\/sv\/wp-json\/wp\/v2\/media?parent=17731"}],"wp:term":[{"taxonomy":"product_brand","embeddable":true,"href":"https:\/\/nordicmart.andreevmaster.com\/sv\/wp-json\/wp\/v2\/product_brand?post=17731"},{"taxonomy":"product_cat","embeddable":true,"href":"https:\/\/nordicmart.andreevmaster.com\/sv\/wp-json\/wp\/v2\/product_cat?post=17731"},{"taxonomy":"product_tag","embeddable":true,"href":"https:\/\/nordicmart.andreevmaster.com\/sv\/wp-json\/wp\/v2\/product_tag?post=17731"}],"curies":[{"name":"wp","href":"https:\/\/api.w.org\/{rel}","templated":true}]}}