{"id":17730,"date":"2026-02-27T00:36:22","date_gmt":"2026-02-27T00:36:22","guid":{"rendered":"https:\/\/nordicmart.andreevmaster.com\/product\/viga-polarb-trakok-med-tillbehor-eco-grey\/"},"modified":"2026-02-27T08:25:41","modified_gmt":"2026-02-27T08:25:41","slug":"viga-polarb-trakok-med-tillbehor-eco-grey","status":"publish","type":"product","link":"https:\/\/nordicmart.andreevmaster.com\/sv\/produkt\/viga-polarb-trakok-med-tillbehor-eco-grey\/","title":{"rendered":"VIGA PolarB Tr\u00e4k\u00f6k med tillbeh\u00f6r Eco Grey"},"content":{"rendered":"<p>Att laga mat tillsammans \u00e4r ett utm\u00e4rkt s\u00e4tt att l\u00e4ra sig genom lek. Varje k\u00f6k har diskho, ugn och spis d\u00e4r du kan laga dina favoritr\u00e4tter f\u00f6r hela familjen. Ett underbart leksaksk\u00f6k f\u00f6r barn, d\u00e4r de kan laga och f\u00f6rbereda l\u00e4ckra m\u00e5ltider f\u00f6r familj och v\u00e4nner. Genom att leka l\u00e4r sig barnen att anv\u00e4nda k\u00f6ksredskap, t\u00e4nka kreativt och stimulera sin fantasi. <\/p>\n<p>Egenskaper:<\/p>\n<p>* &#8211; k\u00f6ket har diskho, ugn och spis,<br \/>\n* &#8211; du hittar n\u00f6dv\u00e4ndiga k\u00f6ksredskap \u2013 en kastrull med lock, en stekpanna med stekt \u00e4gg, en sked, en h\u00e5lslev, en spatel, salt- och pepparkar,<br \/>\n* &#8211; klockan p\u00e5 spisen g\u00f6r att ditt barn kan h\u00e5lla koll p\u00e5 tiden medan det lagar mat eller bakar,<br \/>\n* &#8211; 4 r\u00f6rliga vred,<br \/>\n* &#8211; n\u00e4r barnet vrider p\u00e5 vredet f\u00f6r kryddburkarna h\u00f6r det ett karakteristiskt &#8221;klick&#8221;,<br \/>\n* &#8211; efter matlagningen kan barnet diska i diskb\u00e4nken och laga mat igen,* &#8211; det finns ett sk\u00e5p under diskb\u00e4nken f\u00f6r f\u00f6rvaring av egen mat,<br \/>\n* &#8211; medan barnet leker l\u00e4r det sig att ta ansvar f\u00f6r sin egen oreda och st\u00e4da upp,<br \/>\n* &#8211; hela leksaken \u00e4r tillverkad av lackerat tr\u00e4 och m\u00e5lad med giftfria f\u00e4rger i &#8221;pol\u00e4ra&#8221; f\u00e4rger som kommer att tillfredsst\u00e4lla alla anv\u00e4ndare och ge dem mycket gl\u00e4dje.<\/p>\n<p>Leksaken utvecklar:<\/p>\n<p>* &#8211; kreativitet,<br \/>\n* &#8211; fantasi,<br \/>\n* &#8211; sociala f\u00e4rdigheter.<\/p>\n","protected":false},"excerpt":{"rendered":"<p>Att laga mat tillsammans \u00e4r ett utm\u00e4rkt s\u00e4tt att l\u00e4ra sig genom lek. Varje k\u00f6k har diskho, ugn och spis d\u00e4r du kan laga dina favoritr\u00e4tter f\u00f6r hela familjen. Ett underbart leksaksk\u00f6k f\u00f6r barn, d\u00e4r de kan laga och f\u00f6rbereda l\u00e4ckra m\u00e5ltider f\u00f6r familj och v\u00e4nner. Genom att leka l\u00e4r sig barnen att anv\u00e4nda k\u00f6ksredskap, [&hellip;]<\/p>\n","protected":false},"featured_media":0,"comment_status":"open","ping_status":"closed","template":"","meta":[],"product_brand":[],"product_cat":[33],"product_tag":[],"class_list":{"0":"post-17730","1":"product","2":"type-product","3":"status-publish","5":"product_cat-okategoriserad","7":"first","8":"instock","9":"shipping-taxable","10":"purchasable","11":"product-type-simple"},"_links":{"self":[{"href":"https:\/\/nordicmart.andreevmaster.com\/sv\/wp-json\/wp\/v2\/product\/17730","targetHints":{"allow":["GET"]}}],"collection":[{"href":"https:\/\/nordicmart.andreevmaster.com\/sv\/wp-json\/wp\/v2\/product"}],"about":[{"href":"https:\/\/nordicmart.andreevmaster.com\/sv\/wp-json\/wp\/v2\/types\/product"}],"replies":[{"embeddable":true,"href":"https:\/\/nordicmart.andreevmaster.com\/sv\/wp-json\/wp\/v2\/comments?post=17730"}],"wp:attachment":[{"href":"https:\/\/nordicmart.andreevmaster.com\/sv\/wp-json\/wp\/v2\/media?parent=17730"}],"wp:term":[{"taxonomy":"product_brand","embeddable":true,"href":"https:\/\/nordicmart.andreevmaster.com\/sv\/wp-json\/wp\/v2\/product_brand?post=17730"},{"taxonomy":"product_cat","embeddable":true,"href":"https:\/\/nordicmart.andreevmaster.com\/sv\/wp-json\/wp\/v2\/product_cat?post=17730"},{"taxonomy":"product_tag","embeddable":true,"href":"https:\/\/nordicmart.andreevmaster.com\/sv\/wp-json\/wp\/v2\/product_tag?post=17730"}],"curies":[{"name":"wp","href":"https:\/\/api.w.org\/{rel}","templated":true}]}}