{"id":17726,"date":"2026-02-27T00:36:21","date_gmt":"2026-02-27T00:36:21","guid":{"rendered":"https:\/\/nordicmart.andreevmaster.com\/product\/viga-polarb-trabord-for-pedagogisk-manipulation-montessori-pussel-med-lasning\/"},"modified":"2026-02-27T08:25:41","modified_gmt":"2026-02-27T08:25:41","slug":"viga-polarb-trabord-for-pedagogisk-manipulation-montessori-pussel-med-lasning","status":"publish","type":"product","link":"https:\/\/nordicmart.andreevmaster.com\/sv\/produkt\/viga-polarb-trabord-for-pedagogisk-manipulation-montessori-pussel-med-lasning\/","title":{"rendered":"VIGA PolarB Tr\u00e4bord f\u00f6r pedagogisk manipulation Montessori-pussel med l\u00e5sning"},"content":{"rendered":"<p>Detta pedagogiska tr\u00e4bord kommer att ge sm\u00e5 barn mycket gl\u00e4dje, och medan de leker kommer barnen att tr\u00e4na sin manuella skicklighet och sin uppfattning av f\u00e4rger och former. Metall\u00f6glorna h\u00e5ller f\u00e4rgglada tr\u00e4klossar och tre klossar med bilder p\u00e5 djur \u2013 en bj\u00f6rn, en r\u00e4v och en igelkott. Barnen kan flytta klossarna som de vill och \u00f6va precisionen i fingrarna och h\u00e4nderna. Dessutom finns det under \u00f6glan p\u00e5 bordet andra djur och v\u00e4xter som \u00e4r ett m\u00e5ste i alla djurparker, s\u00e5 barnen kan ocks\u00e5 leka genom att hitta p\u00e5 historier om djurens liv och utveckla sin kreativitet och fantasi. Leksak:<\/p>\n<p>* &#8211; fr\u00e4mjar utvecklingen av motoriska f\u00e4rdigheter,<br \/>\n* &#8211; tr\u00e4nar precisionen i finger- och handr\u00f6relser,<br \/>\n* &#8211; stimulerar kreativitet och fantasi,<br \/>\n* &#8211; l\u00e4r ut f\u00e4rg- och formigenk\u00e4nning.<\/p>\n<p>Hela leksaken \u00e4r tillverkad av lackerat tr\u00e4 och m\u00e5lad med giftfria f\u00e4rger i d\u00e4mpade f\u00e4rger som kommer att tillfredsst\u00e4lla alla anv\u00e4ndare och ge dem mycket gl\u00e4dje.<\/p>\n","protected":false},"excerpt":{"rendered":"<p>Detta pedagogiska tr\u00e4bord kommer att ge sm\u00e5 barn mycket gl\u00e4dje, och medan de leker kommer barnen att tr\u00e4na sin manuella skicklighet och sin uppfattning av f\u00e4rger och former. Metall\u00f6glorna h\u00e5ller f\u00e4rgglada tr\u00e4klossar och tre klossar med bilder p\u00e5 djur \u2013 en bj\u00f6rn, en r\u00e4v och en igelkott. Barnen kan flytta klossarna som de vill och [&hellip;]<\/p>\n","protected":false},"featured_media":0,"comment_status":"open","ping_status":"closed","template":"","meta":[],"product_brand":[],"product_cat":[33],"product_tag":[],"class_list":{"0":"post-17726","1":"product","2":"type-product","3":"status-publish","5":"product_cat-okategoriserad","7":"first","8":"instock","9":"shipping-taxable","10":"purchasable","11":"product-type-simple"},"_links":{"self":[{"href":"https:\/\/nordicmart.andreevmaster.com\/sv\/wp-json\/wp\/v2\/product\/17726","targetHints":{"allow":["GET"]}}],"collection":[{"href":"https:\/\/nordicmart.andreevmaster.com\/sv\/wp-json\/wp\/v2\/product"}],"about":[{"href":"https:\/\/nordicmart.andreevmaster.com\/sv\/wp-json\/wp\/v2\/types\/product"}],"replies":[{"embeddable":true,"href":"https:\/\/nordicmart.andreevmaster.com\/sv\/wp-json\/wp\/v2\/comments?post=17726"}],"wp:attachment":[{"href":"https:\/\/nordicmart.andreevmaster.com\/sv\/wp-json\/wp\/v2\/media?parent=17726"}],"wp:term":[{"taxonomy":"product_brand","embeddable":true,"href":"https:\/\/nordicmart.andreevmaster.com\/sv\/wp-json\/wp\/v2\/product_brand?post=17726"},{"taxonomy":"product_cat","embeddable":true,"href":"https:\/\/nordicmart.andreevmaster.com\/sv\/wp-json\/wp\/v2\/product_cat?post=17726"},{"taxonomy":"product_tag","embeddable":true,"href":"https:\/\/nordicmart.andreevmaster.com\/sv\/wp-json\/wp\/v2\/product_tag?post=17726"}],"curies":[{"name":"wp","href":"https:\/\/api.w.org\/{rel}","templated":true}]}}