{"id":17725,"date":"2026-02-27T00:36:21","date_gmt":"2026-02-27T00:36:21","guid":{"rendered":"https:\/\/nordicmart.andreevmaster.com\/product\/viga-traleksak-for-barn\/"},"modified":"2026-02-27T08:25:41","modified_gmt":"2026-02-27T08:25:41","slug":"viga-traleksak-for-barn","status":"publish","type":"product","link":"https:\/\/nordicmart.andreevmaster.com\/sv\/produkt\/viga-traleksak-for-barn\/","title":{"rendered":"VIGA Tr\u00e4leksak f\u00f6r barn"},"content":{"rendered":"<p>Ett pedagogiskt skjutleksak f\u00f6r barn designat av den v\u00e4lk\u00e4nda leksakstillverkaren Viga Toys. Leksaken \u00e4r avsedd f\u00f6r barn fr\u00e5n 18 m\u00e5nader. Denna funktionella leksak f\u00f6r de yngsta barnen fungerar b\u00e5de som en g\u00e5stol och en pedagogisk panel, tack vare vilken barnen l\u00e4r sig att matcha former och f\u00e4rger. Roterande element i form av kugghjul, sp\u00e5r med djur p\u00e5 panelen och dess sidor kommer att intressera ditt barn och g\u00f6ra leken mer attraktiv. S\u00e4kerhet och stabilitet garanteras av hjul med stort avst\u00e5nd mellan varandra, t\u00e4ckta med halkfritt gummi (repar inte golvet) och ett tr\u00e4handtag. Frontpanelen inneh\u00e5ller:<\/p>\n<p>* &#8211; en klocka med roterande visare,<br \/>\n* &#8211; en motorikloop med f\u00e4rgglada p\u00e4rlor,* &#8211; en cylinder,<br \/>\n* &#8211; en liten igelkott som f\u00e4rdas l\u00e4ngs sp\u00e5ret,<br \/>\n* &#8211; kugghjul<\/p>\n<p>Hela setet \u00e4r tillverkat av lackerat tr\u00e4, m\u00e5lat med barns\u00e4ker f\u00e4rg i d\u00e4mpade f\u00e4rger som kommer att tillfredsst\u00e4lla alla anv\u00e4ndare och ge dem massor av kul. Viga Toys \u00e4r ett varum\u00e4rke som registrerades 2003 men som redan finns i \u00f6ver 60 l\u00e4nder runt om i v\u00e4rlden. Deras innovativa id\u00e9er har f\u00e5tt erk\u00e4nnande i bland annat Europa, USA, Australien och Japan. F\u00f6retagets grundare uppm\u00e4rksammade forskningsresultat som pekade p\u00e5 ett samband mellan lek och l\u00e4rande under de f\u00f6rsta \u00e5ren av barns utveckling. F\u00f6r att hj\u00e4lpa f\u00f6r\u00e4ldrar och utbildningsinstitutioner att uppfostra barn och r\u00e4dda dem fr\u00e5n den virtuella v\u00e4rlden, som kan f\u00f6rvr\u00e4nga verkligheten kraftigt, erbjuder tillverkaren ett innovativt sortiment av produkter tillverkade av naturmaterial som erh\u00e5llits genom milj\u00f6v\u00e4nliga produktionsprocesser.S\u00e4kerheten och kvaliteten p\u00e5 tr\u00e4produkter \u00e4r en prioritet f\u00f6r Vigi, och tillverkaren har s\u00e4kerst\u00e4llt att f\u00e4rgerna som anv\u00e4nds f\u00f6r att m\u00e5la leksakerna uppfyller s\u00e4kerhetsstandarderna EN71 och ASTM.<\/p>\n","protected":false},"excerpt":{"rendered":"<p>Ett pedagogiskt skjutleksak f\u00f6r barn designat av den v\u00e4lk\u00e4nda leksakstillverkaren Viga Toys. Leksaken \u00e4r avsedd f\u00f6r barn fr\u00e5n 18 m\u00e5nader. Denna funktionella leksak f\u00f6r de yngsta barnen fungerar b\u00e5de som en g\u00e5stol och en pedagogisk panel, tack vare vilken barnen l\u00e4r sig att matcha former och f\u00e4rger. Roterande element i form av kugghjul, sp\u00e5r med [&hellip;]<\/p>\n","protected":false},"featured_media":0,"comment_status":"open","ping_status":"closed","template":"","meta":[],"product_brand":[],"product_cat":[33],"product_tag":[],"class_list":{"0":"post-17725","1":"product","2":"type-product","3":"status-publish","5":"product_cat-okategoriserad","7":"first","8":"instock","9":"shipping-taxable","10":"purchasable","11":"product-type-simple"},"_links":{"self":[{"href":"https:\/\/nordicmart.andreevmaster.com\/sv\/wp-json\/wp\/v2\/product\/17725","targetHints":{"allow":["GET"]}}],"collection":[{"href":"https:\/\/nordicmart.andreevmaster.com\/sv\/wp-json\/wp\/v2\/product"}],"about":[{"href":"https:\/\/nordicmart.andreevmaster.com\/sv\/wp-json\/wp\/v2\/types\/product"}],"replies":[{"embeddable":true,"href":"https:\/\/nordicmart.andreevmaster.com\/sv\/wp-json\/wp\/v2\/comments?post=17725"}],"wp:attachment":[{"href":"https:\/\/nordicmart.andreevmaster.com\/sv\/wp-json\/wp\/v2\/media?parent=17725"}],"wp:term":[{"taxonomy":"product_brand","embeddable":true,"href":"https:\/\/nordicmart.andreevmaster.com\/sv\/wp-json\/wp\/v2\/product_brand?post=17725"},{"taxonomy":"product_cat","embeddable":true,"href":"https:\/\/nordicmart.andreevmaster.com\/sv\/wp-json\/wp\/v2\/product_cat?post=17725"},{"taxonomy":"product_tag","embeddable":true,"href":"https:\/\/nordicmart.andreevmaster.com\/sv\/wp-json\/wp\/v2\/product_tag?post=17725"}],"curies":[{"name":"wp","href":"https:\/\/api.w.org\/{rel}","templated":true}]}}