{"id":17724,"date":"2026-02-27T00:36:20","date_gmt":"2026-02-27T00:36:20","guid":{"rendered":"https:\/\/nordicmart.andreevmaster.com\/product\/little-tikes-big-playground-monkey-grove-med-rutschkanor\/"},"modified":"2026-02-27T08:25:40","modified_gmt":"2026-02-27T08:25:40","slug":"little-tikes-big-playground-monkey-grove-med-rutschkanor","status":"publish","type":"product","link":"https:\/\/nordicmart.andreevmaster.com\/sv\/produkt\/little-tikes-big-playground-monkey-grove-med-rutschkanor\/","title":{"rendered":"Little Tikes Big Playground Monkey Grove med rutschkanor"},"content":{"rendered":"<p>Den stora lekplatsen med rutschkanor fr\u00e5n det amerikanska f\u00f6retaget Little Tikes kommer att f\u00e5 alla barn att vilja leka p\u00e5 den. Den har allt som barn beh\u00f6ver f\u00f6r att vara glada. Leken kan \u00e4ga rum p\u00e5 fyra olika niv\u00e5er och p\u00e5 en stor yta under konstruktionen. Den \u00f6versta niv\u00e5n har ett stort f\u00f6nster genom vilket man kan se andra barn leka. Det finns en tunnelpassage mellan plattformarna. Barnen kan leka kurrag\u00f6mma med sina kamrater, kl\u00e4ttra, krypa genom tunnlar och \u00e5ka nerf\u00f6r 90 och 180 cm l\u00e5nga rutschkanor. Utm\u00e4rkt kvalitet. Dessa lekplatser \u00e4r tillverkade av v\u00e4derbest\u00e4ndig plast.<\/p>\n<p>Funktioner och utrustning:<\/p>\n<p>* &#8211; den \u00f6versta niv\u00e5n \u00e4r utrustad med ett stort f\u00f6nster,<br \/>\n* &#8211; det finns en tunnelpassage mellan plattformarna,<br \/>\n* &#8211; barnen kan leka kurrag\u00f6mma med sina kamrater, kl\u00e4ttra, krypa genom tunnlar och \u00e5ka nerf\u00f6r 90 cm och 180 cm l\u00e5nga rutschkanor,* &#8211; utm\u00e4rkt kvalitet p\u00e5 tillverkningen,<br \/>\n* &#8211; tillverkad av v\u00e4derbest\u00e4ndig plast,<br \/>\n* &#8211; maximal vikt f\u00f6r ett barn \u00e4r 45 kg (gr\u00e4nsen \u00e4r 8 barn),<br \/>\n* &#8211; lek kan \u00e4ga rum p\u00e5 4 olika niv\u00e5er och p\u00e5 en stor yta under konstruktionen.Little Tikes-produkter \u00e4r k\u00e4nda och \u00e4lskade p\u00e5 alla kontinenter, i m\u00e5nga hem, bland otaliga leende barn och n\u00f6jda f\u00f6r\u00e4ldrar. Little Tikes tillverkar produkter som garanterar alla n\u00f6dv\u00e4ndiga s\u00e4kerhetsstandarder. Med produktens h\u00e5llbarhet i \u00e5tanke \u00e4r leksakerna designade och tillverkade med den mest l\u00e4mpliga tekniken, n\u00e4mligen \u201drotationsgjutning\u201d, vilket garanterar m\u00e5nga \u00e5rs lekgl\u00e4dje.<\/p>\n","protected":false},"excerpt":{"rendered":"<p>Den stora lekplatsen med rutschkanor fr\u00e5n det amerikanska f\u00f6retaget Little Tikes kommer att f\u00e5 alla barn att vilja leka p\u00e5 den. Den har allt som barn beh\u00f6ver f\u00f6r att vara glada. Leken kan \u00e4ga rum p\u00e5 fyra olika niv\u00e5er och p\u00e5 en stor yta under konstruktionen. Den \u00f6versta niv\u00e5n har ett stort f\u00f6nster genom vilket [&hellip;]<\/p>\n","protected":false},"featured_media":0,"comment_status":"open","ping_status":"closed","template":"","meta":[],"product_brand":[],"product_cat":[33],"product_tag":[],"class_list":{"0":"post-17724","1":"product","2":"type-product","3":"status-publish","5":"product_cat-okategoriserad","7":"first","8":"instock","9":"shipping-taxable","10":"purchasable","11":"product-type-simple"},"_links":{"self":[{"href":"https:\/\/nordicmart.andreevmaster.com\/sv\/wp-json\/wp\/v2\/product\/17724","targetHints":{"allow":["GET"]}}],"collection":[{"href":"https:\/\/nordicmart.andreevmaster.com\/sv\/wp-json\/wp\/v2\/product"}],"about":[{"href":"https:\/\/nordicmart.andreevmaster.com\/sv\/wp-json\/wp\/v2\/types\/product"}],"replies":[{"embeddable":true,"href":"https:\/\/nordicmart.andreevmaster.com\/sv\/wp-json\/wp\/v2\/comments?post=17724"}],"wp:attachment":[{"href":"https:\/\/nordicmart.andreevmaster.com\/sv\/wp-json\/wp\/v2\/media?parent=17724"}],"wp:term":[{"taxonomy":"product_brand","embeddable":true,"href":"https:\/\/nordicmart.andreevmaster.com\/sv\/wp-json\/wp\/v2\/product_brand?post=17724"},{"taxonomy":"product_cat","embeddable":true,"href":"https:\/\/nordicmart.andreevmaster.com\/sv\/wp-json\/wp\/v2\/product_cat?post=17724"},{"taxonomy":"product_tag","embeddable":true,"href":"https:\/\/nordicmart.andreevmaster.com\/sv\/wp-json\/wp\/v2\/product_tag?post=17724"}],"curies":[{"name":"wp","href":"https:\/\/api.w.org\/{rel}","templated":true}]}}