{"id":17723,"date":"2026-02-27T00:36:20","date_gmt":"2026-02-27T00:36:20","guid":{"rendered":"https:\/\/nordicmart.andreevmaster.com\/product\/little-tikes-stor-justerbar-och-hopfallbar-basketkorg-for-barn\/"},"modified":"2026-02-27T08:25:40","modified_gmt":"2026-02-27T08:25:40","slug":"little-tikes-stor-justerbar-och-hopfallbar-basketkorg-for-barn","status":"publish","type":"product","link":"https:\/\/nordicmart.andreevmaster.com\/sv\/produkt\/little-tikes-stor-justerbar-och-hopfallbar-basketkorg-for-barn\/","title":{"rendered":"Little Tikes Stor justerbar och hopf\u00e4llbar basketkorg f\u00f6r barn"},"content":{"rendered":"<p>Denna basketkorg fr\u00e5n det v\u00e4lk\u00e4nda varum\u00e4rket Little Tikes \u00e4r skapad f\u00f6r barn som \u00e4lskar att leka utomhus. Basket \u00e4r ett utm\u00e4rkt gruppspel b\u00e5de hemma och i tr\u00e4dg\u00e5rden. Med fem h\u00f6jdinst\u00e4llningar fr\u00e5n 150 till 210 cm kan barn i olika \u00e5ldrar spela. F\u00f6r enklare f\u00f6rvaring efter lek kan enheten f\u00e4llas ihop. Transporten underl\u00e4ttas av hjul som \u00e4r monterade p\u00e5 basen. Little Tikes leksaker \u00e4r produkter av h\u00f6gsta kvalitet som kommer att tj\u00e4na dina barn i m\u00e5nga \u00e5r. <\/p>\n<p>Egenskaper: <\/p>\n<p>* &#8211; basketkorgen \u00e4r hopf\u00e4llbar f\u00f6r enkel f\u00f6rvaring,<br \/>\n* &#8211; basketkorgen har hjul (l\u00e4tt att flytta),<br \/>\n* &#8211; 5 olika h\u00f6jder,<br \/>\n* &#8211; produkten \u00e4r tillverkad av h\u00f6gkvalitativt material.<\/p>\n<p>Leksaken utvecklar:<\/p>\n<p>* &#8211; manuell skicklighet,<br \/>\n* &#8211; fysisk kondition,<br \/>\n* &#8211; fantasi,<br \/>\n* &#8211; kreativitet.<\/p>\n<p>Little Tikes produkter \u00e4r k\u00e4nda och \u00e4lskade p\u00e5 alla kontinenter, i m\u00e5nga hem, av otaliga leende barn och n\u00f6jda f\u00f6r\u00e4ldrar. Little Tikes tillverkar produkter som uppfyller alla n\u00f6dv\u00e4ndiga s\u00e4kerhetsstandarder. Med produktens h\u00e5llbarhet i \u00e5tanke \u00e4r leksakerna designade och tillverkade med den mest l\u00e4mpliga tekniken, n\u00e4mligen &#8221;rotationsgjutning&#8221;, vilket garanterar m\u00e5nga \u00e5rs lekgl\u00e4dje.<\/p>\n","protected":false},"excerpt":{"rendered":"<p>Denna basketkorg fr\u00e5n det v\u00e4lk\u00e4nda varum\u00e4rket Little Tikes \u00e4r skapad f\u00f6r barn som \u00e4lskar att leka utomhus. Basket \u00e4r ett utm\u00e4rkt gruppspel b\u00e5de hemma och i tr\u00e4dg\u00e5rden. Med fem h\u00f6jdinst\u00e4llningar fr\u00e5n 150 till 210 cm kan barn i olika \u00e5ldrar spela. F\u00f6r enklare f\u00f6rvaring efter lek kan enheten f\u00e4llas ihop. Transporten underl\u00e4ttas av hjul som [&hellip;]<\/p>\n","protected":false},"featured_media":0,"comment_status":"open","ping_status":"closed","template":"","meta":[],"product_brand":[],"product_cat":[33],"product_tag":[],"class_list":{"0":"post-17723","1":"product","2":"type-product","3":"status-publish","5":"product_cat-okategoriserad","7":"first","8":"instock","9":"shipping-taxable","10":"purchasable","11":"product-type-simple"},"_links":{"self":[{"href":"https:\/\/nordicmart.andreevmaster.com\/sv\/wp-json\/wp\/v2\/product\/17723","targetHints":{"allow":["GET"]}}],"collection":[{"href":"https:\/\/nordicmart.andreevmaster.com\/sv\/wp-json\/wp\/v2\/product"}],"about":[{"href":"https:\/\/nordicmart.andreevmaster.com\/sv\/wp-json\/wp\/v2\/types\/product"}],"replies":[{"embeddable":true,"href":"https:\/\/nordicmart.andreevmaster.com\/sv\/wp-json\/wp\/v2\/comments?post=17723"}],"wp:attachment":[{"href":"https:\/\/nordicmart.andreevmaster.com\/sv\/wp-json\/wp\/v2\/media?parent=17723"}],"wp:term":[{"taxonomy":"product_brand","embeddable":true,"href":"https:\/\/nordicmart.andreevmaster.com\/sv\/wp-json\/wp\/v2\/product_brand?post=17723"},{"taxonomy":"product_cat","embeddable":true,"href":"https:\/\/nordicmart.andreevmaster.com\/sv\/wp-json\/wp\/v2\/product_cat?post=17723"},{"taxonomy":"product_tag","embeddable":true,"href":"https:\/\/nordicmart.andreevmaster.com\/sv\/wp-json\/wp\/v2\/product_tag?post=17723"}],"curies":[{"name":"wp","href":"https:\/\/api.w.org\/{rel}","templated":true}]}}