{"id":17722,"date":"2026-02-27T00:36:20","date_gmt":"2026-02-27T00:36:20","guid":{"rendered":"https:\/\/nordicmart.andreevmaster.com\/product\/woopie-octopus-water-table-18-tillbehor\/"},"modified":"2026-02-27T08:25:40","modified_gmt":"2026-02-27T08:25:40","slug":"woopie-octopus-water-table-18-tillbehor","status":"publish","type":"product","link":"https:\/\/nordicmart.andreevmaster.com\/sv\/produkt\/woopie-octopus-water-table-18-tillbehor\/","title":{"rendered":"WOOPIE Octopus Water Table 18 tillbeh\u00f6r"},"content":{"rendered":"<p>Octopus Water Table fr\u00e5n WOOPIE \u00e4r den perfekta leksaken f\u00f6r att leka med vatten och sand. Setet inneh\u00e5ller 18 tillbeh\u00f6r: 3 formar, en bl\u00e4ckfisk, en vattenkanna, en korg, en sandslev och 2 spadar. Barnen kan h\u00e4lla vatten i bordets \u00f6vre del s\u00e5 att det rinner ut genom h\u00e5len i botten eller droppar ner i vattenkvarnarna. Satsen \u00e4r avsedd f\u00f6r lek inomhus och utomhus. Perfekt f\u00f6r lek hemma, p\u00e5 stranden eller i sandl\u00e5dan. <\/p>\n<p>Egenskaper: <\/p>\n<p>* &#8211; fr\u00e5n 3 \u00e5r,<br \/>\n* &#8211; vattenfall + regn,<br \/>\n* &#8211; satsen inneh\u00e5ller tillbeh\u00f6r,<br \/>\n* &#8211; f\u00f6r lek inomhus och utomhus.<\/p>\n<p>Satsen inneh\u00e5ller:<\/p>\n<p>* &#8211; 3 formar,<br \/>\n* &#8211; en bl\u00e4ckfisk,<br \/>\n* &#8211; vattenkanna,<br \/>\n* &#8211; korg,<br \/>\n* &#8211; sandslev,<br \/>\n* &#8211; 2 spadar<\/p>\n<p>&lt;center&gt;&lt;iframe width=&#8221;465&#8243; height=&#8221;826&#8243; src=&#8221;https:\/\/www.youtube.com\/embed\/g8M8v7JONls&#8221; title=&#8221;WOOPIE Bl\u00e4ckfiskvattenbord 18 delar.&#8221; frameborder=&#8221;0&#8243; allow=&#8221;accelerometer; autoplay; clipboard-write; encrypted-media; gyroscope; picture-in-picture; web-share&#8221; allowfullscreen&gt;&lt;\/iframe&gt;&lt;\/center&gt;<\/p>\n","protected":false},"excerpt":{"rendered":"<p>Octopus Water Table fr\u00e5n WOOPIE \u00e4r den perfekta leksaken f\u00f6r att leka med vatten och sand. Setet inneh\u00e5ller 18 tillbeh\u00f6r: 3 formar, en bl\u00e4ckfisk, en vattenkanna, en korg, en sandslev och 2 spadar. Barnen kan h\u00e4lla vatten i bordets \u00f6vre del s\u00e5 att det rinner ut genom h\u00e5len i botten eller droppar ner i vattenkvarnarna. [&hellip;]<\/p>\n","protected":false},"featured_media":0,"comment_status":"open","ping_status":"closed","template":"","meta":[],"product_brand":[],"product_cat":[33],"product_tag":[],"class_list":{"0":"post-17722","1":"product","2":"type-product","3":"status-publish","5":"product_cat-okategoriserad","7":"first","8":"instock","9":"shipping-taxable","10":"purchasable","11":"product-type-simple"},"_links":{"self":[{"href":"https:\/\/nordicmart.andreevmaster.com\/sv\/wp-json\/wp\/v2\/product\/17722","targetHints":{"allow":["GET"]}}],"collection":[{"href":"https:\/\/nordicmart.andreevmaster.com\/sv\/wp-json\/wp\/v2\/product"}],"about":[{"href":"https:\/\/nordicmart.andreevmaster.com\/sv\/wp-json\/wp\/v2\/types\/product"}],"replies":[{"embeddable":true,"href":"https:\/\/nordicmart.andreevmaster.com\/sv\/wp-json\/wp\/v2\/comments?post=17722"}],"wp:attachment":[{"href":"https:\/\/nordicmart.andreevmaster.com\/sv\/wp-json\/wp\/v2\/media?parent=17722"}],"wp:term":[{"taxonomy":"product_brand","embeddable":true,"href":"https:\/\/nordicmart.andreevmaster.com\/sv\/wp-json\/wp\/v2\/product_brand?post=17722"},{"taxonomy":"product_cat","embeddable":true,"href":"https:\/\/nordicmart.andreevmaster.com\/sv\/wp-json\/wp\/v2\/product_cat?post=17722"},{"taxonomy":"product_tag","embeddable":true,"href":"https:\/\/nordicmart.andreevmaster.com\/sv\/wp-json\/wp\/v2\/product_tag?post=17722"}],"curies":[{"name":"wp","href":"https:\/\/api.w.org\/{rel}","templated":true}]}}