{"id":17721,"date":"2026-02-27T00:36:20","date_gmt":"2026-02-27T00:36:20","guid":{"rendered":"https:\/\/nordicmart.andreevmaster.com\/product\/little-tikes-djup-hinkgunga-for-barnsate\/"},"modified":"2026-02-27T08:25:40","modified_gmt":"2026-02-27T08:25:40","slug":"little-tikes-djup-hinkgunga-for-barnsate","status":"publish","type":"product","link":"https:\/\/nordicmart.andreevmaster.com\/sv\/produkt\/little-tikes-djup-hinkgunga-for-barnsate\/","title":{"rendered":"Little Tikes djup hinkgunga f\u00f6r barns\u00e4te"},"content":{"rendered":"<p>Den bl\u00e5 gungan fr\u00e5n det v\u00e4lk\u00e4nda m\u00e4rket Little Tikes kommer att ge ditt barn mycket gl\u00e4dje. Dessutom kommer du att ge honom mycket sp\u00e4nning. Denna gunga kommer att h\u00e5lla ditt barn p\u00e5 gungan leende och glad. Gungan har en justerbar rem, ett djupt s\u00e4te och ett h\u00f6gt ryggst\u00f6d f\u00f6r att h\u00e5lla barnet i r\u00e4tt position, vilket garanterar maximal s\u00e4kerhet. Den r\u00f6rliga tv\u00e4rst\u00e5ngen, som fungerar som st\u00e4ngning, kan h\u00f6jas f\u00f6r att underl\u00e4tta p\u00e5- och avstigning fr\u00e5n gungan. Egenskaper: &#8211; fr\u00e5n 12 m\u00e5nader, &#8211; belastning upp till 23 kg, &#8211; har justerbar rem, &#8211; h\u00f6gt ryggst\u00f6d f\u00f6r att h\u00e5lla barnets huvud, &#8211; repets l\u00e4ngd m\u00e4tt fr\u00e5n ryggst\u00f6det \u00e4r 130 cm (utan krok, krok). Little Tikes st\u00e5r f\u00f6r kreativa l\u00f6sningar och h\u00e5llbarhet, vilket g\u00f6r att du kan njuta av leken i m\u00e5nga \u00e5r. Just d\u00e4rf\u00f6r \u00e4r en av flaggskeppsprodukterna: bilen &#8211; Cozy Coupe\u00ae ride-on, som i mer \u00e4n trettio \u00e5r har glatt de yngsta barnen. Det finns ocks\u00e5 leksaker fr\u00e5n kategorierna: hus, hush\u00e5ll, gungor och lekplatser, gungh\u00e4star och g\u00e5stolar, m\u00f6bler, tr\u00e4dg\u00e5rdsleksaker, barnfordon, rutschkanor och kl\u00e4tterst\u00e4llningar.<\/p>\n","protected":false},"excerpt":{"rendered":"<p>Den bl\u00e5 gungan fr\u00e5n det v\u00e4lk\u00e4nda m\u00e4rket Little Tikes kommer att ge ditt barn mycket gl\u00e4dje. Dessutom kommer du att ge honom mycket sp\u00e4nning. Denna gunga kommer att h\u00e5lla ditt barn p\u00e5 gungan leende och glad. Gungan har en justerbar rem, ett djupt s\u00e4te och ett h\u00f6gt ryggst\u00f6d f\u00f6r att h\u00e5lla barnet i r\u00e4tt position, [&hellip;]<\/p>\n","protected":false},"featured_media":0,"comment_status":"open","ping_status":"closed","template":"","meta":[],"product_brand":[],"product_cat":[33],"product_tag":[],"class_list":{"0":"post-17721","1":"product","2":"type-product","3":"status-publish","5":"product_cat-okategoriserad","7":"first","8":"instock","9":"shipping-taxable","10":"purchasable","11":"product-type-simple"},"_links":{"self":[{"href":"https:\/\/nordicmart.andreevmaster.com\/sv\/wp-json\/wp\/v2\/product\/17721","targetHints":{"allow":["GET"]}}],"collection":[{"href":"https:\/\/nordicmart.andreevmaster.com\/sv\/wp-json\/wp\/v2\/product"}],"about":[{"href":"https:\/\/nordicmart.andreevmaster.com\/sv\/wp-json\/wp\/v2\/types\/product"}],"replies":[{"embeddable":true,"href":"https:\/\/nordicmart.andreevmaster.com\/sv\/wp-json\/wp\/v2\/comments?post=17721"}],"wp:attachment":[{"href":"https:\/\/nordicmart.andreevmaster.com\/sv\/wp-json\/wp\/v2\/media?parent=17721"}],"wp:term":[{"taxonomy":"product_brand","embeddable":true,"href":"https:\/\/nordicmart.andreevmaster.com\/sv\/wp-json\/wp\/v2\/product_brand?post=17721"},{"taxonomy":"product_cat","embeddable":true,"href":"https:\/\/nordicmart.andreevmaster.com\/sv\/wp-json\/wp\/v2\/product_cat?post=17721"},{"taxonomy":"product_tag","embeddable":true,"href":"https:\/\/nordicmart.andreevmaster.com\/sv\/wp-json\/wp\/v2\/product_tag?post=17721"}],"curies":[{"name":"wp","href":"https:\/\/api.w.org\/{rel}","templated":true}]}}