{"id":17720,"date":"2026-02-27T00:36:19","date_gmt":"2026-02-27T00:36:19","guid":{"rendered":"https:\/\/nordicmart.andreevmaster.com\/product\/step2-pump-splash-shady-oasis-vattenlekcenter-med-pump-och-tak\/"},"modified":"2026-02-27T08:25:40","modified_gmt":"2026-02-27T08:25:40","slug":"step2-pump-splash-shady-oasis-vattenlekcenter-med-pump-och-tak","status":"publish","type":"product","link":"https:\/\/nordicmart.andreevmaster.com\/sv\/produkt\/step2-pump-splash-shady-oasis-vattenlekcenter-med-pump-och-tak\/","title":{"rendered":"STEP2 Pump &#038; Splash Shady Oasis vattenlekcenter med pump och tak"},"content":{"rendered":"<p>Pump &#038; Splash Shady Oasis \u2013 ett vattenparadis f\u00f6r barn att leka i!<\/p>\n<p>F\u00f6rvandla din tr\u00e4dg\u00e5rd till ett \u00e4ventyrligt vattenlekcenter med Pump &#038; Splash Shady Oasis\u2122! Denna unika upps\u00e4ttning ger barn timmar av kreativ och aktiv utomhuslek. Den eleganta paviljongtaket skyddar inte bara mot solen, utan skapar ocks\u00e5 en magisk plats full av vatten\u00f6verraskningar.<\/p>\n<p>Funktioner:<\/p>\n<p>\u2714 Aktiv vattenpump: fyll tanken (26,5 l) och s\u00e4tt p\u00e5 vattnet f\u00f6r att starta vatten\u00e4ventyret!<\/p>\n<p>\u2714 R\u00f6rliga element: vattentrattar, snurror, avtagbar damm och en imponerande regnbricka f\u00f6r \u00e4nnu mer skoj.<\/p>\n<p>\u2714 S\u00e4ker baldakin: robust baldakin i marknadsstil med vindflikar och enkelt f\u00e4stsystem.<\/p>\n<p>\u2714 Vattencirkulation: tre tr\u00e5g leder vattnet genom oasen och tillbaka till reservoaren \u2013 o\u00e4ndligt roligt!<\/p>\n<p>\u2714 Barnv\u00e4nligt: l\u00e5g konstruktion och g\u00e5ngbro med g\u00e5ngj\u00e4rn g\u00f6r det l\u00e4tt att komma \u00e5t, \u00e4ven f\u00f6r barn i rullstol.<\/p>\n<p>\u2714 Exceptionell h\u00e5llbarhet: tillverkad av superstark EverTough\u2122-plast, som \u00e4r skadebest\u00e4ndig och l\u00e4tt att reng\u00f6ra.\u2714 Enkel montering: snabb att montera tack vare tydliga instruktioner (vuxens hj\u00e4lp kr\u00e4vs).<\/p>\n<p>\u2714 Ing\u00e5r: vattenoas med pump, reservoar, r\u00e4nnor, bro och 14-delars tillbeh\u00f6rsset.<\/p>\n<p>Tekniska data:<\/p>\n<p>* M\u00e5tt (L x B x H): 120,7 x 120,7 x 152,4 cm<br \/>\n* Material: Rotationsgjuten plast<br \/>\n* Certifikat: CE, EN 71<br \/>\n* Garanti: 3 \u00e5r<br \/>\n* Tankens kapacitet: 26,5 liter<br \/>\n* Sandl\u00e5da, gunga och rutschkana ing\u00e5r ej<\/p>\n<p>M\u00e5tt (L x B x H): 120,7 x 120,7 x 152,4 cm<\/p>\n<p>Material: Rotationsgjuten plast<\/p>\n<p>Certifikat: CE, EN 71<\/p>\n<p>Garanti: 3 \u00e5r<\/p>\n<p>Tankens kapacitet: 26,5 liter<\/p>\n<p>Sandl\u00e5da, gunga och rutschkana ing\u00e5r inte<\/p>\n","protected":false},"excerpt":{"rendered":"<p>Pump &#038; Splash Shady Oasis \u2013 ett vattenparadis f\u00f6r barn att leka i! F\u00f6rvandla din tr\u00e4dg\u00e5rd till ett \u00e4ventyrligt vattenlekcenter med Pump &#038; Splash Shady Oasis\u2122! Denna unika upps\u00e4ttning ger barn timmar av kreativ och aktiv utomhuslek. Den eleganta paviljongtaket skyddar inte bara mot solen, utan skapar ocks\u00e5 en magisk plats full av vatten\u00f6verraskningar. Funktioner: [&hellip;]<\/p>\n","protected":false},"featured_media":0,"comment_status":"open","ping_status":"closed","template":"","meta":[],"product_brand":[],"product_cat":[33],"product_tag":[],"class_list":{"0":"post-17720","1":"product","2":"type-product","3":"status-publish","5":"product_cat-okategoriserad","7":"first","8":"instock","9":"shipping-taxable","10":"purchasable","11":"product-type-simple"},"_links":{"self":[{"href":"https:\/\/nordicmart.andreevmaster.com\/sv\/wp-json\/wp\/v2\/product\/17720","targetHints":{"allow":["GET"]}}],"collection":[{"href":"https:\/\/nordicmart.andreevmaster.com\/sv\/wp-json\/wp\/v2\/product"}],"about":[{"href":"https:\/\/nordicmart.andreevmaster.com\/sv\/wp-json\/wp\/v2\/types\/product"}],"replies":[{"embeddable":true,"href":"https:\/\/nordicmart.andreevmaster.com\/sv\/wp-json\/wp\/v2\/comments?post=17720"}],"wp:attachment":[{"href":"https:\/\/nordicmart.andreevmaster.com\/sv\/wp-json\/wp\/v2\/media?parent=17720"}],"wp:term":[{"taxonomy":"product_brand","embeddable":true,"href":"https:\/\/nordicmart.andreevmaster.com\/sv\/wp-json\/wp\/v2\/product_brand?post=17720"},{"taxonomy":"product_cat","embeddable":true,"href":"https:\/\/nordicmart.andreevmaster.com\/sv\/wp-json\/wp\/v2\/product_cat?post=17720"},{"taxonomy":"product_tag","embeddable":true,"href":"https:\/\/nordicmart.andreevmaster.com\/sv\/wp-json\/wp\/v2\/product_tag?post=17720"}],"curies":[{"name":"wp","href":"https:\/\/api.w.org\/{rel}","templated":true}]}}