{"id":17719,"date":"2026-02-27T00:36:19","date_gmt":"2026-02-27T00:36:19","guid":{"rendered":"https:\/\/nordicmart.andreevmaster.com\/product\/rolly-toys-volvo-rollydigger-sjalvgaende-gravmaskin-roterande-akleksak-svart\/"},"modified":"2026-02-27T08:25:39","modified_gmt":"2026-02-27T08:25:39","slug":"rolly-toys-volvo-rollydigger-sjalvgaende-gravmaskin-roterande-akleksak-svart","status":"publish","type":"product","link":"https:\/\/nordicmart.andreevmaster.com\/sv\/produkt\/rolly-toys-volvo-rollydigger-sjalvgaende-gravmaskin-roterande-akleksak-svart\/","title":{"rendered":"Rolly Toys Volvo rollyDigger sj\u00e4lvg\u00e5ende gr\u00e4vmaskin \u2013 roterande \u00e5kleksak, svart"},"content":{"rendered":"<p>Den VOLVO-licensierade gr\u00e4vmaskinen RollyDigger \u00e4r en h\u00f6gkvalitativ leksak som \u00e4r speciellt utformad f\u00f6r barn fr\u00e5n 3 \u00e5r. Gr\u00e4vmaskinen \u00e4r l\u00e4tt att anv\u00e4nda \u2013 perfekt f\u00f6r tr\u00e4dg\u00e5rden eller stranden. Med denna fullt funktionella leksak kan sm\u00e5 ingenj\u00f6rer skapa sina egna byggarbetsplatser och l\u00e5ta fantasin fl\u00f6da. Gr\u00e4vmaskinen har en imponerande 360\u00b0-rotationsfunktion, vilket g\u00f6r att barn kan r\u00f6ra lastarmen i alla riktningar. Detta g\u00f6r att de enkelt kan samla sand, stenar eller andra material och transportera dem till en annan plats. En speciell funktion hos gr\u00e4vmaskinen \u00e4r den automatiska l\u00e5sningen av lastarmen. Efter att materialet har plockats upp l\u00e5ses armen automatiskt, vilket garanterar s\u00e4ker transport. Detta ger barnen en realistisk lekupplevelse och st\u00f6der deras motoriska f\u00e4rdigheter. Den autentiska designen g\u00f6r RollyDigger till ett riktigt blickf\u00e5ng. Oavsett om det \u00e4r i sandl\u00e5dan, i tr\u00e4dg\u00e5rden eller i lekrummet, ger denna gr\u00e4vmaskin timmar av lekgl\u00e4dje och l\u00e5ter sm\u00e5 byggare uppleva stora \u00e4ventyr. EGENSKAPER:<\/p>\n<p>&#8211; Leksak f\u00f6r barn fr\u00e5n 3 \u00e5r &#8211; Automatisk armsp\u00e4rr \u2013 garanterar s\u00e4ker lek f\u00f6r ditt barn &#8211; Funktionell gr\u00e4vmaskinsbom, 360 graders rotation runt den vertikala axeln &#8211; Ser ut som riktiga fordon &#8211; Elementen kan kombineras och kompletteras f\u00f6r att skapa en underbar samling som unga anv\u00e4ndare kommer att uppskatta<\/p>\n","protected":false},"excerpt":{"rendered":"<p>Den VOLVO-licensierade gr\u00e4vmaskinen RollyDigger \u00e4r en h\u00f6gkvalitativ leksak som \u00e4r speciellt utformad f\u00f6r barn fr\u00e5n 3 \u00e5r. Gr\u00e4vmaskinen \u00e4r l\u00e4tt att anv\u00e4nda \u2013 perfekt f\u00f6r tr\u00e4dg\u00e5rden eller stranden. Med denna fullt funktionella leksak kan sm\u00e5 ingenj\u00f6rer skapa sina egna byggarbetsplatser och l\u00e5ta fantasin fl\u00f6da. Gr\u00e4vmaskinen har en imponerande 360\u00b0-rotationsfunktion, vilket g\u00f6r att barn kan r\u00f6ra [&hellip;]<\/p>\n","protected":false},"featured_media":0,"comment_status":"open","ping_status":"closed","template":"","meta":[],"product_brand":[],"product_cat":[33],"product_tag":[],"class_list":{"0":"post-17719","1":"product","2":"type-product","3":"status-publish","5":"product_cat-okategoriserad","7":"first","8":"instock","9":"shipping-taxable","10":"purchasable","11":"product-type-simple"},"_links":{"self":[{"href":"https:\/\/nordicmart.andreevmaster.com\/sv\/wp-json\/wp\/v2\/product\/17719","targetHints":{"allow":["GET"]}}],"collection":[{"href":"https:\/\/nordicmart.andreevmaster.com\/sv\/wp-json\/wp\/v2\/product"}],"about":[{"href":"https:\/\/nordicmart.andreevmaster.com\/sv\/wp-json\/wp\/v2\/types\/product"}],"replies":[{"embeddable":true,"href":"https:\/\/nordicmart.andreevmaster.com\/sv\/wp-json\/wp\/v2\/comments?post=17719"}],"wp:attachment":[{"href":"https:\/\/nordicmart.andreevmaster.com\/sv\/wp-json\/wp\/v2\/media?parent=17719"}],"wp:term":[{"taxonomy":"product_brand","embeddable":true,"href":"https:\/\/nordicmart.andreevmaster.com\/sv\/wp-json\/wp\/v2\/product_brand?post=17719"},{"taxonomy":"product_cat","embeddable":true,"href":"https:\/\/nordicmart.andreevmaster.com\/sv\/wp-json\/wp\/v2\/product_cat?post=17719"},{"taxonomy":"product_tag","embeddable":true,"href":"https:\/\/nordicmart.andreevmaster.com\/sv\/wp-json\/wp\/v2\/product_tag?post=17719"}],"curies":[{"name":"wp","href":"https:\/\/api.w.org\/{rel}","templated":true}]}}