{"id":17717,"date":"2026-02-27T00:36:18","date_gmt":"2026-02-27T00:36:18","guid":{"rendered":"https:\/\/nordicmart.andreevmaster.com\/product\/rolly-toys-rollydigger-cat-roterande-akbar-gravmaskin-gul\/"},"modified":"2026-02-27T08:25:39","modified_gmt":"2026-02-27T08:25:39","slug":"rolly-toys-rollydigger-cat-roterande-akbar-gravmaskin-gul","status":"publish","type":"product","link":"https:\/\/nordicmart.andreevmaster.com\/sv\/produkt\/rolly-toys-rollydigger-cat-roterande-akbar-gravmaskin-gul\/","title":{"rendered":"Rolly Toys RollyDigger CAT \u2013 Roterande \u00e5kbar gr\u00e4vmaskin Gul"},"content":{"rendered":"<p>RollyDigger CAT-gr\u00e4vmaskinen \u00e4r en h\u00f6gkvalitativ leksak som \u00e4r speciellt utformad f\u00f6r barn fr\u00e5n 3 \u00e5r. Gr\u00e4vmaskinen \u00e4r l\u00e4tt att anv\u00e4nda och perfekt f\u00f6r tr\u00e4dg\u00e5rden eller stranden. Med denna fullt funktionella leksak kan sm\u00e5 ingenj\u00f6rer skapa sina egna byggarbetsplatser och l\u00e5ta fantasin fl\u00f6da. Gr\u00e4vmaskinen har en imponerande 360\u00b0 rotationsfunktion, vilket g\u00f6r att barnen kan r\u00f6ra lastarmen i alla riktningar. Detta g\u00f6r att de enkelt kan samla sand, stenar eller andra material och transportera dem till en annan plats. En speciell funktion hos gr\u00e4vmaskinen \u00e4r den automatiska l\u00e5sningen av lastarmen. Efter att materialet har plockats upp l\u00e5ses armen automatiskt, vilket garanterar s\u00e4ker transport. Detta ger barnen en realistisk lekupplevelse och st\u00f6der deras motoriska f\u00e4rdigheter. Livfulla f\u00e4rger och autentisk design g\u00f6r CAT RollyDigger till ett riktigt blickf\u00e5ng. Oavsett om det \u00e4r i sandl\u00e5dan, tr\u00e4dg\u00e5rden eller lekrummet, ger denna gr\u00e4vmaskin timmar av lekgl\u00e4dje och l\u00e5ter sm\u00e5 byggare uppleva stora \u00e4ventyr. EGENSKAPER:<\/p>\n<p>&#8211; Leksak f\u00f6r barn fr\u00e5n 3 \u00e5r &#8211; Automatisk arml\u00e5sning \u2013 garanterar s\u00e4ker lek f\u00f6r ditt barn &#8211; Funktionell gr\u00e4vmaskinsbom, 360 graders rotation runt den vertikala axeln &#8211; Lastkapacitet upp till ca 50 kg &#8211; Ser ut som riktiga fordon &#8211; Elementen kan kombineras och kompletteras f\u00f6r att skapa en underbar samling som unga anv\u00e4ndare kommer att uppskatta.<\/p>\n","protected":false},"excerpt":{"rendered":"<p>RollyDigger CAT-gr\u00e4vmaskinen \u00e4r en h\u00f6gkvalitativ leksak som \u00e4r speciellt utformad f\u00f6r barn fr\u00e5n 3 \u00e5r. Gr\u00e4vmaskinen \u00e4r l\u00e4tt att anv\u00e4nda och perfekt f\u00f6r tr\u00e4dg\u00e5rden eller stranden. Med denna fullt funktionella leksak kan sm\u00e5 ingenj\u00f6rer skapa sina egna byggarbetsplatser och l\u00e5ta fantasin fl\u00f6da. Gr\u00e4vmaskinen har en imponerande 360\u00b0 rotationsfunktion, vilket g\u00f6r att barnen kan r\u00f6ra lastarmen [&hellip;]<\/p>\n","protected":false},"featured_media":0,"comment_status":"open","ping_status":"closed","template":"","meta":[],"product_brand":[],"product_cat":[33],"product_tag":[],"class_list":{"0":"post-17717","1":"product","2":"type-product","3":"status-publish","5":"product_cat-okategoriserad","7":"first","8":"instock","9":"shipping-taxable","10":"purchasable","11":"product-type-simple"},"_links":{"self":[{"href":"https:\/\/nordicmart.andreevmaster.com\/sv\/wp-json\/wp\/v2\/product\/17717","targetHints":{"allow":["GET"]}}],"collection":[{"href":"https:\/\/nordicmart.andreevmaster.com\/sv\/wp-json\/wp\/v2\/product"}],"about":[{"href":"https:\/\/nordicmart.andreevmaster.com\/sv\/wp-json\/wp\/v2\/types\/product"}],"replies":[{"embeddable":true,"href":"https:\/\/nordicmart.andreevmaster.com\/sv\/wp-json\/wp\/v2\/comments?post=17717"}],"wp:attachment":[{"href":"https:\/\/nordicmart.andreevmaster.com\/sv\/wp-json\/wp\/v2\/media?parent=17717"}],"wp:term":[{"taxonomy":"product_brand","embeddable":true,"href":"https:\/\/nordicmart.andreevmaster.com\/sv\/wp-json\/wp\/v2\/product_brand?post=17717"},{"taxonomy":"product_cat","embeddable":true,"href":"https:\/\/nordicmart.andreevmaster.com\/sv\/wp-json\/wp\/v2\/product_cat?post=17717"},{"taxonomy":"product_tag","embeddable":true,"href":"https:\/\/nordicmart.andreevmaster.com\/sv\/wp-json\/wp\/v2\/product_tag?post=17717"}],"curies":[{"name":"wp","href":"https:\/\/api.w.org\/{rel}","templated":true}]}}