{"id":17715,"date":"2026-02-27T00:36:18","date_gmt":"2026-02-27T00:36:18","guid":{"rendered":"https:\/\/nordicmart.andreevmaster.com\/product\/step2-vattenbord-med-regndusch-hink-och-tratt-djur\/"},"modified":"2026-02-27T08:25:39","modified_gmt":"2026-02-27T08:25:39","slug":"step2-vattenbord-med-regndusch-hink-och-tratt-djur","status":"publish","type":"product","link":"https:\/\/nordicmart.andreevmaster.com\/sv\/produkt\/step2-vattenbord-med-regndusch-hink-och-tratt-djur\/","title":{"rendered":"Step2 Vattenbord med regndusch, hink och tratt + djur"},"content":{"rendered":"<p>M\u00e5ngsidiga vattenlekar b\u00f6rjar med detta bed\u00e5rande vattenbord f\u00f6r barn. Ha kul med vattenlekar. Den dubbelsidiga brickan skapar en realistisk regneffekt \u2013 h\u00e4ll bara i vatten och l\u00e5t leken b\u00f6rja! Vattnet fr\u00e5n brickan p\u00e5 ovansidan skapar en realistisk regneffekt. P\u00e5 ena sidan rinner det ocks\u00e5 ner i en hink som, n\u00e4r den \u00e4r full, roterar och h\u00e4ller ut vattnet, medan det p\u00e5 andra sidan finns en r\u00e4nna som leder vattnet direkt till en snurrande v\u00e4derkvarn. Setet inneh\u00e5ller ocks\u00e5 en trampolin f\u00f6r djur, en hinkh\u00e5llare och en sil. Allt hamnar i plaskdammen l\u00e4ngst ner.<br \/>\nEgenskaper:<br \/>\n* &#8211; f\u00f6r barn fr\u00e5n 2 \u00e5r<br \/>\n* &#8211; Tanken rymmer cirka 15 liter vatten<br \/>\n* &#8211; M\u00e5ste monteras av en vuxen<br \/>\n* &#8211; L\u00e4tt att reng\u00f6ra<br \/>\nOm du prioriterar kvalitet och s\u00e4kerhet n\u00e4r du v\u00e4ljer leksaker till ditt barn kommer hela sortimentet av f\u00e4rgglada Step2-leksaker s\u00e4kert att uppfylla b\u00e5de barnens och f\u00f6r\u00e4ldrarnas f\u00f6rv\u00e4ntningar. Utbudet omfattar bland annat: sandl\u00e5dor, tr\u00e4dg\u00e5rdshus, lekplatser, verkst\u00e4der, \u00e5kleksaker, k\u00f6k och barnm\u00f6bler.<\/p>\n<p>&lt;center&gt;&lt;iframe width=&#8221;1214&#8243; height=&#8221;683&#8243; src=&#8221;https:\/\/www.youtube.com\/embed\/UGge23dXEUI&#8221; title=&#8221;Step2 vattenbord med regndusch, hink och tratt + djur&#8221; frameborder=&#8221;0&#8243; allow=&#8221;accelerometer; autoplay; clipboard-write; encrypted-media; gyroscope; picture-in-picture; web-share&#8221; allowfullscreen&gt;&lt;\/iframe&gt;&lt;\/center&gt;<\/p>\n","protected":false},"excerpt":{"rendered":"<p>M\u00e5ngsidiga vattenlekar b\u00f6rjar med detta bed\u00e5rande vattenbord f\u00f6r barn. Ha kul med vattenlekar. Den dubbelsidiga brickan skapar en realistisk regneffekt \u2013 h\u00e4ll bara i vatten och l\u00e5t leken b\u00f6rja! Vattnet fr\u00e5n brickan p\u00e5 ovansidan skapar en realistisk regneffekt. P\u00e5 ena sidan rinner det ocks\u00e5 ner i en hink som, n\u00e4r den \u00e4r full, roterar och [&hellip;]<\/p>\n","protected":false},"featured_media":0,"comment_status":"open","ping_status":"closed","template":"","meta":[],"product_brand":[],"product_cat":[33],"product_tag":[],"class_list":{"0":"post-17715","1":"product","2":"type-product","3":"status-publish","5":"product_cat-okategoriserad","7":"first","8":"instock","9":"shipping-taxable","10":"purchasable","11":"product-type-simple"},"_links":{"self":[{"href":"https:\/\/nordicmart.andreevmaster.com\/sv\/wp-json\/wp\/v2\/product\/17715","targetHints":{"allow":["GET"]}}],"collection":[{"href":"https:\/\/nordicmart.andreevmaster.com\/sv\/wp-json\/wp\/v2\/product"}],"about":[{"href":"https:\/\/nordicmart.andreevmaster.com\/sv\/wp-json\/wp\/v2\/types\/product"}],"replies":[{"embeddable":true,"href":"https:\/\/nordicmart.andreevmaster.com\/sv\/wp-json\/wp\/v2\/comments?post=17715"}],"wp:attachment":[{"href":"https:\/\/nordicmart.andreevmaster.com\/sv\/wp-json\/wp\/v2\/media?parent=17715"}],"wp:term":[{"taxonomy":"product_brand","embeddable":true,"href":"https:\/\/nordicmart.andreevmaster.com\/sv\/wp-json\/wp\/v2\/product_brand?post=17715"},{"taxonomy":"product_cat","embeddable":true,"href":"https:\/\/nordicmart.andreevmaster.com\/sv\/wp-json\/wp\/v2\/product_cat?post=17715"},{"taxonomy":"product_tag","embeddable":true,"href":"https:\/\/nordicmart.andreevmaster.com\/sv\/wp-json\/wp\/v2\/product_tag?post=17715"}],"curies":[{"name":"wp","href":"https:\/\/api.w.org\/{rel}","templated":true}]}}