{"id":17714,"date":"2026-02-27T00:36:18","date_gmt":"2026-02-27T00:36:18","guid":{"rendered":"https:\/\/nordicmart.andreevmaster.com\/product\/rolly-toys-sopmaskin-for-traktor\/"},"modified":"2026-02-27T08:25:39","modified_gmt":"2026-02-27T08:25:39","slug":"rolly-toys-sopmaskin-for-traktor","status":"publish","type":"product","link":"https:\/\/nordicmart.andreevmaster.com\/sv\/produkt\/rolly-toys-sopmaskin-for-traktor\/","title":{"rendered":"Rolly Toys sopmaskin f\u00f6r traktor"},"content":{"rendered":"<p>Det perfekta tillbeh\u00f6ret till alla Rolly Toys-traktorer.<\/p>\n<p>Egenskaper:<\/p>\n<p>* &#8211; h\u00f6gkvalitativ glansig plast, l\u00e4tt att h\u00e5lla ren,<br \/>\n* &#8211; fullt fungerande sopningssystem,<br \/>\n* &#8211; passar alla ROLLY TOYS-fordon med en fr\u00e4mre monteringskrok,<br \/>\n* &#8211; mycket stabil och h\u00e5llbar konstruktion.<\/p>\n","protected":false},"excerpt":{"rendered":"<p>Det perfekta tillbeh\u00f6ret till alla Rolly Toys-traktorer. Egenskaper: * &#8211; h\u00f6gkvalitativ glansig plast, l\u00e4tt att h\u00e5lla ren, * &#8211; fullt fungerande sopningssystem, * &#8211; passar alla ROLLY TOYS-fordon med en fr\u00e4mre monteringskrok, * &#8211; mycket stabil och h\u00e5llbar konstruktion.<\/p>\n","protected":false},"featured_media":0,"comment_status":"open","ping_status":"closed","template":"","meta":[],"product_brand":[],"product_cat":[33],"product_tag":[],"class_list":{"0":"post-17714","1":"product","2":"type-product","3":"status-publish","5":"product_cat-okategoriserad","7":"first","8":"instock","9":"shipping-taxable","10":"purchasable","11":"product-type-simple"},"_links":{"self":[{"href":"https:\/\/nordicmart.andreevmaster.com\/sv\/wp-json\/wp\/v2\/product\/17714","targetHints":{"allow":["GET"]}}],"collection":[{"href":"https:\/\/nordicmart.andreevmaster.com\/sv\/wp-json\/wp\/v2\/product"}],"about":[{"href":"https:\/\/nordicmart.andreevmaster.com\/sv\/wp-json\/wp\/v2\/types\/product"}],"replies":[{"embeddable":true,"href":"https:\/\/nordicmart.andreevmaster.com\/sv\/wp-json\/wp\/v2\/comments?post=17714"}],"wp:attachment":[{"href":"https:\/\/nordicmart.andreevmaster.com\/sv\/wp-json\/wp\/v2\/media?parent=17714"}],"wp:term":[{"taxonomy":"product_brand","embeddable":true,"href":"https:\/\/nordicmart.andreevmaster.com\/sv\/wp-json\/wp\/v2\/product_brand?post=17714"},{"taxonomy":"product_cat","embeddable":true,"href":"https:\/\/nordicmart.andreevmaster.com\/sv\/wp-json\/wp\/v2\/product_cat?post=17714"},{"taxonomy":"product_tag","embeddable":true,"href":"https:\/\/nordicmart.andreevmaster.com\/sv\/wp-json\/wp\/v2\/product_tag?post=17714"}],"curies":[{"name":"wp","href":"https:\/\/api.w.org\/{rel}","templated":true}]}}