{"id":17713,"date":"2026-02-27T00:36:17","date_gmt":"2026-02-27T00:36:17","guid":{"rendered":"https:\/\/nordicmart.andreevmaster.com\/product\/woopie-2-i-1-vattenbord-sandlada-kvarn-14-tillbehor\/"},"modified":"2026-02-27T08:25:38","modified_gmt":"2026-02-27T08:25:38","slug":"woopie-2-i-1-vattenbord-sandlada-kvarn-14-tillbehor","status":"publish","type":"product","link":"https:\/\/nordicmart.andreevmaster.com\/sv\/produkt\/woopie-2-i-1-vattenbord-sandlada-kvarn-14-tillbehor\/","title":{"rendered":"WOOPIE 2-i-1 vattenbord sandl\u00e5da kvarn 14 tillbeh\u00f6r"},"content":{"rendered":"<p>2-i-1 vattenbord sandl\u00e5da fr\u00e5n WOOPIE \u00e4r den perfekta leksaken f\u00f6r att leka med vatten och sand. Satsen inneh\u00e5ller 14 tillbeh\u00f6r: 4 formar, en vattenkanna, en kvarn, en spade, en kratta, en leksaksbil och 2 fartyg. Bordet har tv\u00e5 f\u00f6rdjupningar, varav den ena kan fyllas med vatten och den andra med sand, s\u00e5 att man kan leka var som helst. Barnen kan h\u00e4lla vatten i kvarnen och se hur det rinner ner. Satsen \u00e4r avsedd f\u00f6r lek inomhus och utomhus. Perfekt f\u00f6r lek hemma, p\u00e5 stranden eller i sandl\u00e5dan. <\/p>\n<p>Egenskaper: <\/p>\n<p>* &#8211; fr\u00e5n 3 \u00e5r,<br \/>\n* &#8211; 2-i-1 \u2013 vattenbord + sandl\u00e5da,<br \/>\n* &#8211; satsen inneh\u00e5ller tillbeh\u00f6r, inklusive en vattenkvarn,<br \/>\n* &#8211; f\u00f6r lek utomhus och inomhus.<\/p>\n<p>Satsen inneh\u00e5ller:<\/p>\n<p>* &#8211; 4 formar,<br \/>\n* &#8211; en vattenkanna,<br \/>\n* &#8211; en kvarn,<br \/>\n* &#8211; en spade och en kratta,<br \/>\n* &#8211; leksaksbil,<br \/>\n* &#8211; 2 b\u00e5tar.<\/p>\n","protected":false},"excerpt":{"rendered":"<p>2-i-1 vattenbord sandl\u00e5da fr\u00e5n WOOPIE \u00e4r den perfekta leksaken f\u00f6r att leka med vatten och sand. Satsen inneh\u00e5ller 14 tillbeh\u00f6r: 4 formar, en vattenkanna, en kvarn, en spade, en kratta, en leksaksbil och 2 fartyg. Bordet har tv\u00e5 f\u00f6rdjupningar, varav den ena kan fyllas med vatten och den andra med sand, s\u00e5 att man kan [&hellip;]<\/p>\n","protected":false},"featured_media":0,"comment_status":"open","ping_status":"closed","template":"","meta":[],"product_brand":[],"product_cat":[33],"product_tag":[],"class_list":{"0":"post-17713","1":"product","2":"type-product","3":"status-publish","5":"product_cat-okategoriserad","7":"first","8":"instock","9":"shipping-taxable","10":"purchasable","11":"product-type-simple"},"_links":{"self":[{"href":"https:\/\/nordicmart.andreevmaster.com\/sv\/wp-json\/wp\/v2\/product\/17713","targetHints":{"allow":["GET"]}}],"collection":[{"href":"https:\/\/nordicmart.andreevmaster.com\/sv\/wp-json\/wp\/v2\/product"}],"about":[{"href":"https:\/\/nordicmart.andreevmaster.com\/sv\/wp-json\/wp\/v2\/types\/product"}],"replies":[{"embeddable":true,"href":"https:\/\/nordicmart.andreevmaster.com\/sv\/wp-json\/wp\/v2\/comments?post=17713"}],"wp:attachment":[{"href":"https:\/\/nordicmart.andreevmaster.com\/sv\/wp-json\/wp\/v2\/media?parent=17713"}],"wp:term":[{"taxonomy":"product_brand","embeddable":true,"href":"https:\/\/nordicmart.andreevmaster.com\/sv\/wp-json\/wp\/v2\/product_brand?post=17713"},{"taxonomy":"product_cat","embeddable":true,"href":"https:\/\/nordicmart.andreevmaster.com\/sv\/wp-json\/wp\/v2\/product_cat?post=17713"},{"taxonomy":"product_tag","embeddable":true,"href":"https:\/\/nordicmart.andreevmaster.com\/sv\/wp-json\/wp\/v2\/product_tag?post=17713"}],"curies":[{"name":"wp","href":"https:\/\/api.w.org\/{rel}","templated":true}]}}