{"id":17712,"date":"2026-02-27T00:36:17","date_gmt":"2026-02-27T00:36:17","guid":{"rendered":"https:\/\/nordicmart.andreevmaster.com\/product\/step2-byggarbetsplats-med-vattenbord-och-tillbehor\/"},"modified":"2026-02-27T08:25:38","modified_gmt":"2026-02-27T08:25:38","slug":"step2-byggarbetsplats-med-vattenbord-och-tillbehor","status":"publish","type":"product","link":"https:\/\/nordicmart.andreevmaster.com\/sv\/produkt\/step2-byggarbetsplats-med-vattenbord-och-tillbehor\/","title":{"rendered":"STEP2 Byggarbetsplats med vattenbord och tillbeh\u00f6r"},"content":{"rendered":"<p>Step2 Ball Buddies Adventure Center tv\u00e5v\u00e5ningslekbord f\u00f6r barn! F\u00f6rutom den klassiska Ball Buddies-dumpern ing\u00e5r \u00e4ven en Ball Buddies-helikopter, b\u00e5t och t\u00e5g i detta utomhuslekbord f\u00f6r barn \u2013 som kan transportera tv\u00e5 lekbollar samtidigt! Ball Buddies kan knappt v\u00e4nta p\u00e5 att f\u00e5 ge sig ut p\u00e5 \u00e4ventyr l\u00e4ngs floden eller kryssa runt kurvorna p\u00e5 de formade v\u00e4garna och broarna. Med sin stora yta, m\u00e5nga medf\u00f6ljande tillbeh\u00f6r och flera olika s\u00e4tt att leka p\u00e5 \u00e4r detta vattenbord f\u00f6r barn ett utm\u00e4rkt val f\u00f6r social lek f\u00f6r flera barn. Dessutom erbjuder enskilda stationer runt poolen ytterligare alternativ f\u00f6r yngre barn som vill leka p\u00e5 egen hand. Sm\u00e5 \u00e4ventyrare kan anv\u00e4nda ringen f\u00f6r att kasta bollar i vattnet och njuta av sp\u00e4nnande vattenlek med vattenhjulet och de medf\u00f6ljande m\u00e5ttkopparna. Det finns till och med ett interaktivt hjul i botten s\u00e5 att de sm\u00e5 kan s\u00e4tta vattnet i r\u00f6relse och skapa en str\u00f6mmande flod.<\/p>\n<p>Funktioner:<br \/>\n* &#8211; Inkluderar fyra Ball Buddies-fordon \u2013 ett t\u00e5g, en b\u00e5t, en dumper och en helikopter!<br \/>\n* &#8211; Inkluderar fyra Ball Buddies-fordon \u2013 ett t\u00e5g, en b\u00e5t, en dumper och en helikopter!<br \/>\n* &#8211; Det tv\u00e5 v\u00e5ningar h\u00f6ga vattenbordet har fl\u00f6dande flodbass\u00e4nger, samt v\u00e4gar, broar och lastkajer.<br \/>\n* &#8211; Fantastiska leksaker f\u00f6r barn att l\u00e4ra sig att dela, turas om och ha t\u00e5lamod!<br \/>\n* &#8211; M\u00e5nga stationer och tillbeh\u00f6r g\u00f6r att barn kan leka tillsammans eller ensamma och uppleva vattenlek.<br \/>\n* &#8211; Reng\u00f6ring \u00e4r enkelt tack vare praktiska utsk\u00e4rningar i bordsbenen f\u00f6r f\u00f6rvaring av lekbollar och utrymme i sk\u00e5len f\u00f6r f\u00f6rvaring av tillbeh\u00f6r.* &#8211; Vattenleksstationerna har tv\u00e5 ringar, ett vattenhjul och ett hjul i botten av poolen. Bollar kan ocks\u00e5 skjutas iv\u00e4g fr\u00e5n tv\u00e5 katapulter. * &#8211; EverTough\u2122, detta vattenbord f\u00f6r utomhusbruk \u00e4r robust och h\u00e5llbart, vilket g\u00f6r det idealiskt f\u00f6r problemfri lek med enkelt underh\u00e5ll.* &#8211; Inkluderar en l\u00e4ckages\u00e4ker dr\u00e4neringsplugg som h\u00e5ller kvar vattnet under lek och g\u00f6r det enkelt att t\u00f6mma. * &#8211; Kapacitet: 12,7 liter. * &#8211; Kr\u00e4ver montering av vuxen. <\/p>\n<p>Ing\u00e5r: &#8211; Vattenbordets bas och ben,<br \/>\n* &#8211; 4 Ball Buddies-leksaker,<br \/>\n* &#8211; bollt\u00e5ng,<br \/>\n* &#8211; 2 h\u00f6rntorn,<br \/>\n* &#8211; vattenhjul,<br \/>\n* &#8211; brof\u00e4ste,<br \/>\n* &#8211; hjul,<br \/>\n* &#8211; 3 koppar,<br \/>\n* &#8211; 10 lekbollar.<\/p>\n<p>Step2 \u2013 kvalitet f\u00f6rst, fantastiska leksaker sedan! Om du prioriterar kvalitet och s\u00e4kerhet n\u00e4r du v\u00e4ljer leksaker till ditt barn kommer hela sortimentet av fantastiska leksaker fr\u00e5n det amerikanska f\u00f6retaget Step2 garanterat att uppfylla f\u00f6rv\u00e4ntningarna hos barn, f\u00f6r\u00e4ldrar, daghem, f\u00f6rskolor och andra utbildningsinstitutioner. Step2 har tillverkat de b\u00e4sta leksakerna i USA i \u00e5rtionden! Sortimentet omfattar sandl\u00e5dor, tr\u00e4dg\u00e5rdshus, lekplatser, verkst\u00e4der, \u00e5kleksaker, k\u00f6k och barnm\u00f6bler.<\/p>\n","protected":false},"excerpt":{"rendered":"<p>Step2 Ball Buddies Adventure Center tv\u00e5v\u00e5ningslekbord f\u00f6r barn! F\u00f6rutom den klassiska Ball Buddies-dumpern ing\u00e5r \u00e4ven en Ball Buddies-helikopter, b\u00e5t och t\u00e5g i detta utomhuslekbord f\u00f6r barn \u2013 som kan transportera tv\u00e5 lekbollar samtidigt! Ball Buddies kan knappt v\u00e4nta p\u00e5 att f\u00e5 ge sig ut p\u00e5 \u00e4ventyr l\u00e4ngs floden eller kryssa runt kurvorna p\u00e5 de formade [&hellip;]<\/p>\n","protected":false},"featured_media":0,"comment_status":"open","ping_status":"closed","template":"","meta":[],"product_brand":[],"product_cat":[33],"product_tag":[],"class_list":{"0":"post-17712","1":"product","2":"type-product","3":"status-publish","5":"product_cat-okategoriserad","7":"first","8":"instock","9":"shipping-taxable","10":"purchasable","11":"product-type-simple"},"_links":{"self":[{"href":"https:\/\/nordicmart.andreevmaster.com\/sv\/wp-json\/wp\/v2\/product\/17712","targetHints":{"allow":["GET"]}}],"collection":[{"href":"https:\/\/nordicmart.andreevmaster.com\/sv\/wp-json\/wp\/v2\/product"}],"about":[{"href":"https:\/\/nordicmart.andreevmaster.com\/sv\/wp-json\/wp\/v2\/types\/product"}],"replies":[{"embeddable":true,"href":"https:\/\/nordicmart.andreevmaster.com\/sv\/wp-json\/wp\/v2\/comments?post=17712"}],"wp:attachment":[{"href":"https:\/\/nordicmart.andreevmaster.com\/sv\/wp-json\/wp\/v2\/media?parent=17712"}],"wp:term":[{"taxonomy":"product_brand","embeddable":true,"href":"https:\/\/nordicmart.andreevmaster.com\/sv\/wp-json\/wp\/v2\/product_brand?post=17712"},{"taxonomy":"product_cat","embeddable":true,"href":"https:\/\/nordicmart.andreevmaster.com\/sv\/wp-json\/wp\/v2\/product_cat?post=17712"},{"taxonomy":"product_tag","embeddable":true,"href":"https:\/\/nordicmart.andreevmaster.com\/sv\/wp-json\/wp\/v2\/product_tag?post=17712"}],"curies":[{"name":"wp","href":"https:\/\/api.w.org\/{rel}","templated":true}]}}