{"id":17711,"date":"2026-02-27T00:36:17","date_gmt":"2026-02-27T00:36:17","guid":{"rendered":"https:\/\/nordicmart.andreevmaster.com\/product\/falk-racing-ride-on-toy-red-wide-wheels-1-2\/"},"modified":"2026-02-27T08:25:38","modified_gmt":"2026-02-27T08:25:38","slug":"falk-racing-ride-on-toy-red-wide-wheels-1-2","status":"publish","type":"product","link":"https:\/\/nordicmart.andreevmaster.com\/sv\/produkt\/falk-racing-ride-on-toy-red-wide-wheels-1-2\/","title":{"rendered":"FALK Racing Ride-On Toy Red Wide Wheels 1+"},"content":{"rendered":"<p>Denna \u00e5kleksak fr\u00e5n den franska tillverkaren Falk \u00e4r den perfekta presenten f\u00f6r barn fr\u00e5n 2 \u00e5r. Den vackra grafiken och det realistiska utseendet kommer att ge sm\u00e5 barn mycket gl\u00e4dje. \u00c5kleksaken \u00e4r utrustad med stora hjul som \u00e4r perfekta f\u00f6r olika underlag. Framhjulet \u00e4r sv\u00e4ngbart f\u00f6r bekv\u00e4mare styrning och sv\u00e4ngning.<\/p>\n<p>Egenskaper: .<\/p>\n<p>* &#8211; Designad f\u00f6r barn i \u00e5ldern 1 till 3 \u00e5r<br \/>\n* &#8211; Maximal lastkapacitet p\u00e5 25 kg,<br \/>\n* &#8211; Tillverkad av h\u00f6gkvalitativ plast, t\u00e5lig mot v\u00e4derf\u00f6rh\u00e5llanden,<br \/>\n* &#8211; Ergonomisk design g\u00f6r k\u00f6rningen bekv\u00e4m,<br \/>\n* &#8211; Tack vare sina breda hjul \u00e4r fordonet stabilt ,<\/p>\n<p>Falk \u00e4r en ledande europeisk tillverkare av h\u00f6gkvalitativa pedaldrivna fordon. F\u00f6retagets produktsortiment omfattar traktorer med licens fr\u00e5n varum\u00e4rken som Claas, Renault, McCormick, Kubota, Case IH och andra. Alla fordon tillverkas i Frankrike av h\u00f6gkvalitativa material.<\/p>\n","protected":false},"excerpt":{"rendered":"<p>Denna \u00e5kleksak fr\u00e5n den franska tillverkaren Falk \u00e4r den perfekta presenten f\u00f6r barn fr\u00e5n 2 \u00e5r. Den vackra grafiken och det realistiska utseendet kommer att ge sm\u00e5 barn mycket gl\u00e4dje. \u00c5kleksaken \u00e4r utrustad med stora hjul som \u00e4r perfekta f\u00f6r olika underlag. Framhjulet \u00e4r sv\u00e4ngbart f\u00f6r bekv\u00e4mare styrning och sv\u00e4ngning. Egenskaper: . * &#8211; Designad [&hellip;]<\/p>\n","protected":false},"featured_media":0,"comment_status":"open","ping_status":"closed","template":"","meta":[],"product_brand":[],"product_cat":[33],"product_tag":[],"class_list":{"0":"post-17711","1":"product","2":"type-product","3":"status-publish","5":"product_cat-okategoriserad","7":"first","8":"instock","9":"shipping-taxable","10":"purchasable","11":"product-type-simple"},"_links":{"self":[{"href":"https:\/\/nordicmart.andreevmaster.com\/sv\/wp-json\/wp\/v2\/product\/17711","targetHints":{"allow":["GET"]}}],"collection":[{"href":"https:\/\/nordicmart.andreevmaster.com\/sv\/wp-json\/wp\/v2\/product"}],"about":[{"href":"https:\/\/nordicmart.andreevmaster.com\/sv\/wp-json\/wp\/v2\/types\/product"}],"replies":[{"embeddable":true,"href":"https:\/\/nordicmart.andreevmaster.com\/sv\/wp-json\/wp\/v2\/comments?post=17711"}],"wp:attachment":[{"href":"https:\/\/nordicmart.andreevmaster.com\/sv\/wp-json\/wp\/v2\/media?parent=17711"}],"wp:term":[{"taxonomy":"product_brand","embeddable":true,"href":"https:\/\/nordicmart.andreevmaster.com\/sv\/wp-json\/wp\/v2\/product_brand?post=17711"},{"taxonomy":"product_cat","embeddable":true,"href":"https:\/\/nordicmart.andreevmaster.com\/sv\/wp-json\/wp\/v2\/product_cat?post=17711"},{"taxonomy":"product_tag","embeddable":true,"href":"https:\/\/nordicmart.andreevmaster.com\/sv\/wp-json\/wp\/v2\/product_tag?post=17711"}],"curies":[{"name":"wp","href":"https:\/\/api.w.org\/{rel}","templated":true}]}}