{"id":17710,"date":"2026-02-27T00:36:16","date_gmt":"2026-02-27T00:36:16","guid":{"rendered":"https:\/\/nordicmart.andreevmaster.com\/product\/smoby-spidey-korsimulator-med-ljus-och-ljud\/"},"modified":"2026-02-27T08:25:38","modified_gmt":"2026-02-27T08:25:38","slug":"smoby-spidey-korsimulator-med-ljus-och-ljud","status":"publish","type":"product","link":"https:\/\/nordicmart.andreevmaster.com\/sv\/produkt\/smoby-spidey-korsimulator-med-ljus-och-ljud\/","title":{"rendered":"Smoby Spidey k\u00f6rsimulator med ljus och ljud"},"content":{"rendered":"<p>Smoby Spidey k\u00f6rsimulator inbjuder barn fr\u00e5n tre \u00e5r och upp\u00e5t att delta i ett racing\u00e4ventyr! Ge dig ut p\u00e5 en resa full av sp\u00e4nning och \u00f6verraskningar med karakt\u00e4rerna fr\u00e5n den animerade serien Spidey and Super Friends. Denna multifunktionella simulator stimulerar fantasin och st\u00f6djer barns motoriska utveckling. Ett elektroniskt ratt med ljus- och ljudeffekter, en interaktiv sk\u00e4rm och en varvr\u00e4knare med en f\u00f6r\u00e4nderlig v\u00e4g g\u00f6r upplevelsen mer realistisk. Hela 15 olika ljud berikar k\u00f6rupplevelsen och f\u00f6rflyttar ditt barn mitt in i dynamiska jakter och t\u00e4vlingar. <\/p>\n<p>### Funktioner <\/p>\n<p>* &#8211; \u00c5lder: 3 \u00e5r<br \/>\n* &#8211; K\u00f6rsimulator med interaktiv sk\u00e4rm och pedaler<br \/>\n* &#8211; Varvr\u00e4knare med f\u00f6r\u00e4nderlig v\u00e4g p\u00e5 sk\u00e4rmen<br \/>\n* &#8211; Elektroniskt ratt med ljus- och ljudeffekter<br \/>\n* &#8211; Justerbar sits \u2013 3-stegs horisontell justering<br \/>\n* &#8211; Officiellt licensierad Disney Spidey<br \/>\n* &#8211; Robust konstruktion, maximal belastning: 50 kg<\/p>\n<p>### Leksaken utvecklar<\/p>\n<p>* &#8211; Motorisk koordination \u2013 att anv\u00e4nda ratten och pedalerna st\u00f6der utvecklingen av motoriska f\u00e4rdigheter<br \/>\n* &#8211; Fantasi och kreativitet \u2013 interaktiva funktioner inspirerar till rollspel och ber\u00e4ttande<br \/>\n* &#8211; Koncentration och reflexer \u2013 dynamiskt lek kr\u00e4ver fokus och snabba reaktioner p\u00e5 f\u00f6r\u00e4ndrade f\u00f6rh\u00e5llanden p\u00e5 sk\u00e4rmen<br \/>\n* &#8211; Sj\u00e4lvst\u00e4ndighet och sj\u00e4lvf\u00f6rtroende \u2013 de sm\u00e5 l\u00e4r sig att kontrollera fordonet och fatta beslut under k\u00f6rningen<\/p>\n","protected":false},"excerpt":{"rendered":"<p>Smoby Spidey k\u00f6rsimulator inbjuder barn fr\u00e5n tre \u00e5r och upp\u00e5t att delta i ett racing\u00e4ventyr! Ge dig ut p\u00e5 en resa full av sp\u00e4nning och \u00f6verraskningar med karakt\u00e4rerna fr\u00e5n den animerade serien Spidey and Super Friends. Denna multifunktionella simulator stimulerar fantasin och st\u00f6djer barns motoriska utveckling. Ett elektroniskt ratt med ljus- och ljudeffekter, en interaktiv [&hellip;]<\/p>\n","protected":false},"featured_media":0,"comment_status":"open","ping_status":"closed","template":"","meta":[],"product_brand":[],"product_cat":[33],"product_tag":[],"class_list":{"0":"post-17710","1":"product","2":"type-product","3":"status-publish","5":"product_cat-okategoriserad","7":"first","8":"instock","9":"shipping-taxable","10":"purchasable","11":"product-type-simple"},"_links":{"self":[{"href":"https:\/\/nordicmart.andreevmaster.com\/sv\/wp-json\/wp\/v2\/product\/17710","targetHints":{"allow":["GET"]}}],"collection":[{"href":"https:\/\/nordicmart.andreevmaster.com\/sv\/wp-json\/wp\/v2\/product"}],"about":[{"href":"https:\/\/nordicmart.andreevmaster.com\/sv\/wp-json\/wp\/v2\/types\/product"}],"replies":[{"embeddable":true,"href":"https:\/\/nordicmart.andreevmaster.com\/sv\/wp-json\/wp\/v2\/comments?post=17710"}],"wp:attachment":[{"href":"https:\/\/nordicmart.andreevmaster.com\/sv\/wp-json\/wp\/v2\/media?parent=17710"}],"wp:term":[{"taxonomy":"product_brand","embeddable":true,"href":"https:\/\/nordicmart.andreevmaster.com\/sv\/wp-json\/wp\/v2\/product_brand?post=17710"},{"taxonomy":"product_cat","embeddable":true,"href":"https:\/\/nordicmart.andreevmaster.com\/sv\/wp-json\/wp\/v2\/product_cat?post=17710"},{"taxonomy":"product_tag","embeddable":true,"href":"https:\/\/nordicmart.andreevmaster.com\/sv\/wp-json\/wp\/v2\/product_tag?post=17710"}],"curies":[{"name":"wp","href":"https:\/\/api.w.org\/{rel}","templated":true}]}}