{"id":17709,"date":"2026-02-27T00:36:16","date_gmt":"2026-02-27T00:36:16","guid":{"rendered":"https:\/\/nordicmart.andreevmaster.com\/product\/berg-skyddsoverdrag-for-studsmattor-270-cm\/"},"modified":"2026-02-27T08:25:37","modified_gmt":"2026-02-27T08:25:37","slug":"berg-skyddsoverdrag-for-studsmattor-270-cm","status":"publish","type":"product","link":"https:\/\/nordicmart.andreevmaster.com\/sv\/produkt\/berg-skyddsoverdrag-for-studsmattor-270-cm\/","title":{"rendered":"BERG Skydds\u00f6verdrag f\u00f6r studsmattor 270 cm"},"content":{"rendered":"<p>BERG skydds\u00f6verdrag \u00e4r ett praktiskt och robust \u00f6verdrag som effektivt skyddar din studsmatta fr\u00e5n kvistar, l\u00f6v och annat skr\u00e4p. Det h\u00e5ller din studsmatta ren och redo att anv\u00e4ndas, och g\u00f6r den \u00e4nnu bekv\u00e4mare att anv\u00e4nda. \u00d6verdragets speciella design g\u00f6r att vatten kan rinna av fritt, vilket f\u00f6rhindrar att det samlas p\u00e5 studsmattan och skyddar den fr\u00e5n \u00f6verdriven belastning.\u2757\ufe0f Skyddet \u00e4r inte avsett f\u00f6r l\u00e5ngvarig f\u00f6rvaring av studsmattan. Rekommenderas f\u00f6r kortvarig anv\u00e4ndning, h\u00f6gst n\u00e5gra veckor. \u2757\ufe0f<\/p>\n<p>Egenskaper:<\/p>\n<p>* \u2714\ufe0f Passar trampoliner av typen Regular, InGround och FlatGround<br \/>\n* \u2714\ufe0f Skyddar mot l\u00f6v, kvistar och annat skr\u00e4p<br \/>\n* \u2714\ufe0f L\u00e5ter vatten passera genom mattans h\u00f6jd, vilket f\u00f6rhindrar att det bildas en vattenansamling<br \/>\n* \u2714\ufe0f Utrustad med robusta krokar f\u00f6r enkel och s\u00e4ker installation<\/p>\n<p>\u2714\ufe0f Passar trampoliner av typen Regular, InGround och FlatGround<\/p>\n<p>\u2714\ufe0f Skyddar mot l\u00f6v, kvistar och annat skr\u00e4p<\/p>\n<p>\u2714\ufe0f L\u00e5ter vatten passera genom mattans h\u00f6jd, vilket f\u00f6rhindrar att det bildas en vattenreservoar<\/p>\n<p>\u2714\ufe0f Utrustad med robusta krokar f\u00f6r enkel och s\u00e4ker installation<\/p>\n","protected":false},"excerpt":{"rendered":"<p>BERG skydds\u00f6verdrag \u00e4r ett praktiskt och robust \u00f6verdrag som effektivt skyddar din studsmatta fr\u00e5n kvistar, l\u00f6v och annat skr\u00e4p. Det h\u00e5ller din studsmatta ren och redo att anv\u00e4ndas, och g\u00f6r den \u00e4nnu bekv\u00e4mare att anv\u00e4nda. \u00d6verdragets speciella design g\u00f6r att vatten kan rinna av fritt, vilket f\u00f6rhindrar att det samlas p\u00e5 studsmattan och skyddar den [&hellip;]<\/p>\n","protected":false},"featured_media":0,"comment_status":"open","ping_status":"closed","template":"","meta":[],"product_brand":[],"product_cat":[33],"product_tag":[],"class_list":{"0":"post-17709","1":"product","2":"type-product","3":"status-publish","5":"product_cat-okategoriserad","7":"first","8":"instock","9":"shipping-taxable","10":"purchasable","11":"product-type-simple"},"_links":{"self":[{"href":"https:\/\/nordicmart.andreevmaster.com\/sv\/wp-json\/wp\/v2\/product\/17709","targetHints":{"allow":["GET"]}}],"collection":[{"href":"https:\/\/nordicmart.andreevmaster.com\/sv\/wp-json\/wp\/v2\/product"}],"about":[{"href":"https:\/\/nordicmart.andreevmaster.com\/sv\/wp-json\/wp\/v2\/types\/product"}],"replies":[{"embeddable":true,"href":"https:\/\/nordicmart.andreevmaster.com\/sv\/wp-json\/wp\/v2\/comments?post=17709"}],"wp:attachment":[{"href":"https:\/\/nordicmart.andreevmaster.com\/sv\/wp-json\/wp\/v2\/media?parent=17709"}],"wp:term":[{"taxonomy":"product_brand","embeddable":true,"href":"https:\/\/nordicmart.andreevmaster.com\/sv\/wp-json\/wp\/v2\/product_brand?post=17709"},{"taxonomy":"product_cat","embeddable":true,"href":"https:\/\/nordicmart.andreevmaster.com\/sv\/wp-json\/wp\/v2\/product_cat?post=17709"},{"taxonomy":"product_tag","embeddable":true,"href":"https:\/\/nordicmart.andreevmaster.com\/sv\/wp-json\/wp\/v2\/product_tag?post=17709"}],"curies":[{"name":"wp","href":"https:\/\/api.w.org\/{rel}","templated":true}]}}