{"id":17707,"date":"2026-02-27T00:36:15","date_gmt":"2026-02-27T00:36:15","guid":{"rendered":"https:\/\/nordicmart.andreevmaster.com\/product\/smoby-stadvagn-med-dammsugare\/"},"modified":"2026-02-27T08:25:37","modified_gmt":"2026-02-27T08:25:37","slug":"smoby-stadvagn-med-dammsugare","status":"publish","type":"product","link":"https:\/\/nordicmart.andreevmaster.com\/sv\/produkt\/smoby-stadvagn-med-dammsugare\/","title":{"rendered":"SMOBY St\u00e4dvagn med dammsugare"},"content":{"rendered":"<p>Barn observerar vuxna och \u00e4lskar att imitera dem. Det \u00e4r s\u00e5 de l\u00e4r sig om sin omgivning och om v\u00e4rlden. En serie leksaker som imiterar vardagliga apparater och tillbeh\u00f6r g\u00f6r det m\u00f6jligt f\u00f6r barn att l\u00e4ra sig och uppt\u00e4cka vissa v\u00e4rden genom lek.<\/p>\n<p>Egenskaper:<\/p>\n<p>* &#8211; Setet best\u00e5r av en vagn d\u00e4r du kan placera en elektronisk dammsugare som avger realistiska dammsugarljud, samt tillbeh\u00f6r.* &#8211; Dammsugaren \u00e4r utrustad med ett r\u00f6r med ett bekv\u00e4mt handtag och hjul, vilket g\u00f6r den l\u00e4tt att flytta runt.<br \/>\n* &#8211; Setet inneh\u00e5ller 9 tillbeh\u00f6r s\u00e5som en sopskyffel, borste, mopp, svamp, hink och imiterade reng\u00f6ringsprodukter.<br \/>\n* &#8211; Batterier: 3 x LR44\/AG13 (ing\u00e5r).<br \/>\n* &#8211; Sj\u00e4lvmonteringssats.<\/p>\n","protected":false},"excerpt":{"rendered":"<p>Barn observerar vuxna och \u00e4lskar att imitera dem. Det \u00e4r s\u00e5 de l\u00e4r sig om sin omgivning och om v\u00e4rlden. En serie leksaker som imiterar vardagliga apparater och tillbeh\u00f6r g\u00f6r det m\u00f6jligt f\u00f6r barn att l\u00e4ra sig och uppt\u00e4cka vissa v\u00e4rden genom lek. Egenskaper: * &#8211; Setet best\u00e5r av en vagn d\u00e4r du kan placera [&hellip;]<\/p>\n","protected":false},"featured_media":0,"comment_status":"open","ping_status":"closed","template":"","meta":[],"product_brand":[],"product_cat":[33],"product_tag":[],"class_list":{"0":"post-17707","1":"product","2":"type-product","3":"status-publish","5":"product_cat-okategoriserad","7":"first","8":"instock","9":"shipping-taxable","10":"purchasable","11":"product-type-simple"},"_links":{"self":[{"href":"https:\/\/nordicmart.andreevmaster.com\/sv\/wp-json\/wp\/v2\/product\/17707","targetHints":{"allow":["GET"]}}],"collection":[{"href":"https:\/\/nordicmart.andreevmaster.com\/sv\/wp-json\/wp\/v2\/product"}],"about":[{"href":"https:\/\/nordicmart.andreevmaster.com\/sv\/wp-json\/wp\/v2\/types\/product"}],"replies":[{"embeddable":true,"href":"https:\/\/nordicmart.andreevmaster.com\/sv\/wp-json\/wp\/v2\/comments?post=17707"}],"wp:attachment":[{"href":"https:\/\/nordicmart.andreevmaster.com\/sv\/wp-json\/wp\/v2\/media?parent=17707"}],"wp:term":[{"taxonomy":"product_brand","embeddable":true,"href":"https:\/\/nordicmart.andreevmaster.com\/sv\/wp-json\/wp\/v2\/product_brand?post=17707"},{"taxonomy":"product_cat","embeddable":true,"href":"https:\/\/nordicmart.andreevmaster.com\/sv\/wp-json\/wp\/v2\/product_cat?post=17707"},{"taxonomy":"product_tag","embeddable":true,"href":"https:\/\/nordicmart.andreevmaster.com\/sv\/wp-json\/wp\/v2\/product_tag?post=17707"}],"curies":[{"name":"wp","href":"https:\/\/api.w.org\/{rel}","templated":true}]}}