{"id":17705,"date":"2026-02-27T00:36:15","date_gmt":"2026-02-27T00:36:15","guid":{"rendered":"https:\/\/nordicmart.andreevmaster.com\/product\/woopie-royal-puzzle-ortopedisk-sensorisk-matta-26-delar-4-sma-delar\/"},"modified":"2026-02-27T08:25:37","modified_gmt":"2026-02-27T08:25:37","slug":"woopie-royal-puzzle-ortopedisk-sensorisk-matta-26-delar-4-sma-delar","status":"publish","type":"product","link":"https:\/\/nordicmart.andreevmaster.com\/sv\/produkt\/woopie-royal-puzzle-ortopedisk-sensorisk-matta-26-delar-4-sma-delar\/","title":{"rendered":"WOOPIE Royal Puzzle ortopedisk sensorisk matta, 26 delar + 4 sm\u00e5 delar"},"content":{"rendered":"<p>Denna sensoriska matta, rekommenderad av varum\u00e4rket Woopie, har utm\u00e4rkta ortopediska egenskaper och \u00e4r viktig f\u00f6r att st\u00f6dja ditt barns utveckling. Dessutom kan den vara mycket rolig f\u00f6r barn som \u00e4lskar att g\u00e5 barfota. Setet har 26 element\/pussel + 4 mindre med olika h\u00e5rda och mjuka strukturer som kompletterar varandra perfekt. Det best\u00e5r av ytor som st\u00e4rker k\u00e4rnan och s\u00e4kerst\u00e4ller balans och stabilitet under tr\u00e4ningen. En ytterligare f\u00f6rdel \u00e4r att den st\u00e4rker vristerna och de inre musklerna, vilket bidrar till en korrekt h\u00e5llning. Setet \u00e4r ett perfekt komplement till andra set i denna serie. Anv\u00e4ndningen av mattan stimulerar sinnena, masserar f\u00f6tterna och minskar f\u00f6rekomsten av platta f\u00f6tter. Mattorna p\u00e5verkar ocks\u00e5 barnets sensoriska integration, dvs. f\u00f6rm\u00e5gan att k\u00e4nna och reagera p\u00e5 information fr\u00e5n kroppen och omgivningen.<\/p>\n<p>Mattan g\u00f6r att ditt barn kan ha kul med upp till 19 \u00f6vningar (bland annat: \u201dsolh\u00e4lsning\u201d, \u201dliten soldat\u201d, \u201dhoppsteg\u201d och \u201dliten geni\u201d).<\/p>\n<p>Egenskaper:<\/p>\n<p>* &#8211; sensorisk, ortopedisk matta som kan l\u00e4ggas som ett pussel<br \/>\n* &#8211; h\u00e5rda och mjuka ytor med olika funktioner och strukturer<br \/>\n* &#8211; h\u00e4lsosamt och roligt<br \/>\n* &#8211; f\u00f6r barn som \u00e4lskar att g\u00e5 barfota<\/p>\n<p>F\u00f6rdelar och funktion:<\/p>\n<p>* &#8211; st\u00e4rker k\u00e4rnan och s\u00e4kerst\u00e4ller balans och stabilitet under tr\u00e4ningen<br \/>\n* &#8211; st\u00e4rker vristerna och de inre musklerna, vilket hj\u00e4lper till att uppr\u00e4tth\u00e5lla en korrekt h\u00e5llning<br \/>\n* &#8211; stimulerar sinnena, masserar f\u00f6tterna och minskar platta f\u00f6tter<br \/>\n* &#8211; p\u00e5verkar barnets sensoriska integration, dvs. f\u00f6rm\u00e5gan att k\u00e4nna och reagera p\u00e5 information fr\u00e5n kroppen och omgivningen<\/p>\n<p>Element:<\/p>\n<p>&#8211; Ekoset \u2013 6 delar:<\/p>\n<p>* 1x Ekokokosn\u00f6t<br \/>\n* 1x Ekotr\u00e4d<br \/>\n* 2x Ekotr\u00e4d<br \/>\n* 2x Ekoskog<\/p>\n<p>&#8211; Ut\u00f6kad A \u2013 5 st. :<\/p>\n<p>* 2x h\u00e5rda flikar<br \/>\n* 1x mjuka skal<br \/>\n* 1x h\u00e5rd tr\u00e4dstam<br \/>\n* 1x h\u00e5rd igelkott<\/p>\n<p>&#8211; Medium 1A &#8211; 8 st. :<\/p>\n<p>* 1x mjukt gr\u00e4s<br \/>\n* 1x mjuk sten<br \/>\n* 1x h\u00e5rt \u00e4gg<br \/>\n* 1x h\u00e5rda n\u00f6tter<br \/>\n* 1x h\u00e5rda skal<br \/>\n* 1x sm\u00e5 h\u00e5rda utskott<br \/>\n* 1x mjuk v\u00e5g<br \/>\n* 1x h\u00e5rda kottar<\/p>\n<p>&#8211; Medium 2A &#8211; 11 st. :<\/p>\n<p>* 1x h\u00e5rd sten<br \/>\n* 1x mjuka sn\u00e4ckor<br \/>\n* 1x mjuka utskott<br \/>\n* 1x h\u00e5rt gr\u00e4s<br \/>\n* 1x h\u00e5rd \u00e4ng<br \/>\n* 1x h\u00e5rt \u00e4gg<br \/>\n* 1x h\u00e5rd tr\u00e4dstam<br \/>\n* 1x h\u00e5rt gr\u00e4s (mini)<br \/>\n* 1x mjukt gr\u00e4s (mini)<br \/>\n* 1x h\u00e5rd snigel (mini)<br \/>\n* 1x mjuka skal (mini)<\/p>\n<p>## Setet \u00e4r ett perfekt komplement till andra set i denna serie.<\/p>\n<p>## Setet kan kombineras f\u00f6r att skapa en st\u00f6rre yta.<\/p>\n","protected":false},"excerpt":{"rendered":"<p>Denna sensoriska matta, rekommenderad av varum\u00e4rket Woopie, har utm\u00e4rkta ortopediska egenskaper och \u00e4r viktig f\u00f6r att st\u00f6dja ditt barns utveckling. Dessutom kan den vara mycket rolig f\u00f6r barn som \u00e4lskar att g\u00e5 barfota. Setet har 26 element\/pussel + 4 mindre med olika h\u00e5rda och mjuka strukturer som kompletterar varandra perfekt. Det best\u00e5r av ytor som [&hellip;]<\/p>\n","protected":false},"featured_media":0,"comment_status":"open","ping_status":"closed","template":"","meta":[],"product_brand":[],"product_cat":[33],"product_tag":[],"class_list":{"0":"post-17705","1":"product","2":"type-product","3":"status-publish","5":"product_cat-okategoriserad","7":"first","8":"instock","9":"shipping-taxable","10":"purchasable","11":"product-type-simple"},"_links":{"self":[{"href":"https:\/\/nordicmart.andreevmaster.com\/sv\/wp-json\/wp\/v2\/product\/17705","targetHints":{"allow":["GET"]}}],"collection":[{"href":"https:\/\/nordicmart.andreevmaster.com\/sv\/wp-json\/wp\/v2\/product"}],"about":[{"href":"https:\/\/nordicmart.andreevmaster.com\/sv\/wp-json\/wp\/v2\/types\/product"}],"replies":[{"embeddable":true,"href":"https:\/\/nordicmart.andreevmaster.com\/sv\/wp-json\/wp\/v2\/comments?post=17705"}],"wp:attachment":[{"href":"https:\/\/nordicmart.andreevmaster.com\/sv\/wp-json\/wp\/v2\/media?parent=17705"}],"wp:term":[{"taxonomy":"product_brand","embeddable":true,"href":"https:\/\/nordicmart.andreevmaster.com\/sv\/wp-json\/wp\/v2\/product_brand?post=17705"},{"taxonomy":"product_cat","embeddable":true,"href":"https:\/\/nordicmart.andreevmaster.com\/sv\/wp-json\/wp\/v2\/product_cat?post=17705"},{"taxonomy":"product_tag","embeddable":true,"href":"https:\/\/nordicmart.andreevmaster.com\/sv\/wp-json\/wp\/v2\/product_tag?post=17705"}],"curies":[{"name":"wp","href":"https:\/\/api.w.org\/{rel}","templated":true}]}}