{"id":17702,"date":"2026-02-27T00:36:14","date_gmt":"2026-02-27T00:36:14","guid":{"rendered":"https:\/\/nordicmart.andreevmaster.com\/product\/premium-presentpaket-a5-traanteckningsbok-med-penna-ee2\/"},"modified":"2026-02-27T08:25:36","modified_gmt":"2026-02-27T08:25:36","slug":"premium-presentpaket-a5-traanteckningsbok-med-penna-ee2","status":"publish","type":"product","link":"https:\/\/nordicmart.andreevmaster.com\/sv\/produkt\/premium-presentpaket-a5-traanteckningsbok-med-penna-ee2\/","title":{"rendered":"Premium Presentpaket \u2013 A5 Tr\u00e4anteckningsbok med penna \u2013 EE2"},"content":{"rendered":"<p>Premium Presentpaket \u2013 A5 Tr\u00e4anteckningsbok med Penna \u2013 EE2&nbsp;Detta premiumset inneh\u00e5ller en A5 anteckningsbok med h\u00e5rt omslag i tr\u00e4 och guldkantade sidor, tillsammans med en h\u00f6gkvalitativ penna. Produkten \u00e4r designad som en elegant pappersvarul\u00f6sning \u2013 perfekt som en h\u00f6gkvalitativ present.&nbsp;Produktinformation:&nbsp;Omslagsmaterial: Tr\u00e4F\u00e4rg: M\u00f6rkbrun tr\u00e4nyans med gulddetaljerStorlek: A5H\u00f6gkvalitativt papperAntal sidor: xxxxSidf\u00e4rg: VitDekorativ penna ing\u00e5r i setetH\u00f6g tillverkningskvalitetStil: Klassisk \/ Elegant \/ Premium&nbsp;&nbsp;<\/p>\n","protected":false},"excerpt":{"rendered":"<p>Premium Presentpaket \u2013 A5 Tr\u00e4anteckningsbok med Penna \u2013 EE2&nbsp;Detta premiumset inneh\u00e5ller en A5 anteckningsbok med h\u00e5rt omslag i tr\u00e4 och guldkantade sidor, tillsammans med en h\u00f6gkvalitativ penna. Produkten \u00e4r designad som en elegant pappersvarul\u00f6sning \u2013 perfekt som en h\u00f6gkvalitativ present.&nbsp;Produktinformation:&nbsp;Omslagsmaterial: Tr\u00e4F\u00e4rg: M\u00f6rkbrun tr\u00e4nyans med gulddetaljerStorlek: A5H\u00f6gkvalitativt papperAntal sidor: xxxxSidf\u00e4rg: VitDekorativ penna ing\u00e5r i setetH\u00f6g tillverkningskvalitetStil: [&hellip;]<\/p>\n","protected":false},"featured_media":45020,"comment_status":"open","ping_status":"closed","template":"","meta":[],"product_brand":[],"product_cat":[33],"product_tag":[],"class_list":{"0":"post-17702","1":"product","2":"type-product","3":"status-publish","4":"has-post-thumbnail","6":"product_cat-okategoriserad","8":"first","9":"instock","10":"shipping-taxable","11":"purchasable","12":"product-type-simple"},"_links":{"self":[{"href":"https:\/\/nordicmart.andreevmaster.com\/sv\/wp-json\/wp\/v2\/product\/17702","targetHints":{"allow":["GET"]}}],"collection":[{"href":"https:\/\/nordicmart.andreevmaster.com\/sv\/wp-json\/wp\/v2\/product"}],"about":[{"href":"https:\/\/nordicmart.andreevmaster.com\/sv\/wp-json\/wp\/v2\/types\/product"}],"replies":[{"embeddable":true,"href":"https:\/\/nordicmart.andreevmaster.com\/sv\/wp-json\/wp\/v2\/comments?post=17702"}],"wp:featuredmedia":[{"embeddable":true,"href":"https:\/\/nordicmart.andreevmaster.com\/sv\/wp-json\/wp\/v2\/media\/45020"}],"wp:attachment":[{"href":"https:\/\/nordicmart.andreevmaster.com\/sv\/wp-json\/wp\/v2\/media?parent=17702"}],"wp:term":[{"taxonomy":"product_brand","embeddable":true,"href":"https:\/\/nordicmart.andreevmaster.com\/sv\/wp-json\/wp\/v2\/product_brand?post=17702"},{"taxonomy":"product_cat","embeddable":true,"href":"https:\/\/nordicmart.andreevmaster.com\/sv\/wp-json\/wp\/v2\/product_cat?post=17702"},{"taxonomy":"product_tag","embeddable":true,"href":"https:\/\/nordicmart.andreevmaster.com\/sv\/wp-json\/wp\/v2\/product_tag?post=17702"}],"curies":[{"name":"wp","href":"https:\/\/api.w.org\/{rel}","templated":true}]}}