{"id":17700,"date":"2026-02-27T00:36:13","date_gmt":"2026-02-27T00:36:13","guid":{"rendered":"https:\/\/nordicmart.andreevmaster.com\/product\/kalligrafisats-trapenna-black-708\/"},"modified":"2026-02-27T08:25:36","modified_gmt":"2026-02-27T08:25:36","slug":"kalligrafisats-trapenna-black-708","status":"publish","type":"product","link":"https:\/\/nordicmart.andreevmaster.com\/sv\/produkt\/kalligrafisats-trapenna-black-708\/","title":{"rendered":"Kalligrafisats \u2013 Tr\u00e4penna + bl\u00e4ck \u2013 708"},"content":{"rendered":"<p>Kalligrafisats \u2013 tr\u00e4penna + bl\u00e4ck \u2013 708&nbsp;&nbsp;Elegant kalligrafisats inspirerad av klassiska italienska skrivtraditioner. Designad f\u00f6r handskriftsentusiaster och kreativt bruk.&nbsp;&nbsp;Setet inneh\u00e5ller:&nbsp;Tr\u00e4penna med metallspetsFlaska med svart kalligrafibl\u00e4ckDekorativ presentf\u00f6rpackning med f\u00f6nster och sigill&nbsp;Produktinformation:&nbsp;F\u00f6rpackningens m\u00e5tt: 7,5 \u00d7 22 \u00d7 3 cmBl\u00e4ckf\u00e4rg: SvartPennans material: Tr\u00e4 + metallspets&nbsp;Viktiga egenskaper:&nbsp;H\u00f6gkvalitativt hantverkPresentf\u00f6rpackningFunktionellt och estetiskt verktyg f\u00f6r kalligrafi\u00d6verlag l\u00e4mpligt f\u00f6r inbjudningar, certifikat, kreativt skrivande&nbsp;<\/p>\n","protected":false},"excerpt":{"rendered":"<p>Kalligrafisats \u2013 tr\u00e4penna + bl\u00e4ck \u2013 708&nbsp;&nbsp;Elegant kalligrafisats inspirerad av klassiska italienska skrivtraditioner. Designad f\u00f6r handskriftsentusiaster och kreativt bruk.&nbsp;&nbsp;Setet inneh\u00e5ller:&nbsp;Tr\u00e4penna med metallspetsFlaska med svart kalligrafibl\u00e4ckDekorativ presentf\u00f6rpackning med f\u00f6nster och sigill&nbsp;Produktinformation:&nbsp;F\u00f6rpackningens m\u00e5tt: 7,5 \u00d7 22 \u00d7 3 cmBl\u00e4ckf\u00e4rg: SvartPennans material: Tr\u00e4 + metallspets&nbsp;Viktiga egenskaper:&nbsp;H\u00f6gkvalitativt hantverkPresentf\u00f6rpackningFunktionellt och estetiskt verktyg f\u00f6r kalligrafi\u00d6verlag l\u00e4mpligt f\u00f6r inbjudningar, certifikat, kreativt skrivande&nbsp;<\/p>\n","protected":false},"featured_media":45018,"comment_status":"open","ping_status":"closed","template":"","meta":[],"product_brand":[],"product_cat":[33],"product_tag":[],"class_list":{"0":"post-17700","1":"product","2":"type-product","3":"status-publish","4":"has-post-thumbnail","6":"product_cat-okategoriserad","8":"first","9":"instock","10":"shipping-taxable","11":"purchasable","12":"product-type-simple"},"_links":{"self":[{"href":"https:\/\/nordicmart.andreevmaster.com\/sv\/wp-json\/wp\/v2\/product\/17700","targetHints":{"allow":["GET"]}}],"collection":[{"href":"https:\/\/nordicmart.andreevmaster.com\/sv\/wp-json\/wp\/v2\/product"}],"about":[{"href":"https:\/\/nordicmart.andreevmaster.com\/sv\/wp-json\/wp\/v2\/types\/product"}],"replies":[{"embeddable":true,"href":"https:\/\/nordicmart.andreevmaster.com\/sv\/wp-json\/wp\/v2\/comments?post=17700"}],"wp:featuredmedia":[{"embeddable":true,"href":"https:\/\/nordicmart.andreevmaster.com\/sv\/wp-json\/wp\/v2\/media\/45018"}],"wp:attachment":[{"href":"https:\/\/nordicmart.andreevmaster.com\/sv\/wp-json\/wp\/v2\/media?parent=17700"}],"wp:term":[{"taxonomy":"product_brand","embeddable":true,"href":"https:\/\/nordicmart.andreevmaster.com\/sv\/wp-json\/wp\/v2\/product_brand?post=17700"},{"taxonomy":"product_cat","embeddable":true,"href":"https:\/\/nordicmart.andreevmaster.com\/sv\/wp-json\/wp\/v2\/product_cat?post=17700"},{"taxonomy":"product_tag","embeddable":true,"href":"https:\/\/nordicmart.andreevmaster.com\/sv\/wp-json\/wp\/v2\/product_tag?post=17700"}],"curies":[{"name":"wp","href":"https:\/\/api.w.org\/{rel}","templated":true}]}}