{"id":17699,"date":"2026-02-27T00:36:13","date_gmt":"2026-02-27T00:36:13","guid":{"rendered":"https:\/\/nordicmart.andreevmaster.com\/product\/stor-massingsastrolabium-armillarsfar-kontorsdekoration-aml141a\/"},"modified":"2026-02-27T08:25:36","modified_gmt":"2026-02-27T08:25:36","slug":"stor-massingsastrolabium-armillarsfar-kontorsdekoration-aml141a","status":"publish","type":"product","link":"https:\/\/nordicmart.andreevmaster.com\/sv\/produkt\/stor-massingsastrolabium-armillarsfar-kontorsdekoration-aml141a\/","title":{"rendered":"Stor m\u00e4ssingsastrolabium \u2013 armillarsf\u00e4r \u2013 kontorsdekoration \u2013 AML141A"},"content":{"rendered":"<p>Armillarsf\u00e4r i m\u00e4ssing \u2013 kontorsdekoration \u2013 AML141A&nbsp;Stor dekorativ armillarsf\u00e4r tillverkad av massiv m\u00e4ssing och tr\u00e4. Designad som ett klassiskt och raffinerat inredningselement f\u00f6r chefsrum, f\u00f6retagslobbyer, bibliotek eller m\u00f6tesrum. Passar \u00e4ven som en exklusiv aff\u00e4rsg\u00e5va.&nbsp;Material: M\u00e4ssing, tr\u00e4Ytbehandling: Antik m\u00e4ssingM\u00e5tt: 36 x 36 x 52 cm&nbsp;Rekommenderas f\u00f6r:&nbsp;Aff\u00e4rsg\u00e5va till astronomer, naturvetenskapsl\u00e4rare eller kunder inom akademinKontors- eller arbetsrumsdekoration (chefskontor, juridiska kontor, akademiska utrymmen)F\u00f6retagsg\u00e5va till partners, intressenter eller styrelsemedlemmar&nbsp;Viktiga egenskaper:&nbsp;H\u00f6gkvalitativ m\u00e4ssing f\u00f6r en exklusiv och h\u00e5llbar ytaDekorativ och symbolisk form som speglar vetenskaplig traditionIdealisk f\u00f6r B2B-g\u00e5vor och inredningsf\u00f6rb\u00e4ttring&nbsp;<\/p>\n","protected":false},"excerpt":{"rendered":"<p>Armillarsf\u00e4r i m\u00e4ssing \u2013 kontorsdekoration \u2013 AML141A&nbsp;Stor dekorativ armillarsf\u00e4r tillverkad av massiv m\u00e4ssing och tr\u00e4. Designad som ett klassiskt och raffinerat inredningselement f\u00f6r chefsrum, f\u00f6retagslobbyer, bibliotek eller m\u00f6tesrum. Passar \u00e4ven som en exklusiv aff\u00e4rsg\u00e5va.&nbsp;Material: M\u00e4ssing, tr\u00e4Ytbehandling: Antik m\u00e4ssingM\u00e5tt: 36 x 36 x 52 cm&nbsp;Rekommenderas f\u00f6r:&nbsp;Aff\u00e4rsg\u00e5va till astronomer, naturvetenskapsl\u00e4rare eller kunder inom akademinKontors- eller arbetsrumsdekoration (chefskontor, [&hellip;]<\/p>\n","protected":false},"featured_media":45017,"comment_status":"open","ping_status":"closed","template":"","meta":[],"product_brand":[],"product_cat":[33],"product_tag":[],"class_list":{"0":"post-17699","1":"product","2":"type-product","3":"status-publish","4":"has-post-thumbnail","6":"product_cat-okategoriserad","8":"first","9":"instock","10":"shipping-taxable","11":"purchasable","12":"product-type-simple"},"_links":{"self":[{"href":"https:\/\/nordicmart.andreevmaster.com\/sv\/wp-json\/wp\/v2\/product\/17699","targetHints":{"allow":["GET"]}}],"collection":[{"href":"https:\/\/nordicmart.andreevmaster.com\/sv\/wp-json\/wp\/v2\/product"}],"about":[{"href":"https:\/\/nordicmart.andreevmaster.com\/sv\/wp-json\/wp\/v2\/types\/product"}],"replies":[{"embeddable":true,"href":"https:\/\/nordicmart.andreevmaster.com\/sv\/wp-json\/wp\/v2\/comments?post=17699"}],"wp:featuredmedia":[{"embeddable":true,"href":"https:\/\/nordicmart.andreevmaster.com\/sv\/wp-json\/wp\/v2\/media\/45017"}],"wp:attachment":[{"href":"https:\/\/nordicmart.andreevmaster.com\/sv\/wp-json\/wp\/v2\/media?parent=17699"}],"wp:term":[{"taxonomy":"product_brand","embeddable":true,"href":"https:\/\/nordicmart.andreevmaster.com\/sv\/wp-json\/wp\/v2\/product_brand?post=17699"},{"taxonomy":"product_cat","embeddable":true,"href":"https:\/\/nordicmart.andreevmaster.com\/sv\/wp-json\/wp\/v2\/product_cat?post=17699"},{"taxonomy":"product_tag","embeddable":true,"href":"https:\/\/nordicmart.andreevmaster.com\/sv\/wp-json\/wp\/v2\/product_tag?post=17699"}],"curies":[{"name":"wp","href":"https:\/\/api.w.org\/{rel}","templated":true}]}}