{"id":17696,"date":"2026-02-27T00:36:12","date_gmt":"2026-02-27T00:36:12","guid":{"rendered":"https:\/\/nordicmart.andreevmaster.com\/product\/batsmansvissla-i-tralada-nc103186\/"},"modified":"2026-02-27T08:25:35","modified_gmt":"2026-02-27T08:25:35","slug":"batsmansvissla-i-tralada-nc103186","status":"publish","type":"product","link":"https:\/\/nordicmart.andreevmaster.com\/sv\/produkt\/batsmansvissla-i-tralada-nc103186\/","title":{"rendered":"B\u00e5tsmansvissla i tr\u00e4l\u00e5da \u2013 NC103186"},"content":{"rendered":"<p>B\u00e5tsmansvissla i tr\u00e4l\u00e5da \u2013 NC103186&nbsp;&nbsp;B\u00e5tsmansvissla i m\u00e4ssing i en dekorativ tr\u00e4l\u00e5da med m\u00e4ssingsdetaljer. Klassisk maritim design, tillverkad med omsorg om detaljerna. Passar som symbolisk g\u00e5va eller samlarobjekt f\u00f6r nautiska entusiaster.&nbsp;&nbsp;Produktinformation:&nbsp;Visselpipans l\u00e4ngd: 12,5 cmL\u00e5dans m\u00e5tt: 17 x 5 x 3,5 cmMaterial: m\u00e4ssing, tr\u00e4F\u00f6rpackning: tr\u00e4l\u00e5da med m\u00e4ssingsinl\u00e4gg&nbsp;Perfekt som:&nbsp;En present till sj\u00f6m\u00e4n, kaptener eller instrukt\u00f6rerEn dekorativ f\u00f6rem\u00e5l med maritimt temaEtt tillbeh\u00f6r f\u00f6r kontor, b\u00e5tstugor eller interi\u00f6rer i nautisk stilEtt stilfullt tillskott till nautiska samlingar&nbsp;<\/p>\n","protected":false},"excerpt":{"rendered":"<p>B\u00e5tsmansvissla i tr\u00e4l\u00e5da \u2013 NC103186&nbsp;&nbsp;B\u00e5tsmansvissla i m\u00e4ssing i en dekorativ tr\u00e4l\u00e5da med m\u00e4ssingsdetaljer. Klassisk maritim design, tillverkad med omsorg om detaljerna. Passar som symbolisk g\u00e5va eller samlarobjekt f\u00f6r nautiska entusiaster.&nbsp;&nbsp;Produktinformation:&nbsp;Visselpipans l\u00e4ngd: 12,5 cmL\u00e5dans m\u00e5tt: 17 x 5 x 3,5 cmMaterial: m\u00e4ssing, tr\u00e4F\u00f6rpackning: tr\u00e4l\u00e5da med m\u00e4ssingsinl\u00e4gg&nbsp;Perfekt som:&nbsp;En present till sj\u00f6m\u00e4n, kaptener eller instrukt\u00f6rerEn dekorativ f\u00f6rem\u00e5l med [&hellip;]<\/p>\n","protected":false},"featured_media":45014,"comment_status":"open","ping_status":"closed","template":"","meta":[],"product_brand":[],"product_cat":[33],"product_tag":[],"class_list":{"0":"post-17696","1":"product","2":"type-product","3":"status-publish","4":"has-post-thumbnail","6":"product_cat-okategoriserad","8":"first","9":"instock","10":"shipping-taxable","11":"purchasable","12":"product-type-simple"},"_links":{"self":[{"href":"https:\/\/nordicmart.andreevmaster.com\/sv\/wp-json\/wp\/v2\/product\/17696","targetHints":{"allow":["GET"]}}],"collection":[{"href":"https:\/\/nordicmart.andreevmaster.com\/sv\/wp-json\/wp\/v2\/product"}],"about":[{"href":"https:\/\/nordicmart.andreevmaster.com\/sv\/wp-json\/wp\/v2\/types\/product"}],"replies":[{"embeddable":true,"href":"https:\/\/nordicmart.andreevmaster.com\/sv\/wp-json\/wp\/v2\/comments?post=17696"}],"wp:featuredmedia":[{"embeddable":true,"href":"https:\/\/nordicmart.andreevmaster.com\/sv\/wp-json\/wp\/v2\/media\/45014"}],"wp:attachment":[{"href":"https:\/\/nordicmart.andreevmaster.com\/sv\/wp-json\/wp\/v2\/media?parent=17696"}],"wp:term":[{"taxonomy":"product_brand","embeddable":true,"href":"https:\/\/nordicmart.andreevmaster.com\/sv\/wp-json\/wp\/v2\/product_brand?post=17696"},{"taxonomy":"product_cat","embeddable":true,"href":"https:\/\/nordicmart.andreevmaster.com\/sv\/wp-json\/wp\/v2\/product_cat?post=17696"},{"taxonomy":"product_tag","embeddable":true,"href":"https:\/\/nordicmart.andreevmaster.com\/sv\/wp-json\/wp\/v2\/product_tag?post=17696"}],"curies":[{"name":"wp","href":"https:\/\/api.w.org\/{rel}","templated":true}]}}