{"id":17695,"date":"2026-02-27T00:36:12","date_gmt":"2026-02-27T00:36:12","guid":{"rendered":"https:\/\/nordicmart.andreevmaster.com\/product\/massingskompass-med-solur-i-tralada-nc-103185\/"},"modified":"2026-02-27T08:25:35","modified_gmt":"2026-02-27T08:25:35","slug":"massingskompass-med-solur-i-tralada-nc-103185","status":"publish","type":"product","link":"https:\/\/nordicmart.andreevmaster.com\/sv\/produkt\/massingskompass-med-solur-i-tralada-nc-103185\/","title":{"rendered":"M\u00e4ssingskompass med solur i tr\u00e4l\u00e5da \u2013 NC 103185"},"content":{"rendered":"<p>M\u00e4ssingskompass med solur i tr\u00e4l\u00e5da \u2013 NC 103185&nbsp;&nbsp;M\u00e4ssingskompass med integrerat solur i vintage-design. Tillverkad av h\u00e5llbart m\u00e4ssing, f\u00f6rvarad i en dekorativ tr\u00e4l\u00e5da. L\u00e4mplig som skrivbordsprydnad, samlarobjekt eller symbolisk aff\u00e4rsg\u00e5va.&nbsp;&nbsp;Produktinformation:&nbsp;Kompassdiameter: 12 cmL\u00e5dans m\u00e5tt: 14,5 x 14,5 x 6,5 cmMaterial: m\u00e4ssing, tr\u00e4Ytbehandling: vintage-stilF\u00f6rpackning: dekorativ tr\u00e4l\u00e5da&nbsp;Perfekt som:&nbsp;f\u00f6retagsg\u00e5va till inredningar med resetema, kontor eller bibliotek, symbolisk g\u00e5va vid karri\u00e4rm\u00e4ssiga milstolpar eller avsked.&nbsp;<\/p>\n","protected":false},"excerpt":{"rendered":"<p>M\u00e4ssingskompass med solur i tr\u00e4l\u00e5da \u2013 NC 103185&nbsp;&nbsp;M\u00e4ssingskompass med integrerat solur i vintage-design. Tillverkad av h\u00e5llbart m\u00e4ssing, f\u00f6rvarad i en dekorativ tr\u00e4l\u00e5da. L\u00e4mplig som skrivbordsprydnad, samlarobjekt eller symbolisk aff\u00e4rsg\u00e5va.&nbsp;&nbsp;Produktinformation:&nbsp;Kompassdiameter: 12 cmL\u00e5dans m\u00e5tt: 14,5 x 14,5 x 6,5 cmMaterial: m\u00e4ssing, tr\u00e4Ytbehandling: vintage-stilF\u00f6rpackning: dekorativ tr\u00e4l\u00e5da&nbsp;Perfekt som:&nbsp;f\u00f6retagsg\u00e5va till inredningar med resetema, kontor eller bibliotek, symbolisk g\u00e5va vid karri\u00e4rm\u00e4ssiga [&hellip;]<\/p>\n","protected":false},"featured_media":45013,"comment_status":"open","ping_status":"closed","template":"","meta":[],"product_brand":[],"product_cat":[33],"product_tag":[],"class_list":{"0":"post-17695","1":"product","2":"type-product","3":"status-publish","4":"has-post-thumbnail","6":"product_cat-okategoriserad","8":"first","9":"instock","10":"shipping-taxable","11":"purchasable","12":"product-type-simple"},"_links":{"self":[{"href":"https:\/\/nordicmart.andreevmaster.com\/sv\/wp-json\/wp\/v2\/product\/17695","targetHints":{"allow":["GET"]}}],"collection":[{"href":"https:\/\/nordicmart.andreevmaster.com\/sv\/wp-json\/wp\/v2\/product"}],"about":[{"href":"https:\/\/nordicmart.andreevmaster.com\/sv\/wp-json\/wp\/v2\/types\/product"}],"replies":[{"embeddable":true,"href":"https:\/\/nordicmart.andreevmaster.com\/sv\/wp-json\/wp\/v2\/comments?post=17695"}],"wp:featuredmedia":[{"embeddable":true,"href":"https:\/\/nordicmart.andreevmaster.com\/sv\/wp-json\/wp\/v2\/media\/45013"}],"wp:attachment":[{"href":"https:\/\/nordicmart.andreevmaster.com\/sv\/wp-json\/wp\/v2\/media?parent=17695"}],"wp:term":[{"taxonomy":"product_brand","embeddable":true,"href":"https:\/\/nordicmart.andreevmaster.com\/sv\/wp-json\/wp\/v2\/product_brand?post=17695"},{"taxonomy":"product_cat","embeddable":true,"href":"https:\/\/nordicmart.andreevmaster.com\/sv\/wp-json\/wp\/v2\/product_cat?post=17695"},{"taxonomy":"product_tag","embeddable":true,"href":"https:\/\/nordicmart.andreevmaster.com\/sv\/wp-json\/wp\/v2\/product_tag?post=17695"}],"curies":[{"name":"wp","href":"https:\/\/api.w.org\/{rel}","templated":true}]}}