{"id":17694,"date":"2026-02-27T00:36:12","date_gmt":"2026-02-27T00:36:12","guid":{"rendered":"https:\/\/nordicmart.andreevmaster.com\/product\/cappuccino-quadrant-replika-fran-1400-talet-present-till-astronomer-eller-sjoman-h28\/"},"modified":"2026-02-27T08:25:35","modified_gmt":"2026-02-27T08:25:35","slug":"cappuccino-quadrant-replika-fran-1400-talet-present-till-astronomer-eller-sjoman-h28","status":"publish","type":"product","link":"https:\/\/nordicmart.andreevmaster.com\/sv\/produkt\/cappuccino-quadrant-replika-fran-1400-talet-present-till-astronomer-eller-sjoman-h28\/","title":{"rendered":"Cappuccino Quadrant \u2013 replika fr\u00e5n 1400-talet \u2013 present till astronomer eller sj\u00f6m\u00e4n \u2013 H28"},"content":{"rendered":"<p>Cappuccino Quadrant \u2013 replika fr\u00e5n 1500-talet \u2013 Present till astronom eller sj\u00f6man \u2013 H28&nbsp;&nbsp;Quadrant \u00e4r ett historiskt navigations- och astronomiskt instrument som anv\u00e4ndes f\u00f6r att m\u00e4ta h\u00f6jden p\u00e5 himlakroppar (t.ex. solen, stj\u00e4rnor) \u00f6ver horisonten. I praktiken anv\u00e4ndes den fr\u00e4mst inom:&nbsp;astronomi \u2013 f\u00f6r att observera och kartl\u00e4gga himlen, sj\u00f6fart \u2013 f\u00f6r att best\u00e4mma ett fartygs latitud.&nbsp;Namnet kommer fr\u00e5n det faktum att i den mest k\u00e4nda versionen av denna solur ritade p\u00e4rlan i b\u00e5da tropikerna tv\u00e5 linjer som liknade den huva som kapuciner munkar b\u00e4r. Dess ursprung g\u00e5r tillbaka till 1400-talet, \u00e4ven om det inte g\u00e5r att s\u00e4ga med s\u00e4kerhet.&nbsp;Kvadranten \u00e4r tillverkad av zamak (zink-aluminiumlegering) och sitter p\u00e5 en elegant tr\u00e4bas. Repliken k\u00e4nnetecknas av h\u00f6g kvalitet och h\u00e5llbarhet. Noggrant pr\u00e4glade detaljer och en solid finish g\u00f6r den till ett exceptionellt samlarobjekt. Repliken har kalibrerats till en latitud p\u00e5 51,5\u00b0N. Den \u00e4r en perfekt dekoration f\u00f6r ett kontor, bibliotek eller en inredning i vintagestil, men ocks\u00e5 en utm\u00e4rkt present till en astronom, vetenskapshistoriker eller nautisk entusiast. Produktinformation:H\u00f6jd: 11 cm Bredd: 8 cm Replika av en kvadrant fr\u00e5n 1400-talet Perfekt f\u00f6r samlare och \u00e4lskare av vintagef\u00f6rem\u00e5l Dekoration f\u00f6r kontor, arbetsrum eller bibliotek i retrostil Unik present till en samlare av vintageinstrument eller en entusiast av gammal teknik Hur fungerade kvadranten? Sj\u00f6mannen eller astronomen h\u00f6ll instrumentet vertikalt.Han siktade p\u00e5 en himlakropp genom siktet.Vikten angav vinkelns v\u00e4rde p\u00e5 skalan.Denna vinkel \u00f6ver horisonten gjorde det m\u00f6jligt att:ber\u00e4kna latitud (till havs),best\u00e4mma position och tid (inom astronomi).&nbsp;&nbsp;Intressanta fakta:&nbsp;Kvadranter anv\u00e4ndes redan under medeltiden och vid tiden f\u00f6r de stora geografiska uppt\u00e4ckterna.De ersattes senare av sextanter, som var mer exakta och l\u00e4ttare att anv\u00e4nda. Den ber\u00f6mda astronomen Tycho Brahe anv\u00e4nde mycket stora kvadranter f\u00f6r noggranna observationer av stj\u00e4rnor redan f\u00f6re teleskopets uppfinning.&nbsp;<\/p>\n","protected":false},"excerpt":{"rendered":"<p>Cappuccino Quadrant \u2013 replika fr\u00e5n 1500-talet \u2013 Present till astronom eller sj\u00f6man \u2013 H28&nbsp;&nbsp;Quadrant \u00e4r ett historiskt navigations- och astronomiskt instrument som anv\u00e4ndes f\u00f6r att m\u00e4ta h\u00f6jden p\u00e5 himlakroppar (t.ex. solen, stj\u00e4rnor) \u00f6ver horisonten. I praktiken anv\u00e4ndes den fr\u00e4mst inom:&nbsp;astronomi \u2013 f\u00f6r att observera och kartl\u00e4gga himlen, sj\u00f6fart \u2013 f\u00f6r att best\u00e4mma ett fartygs latitud.&nbsp;Namnet [&hellip;]<\/p>\n","protected":false},"featured_media":45012,"comment_status":"open","ping_status":"closed","template":"","meta":[],"product_brand":[],"product_cat":[33],"product_tag":[],"class_list":{"0":"post-17694","1":"product","2":"type-product","3":"status-publish","4":"has-post-thumbnail","6":"product_cat-okategoriserad","8":"first","9":"instock","10":"shipping-taxable","11":"purchasable","12":"product-type-simple"},"_links":{"self":[{"href":"https:\/\/nordicmart.andreevmaster.com\/sv\/wp-json\/wp\/v2\/product\/17694","targetHints":{"allow":["GET"]}}],"collection":[{"href":"https:\/\/nordicmart.andreevmaster.com\/sv\/wp-json\/wp\/v2\/product"}],"about":[{"href":"https:\/\/nordicmart.andreevmaster.com\/sv\/wp-json\/wp\/v2\/types\/product"}],"replies":[{"embeddable":true,"href":"https:\/\/nordicmart.andreevmaster.com\/sv\/wp-json\/wp\/v2\/comments?post=17694"}],"wp:featuredmedia":[{"embeddable":true,"href":"https:\/\/nordicmart.andreevmaster.com\/sv\/wp-json\/wp\/v2\/media\/45012"}],"wp:attachment":[{"href":"https:\/\/nordicmart.andreevmaster.com\/sv\/wp-json\/wp\/v2\/media?parent=17694"}],"wp:term":[{"taxonomy":"product_brand","embeddable":true,"href":"https:\/\/nordicmart.andreevmaster.com\/sv\/wp-json\/wp\/v2\/product_brand?post=17694"},{"taxonomy":"product_cat","embeddable":true,"href":"https:\/\/nordicmart.andreevmaster.com\/sv\/wp-json\/wp\/v2\/product_cat?post=17694"},{"taxonomy":"product_tag","embeddable":true,"href":"https:\/\/nordicmart.andreevmaster.com\/sv\/wp-json\/wp\/v2\/product_tag?post=17694"}],"curies":[{"name":"wp","href":"https:\/\/api.w.org\/{rel}","templated":true}]}}