{"id":17692,"date":"2026-02-27T00:36:11","date_gmt":"2026-02-27T00:36:11","guid":{"rendered":"https:\/\/nordicmart.andreevmaster.com\/product\/exklusivt-kompasshange-forsilvrad-zamak-bru25ll\/"},"modified":"2026-02-27T08:25:34","modified_gmt":"2026-02-27T08:25:34","slug":"exklusivt-kompasshange-forsilvrad-zamak-bru25ll","status":"publish","type":"product","link":"https:\/\/nordicmart.andreevmaster.com\/sv\/produkt\/exklusivt-kompasshange-forsilvrad-zamak-bru25ll\/","title":{"rendered":"Exklusivt kompassh\u00e4nge \u2013 F\u00f6rsilvrad Zamak \u2013 BRU25LL"},"content":{"rendered":"<p>Exklusiv kompassh\u00e4nge &#8211; Silverpl\u00e4terad Zamak &#8211; BRU25LL &nbsp;&nbsp;Premiumh\u00e4nge designat f\u00f6r personer som uppskattar h\u00f6gkvalitativt hantverk, kvalitetsmaterial och tidl\u00f6s stil.&nbsp;Den eleganta finishen g\u00f6r h\u00e4nget perfekt som present till en seglare, resen\u00e4r eller en person med f\u00f6rk\u00e4rlek f\u00f6r eleganta prylar.&nbsp;Produktinformation:&nbsp;H\u00e4ngets m\u00e5tt: 3,9 x 3 x 0,9 cm Total l\u00e4ngd: 7 cm H\u00f6gkvalitativt hantverk \u2013 Zamaklegering med koppar- och silverbel\u00e4ggning (8 mikron). Korrosionsbest\u00e4ndigt Perfekt b\u00e5de f\u00f6r vardagsbruk och som en smakfull present&nbsp;Zamak \u00e4r namnet p\u00e5 en metallegering vars huvudkomponent \u00e4r zink (Zn), med tillsats av aluminium, koppar och magnesium. Dess egenskaper \u00e4r h\u00e5llbarhet, korrosionsbest\u00e4ndighet och l\u00e4tthet.&nbsp;<\/p>\n","protected":false},"excerpt":{"rendered":"<p>Exklusiv kompassh\u00e4nge &#8211; Silverpl\u00e4terad Zamak &#8211; BRU25LL &nbsp;&nbsp;Premiumh\u00e4nge designat f\u00f6r personer som uppskattar h\u00f6gkvalitativt hantverk, kvalitetsmaterial och tidl\u00f6s stil.&nbsp;Den eleganta finishen g\u00f6r h\u00e4nget perfekt som present till en seglare, resen\u00e4r eller en person med f\u00f6rk\u00e4rlek f\u00f6r eleganta prylar.&nbsp;Produktinformation:&nbsp;H\u00e4ngets m\u00e5tt: 3,9 x 3 x 0,9 cm Total l\u00e4ngd: 7 cm H\u00f6gkvalitativt hantverk \u2013 Zamaklegering med koppar- [&hellip;]<\/p>\n","protected":false},"featured_media":45010,"comment_status":"open","ping_status":"closed","template":"","meta":[],"product_brand":[],"product_cat":[33],"product_tag":[],"class_list":{"0":"post-17692","1":"product","2":"type-product","3":"status-publish","4":"has-post-thumbnail","6":"product_cat-okategoriserad","8":"first","9":"instock","10":"shipping-taxable","11":"purchasable","12":"product-type-simple"},"_links":{"self":[{"href":"https:\/\/nordicmart.andreevmaster.com\/sv\/wp-json\/wp\/v2\/product\/17692","targetHints":{"allow":["GET"]}}],"collection":[{"href":"https:\/\/nordicmart.andreevmaster.com\/sv\/wp-json\/wp\/v2\/product"}],"about":[{"href":"https:\/\/nordicmart.andreevmaster.com\/sv\/wp-json\/wp\/v2\/types\/product"}],"replies":[{"embeddable":true,"href":"https:\/\/nordicmart.andreevmaster.com\/sv\/wp-json\/wp\/v2\/comments?post=17692"}],"wp:featuredmedia":[{"embeddable":true,"href":"https:\/\/nordicmart.andreevmaster.com\/sv\/wp-json\/wp\/v2\/media\/45010"}],"wp:attachment":[{"href":"https:\/\/nordicmart.andreevmaster.com\/sv\/wp-json\/wp\/v2\/media?parent=17692"}],"wp:term":[{"taxonomy":"product_brand","embeddable":true,"href":"https:\/\/nordicmart.andreevmaster.com\/sv\/wp-json\/wp\/v2\/product_brand?post=17692"},{"taxonomy":"product_cat","embeddable":true,"href":"https:\/\/nordicmart.andreevmaster.com\/sv\/wp-json\/wp\/v2\/product_cat?post=17692"},{"taxonomy":"product_tag","embeddable":true,"href":"https:\/\/nordicmart.andreevmaster.com\/sv\/wp-json\/wp\/v2\/product_tag?post=17692"}],"curies":[{"name":"wp","href":"https:\/\/api.w.org\/{rel}","templated":true}]}}