{"id":17691,"date":"2026-02-27T00:36:11","date_gmt":"2026-02-27T00:36:11","guid":{"rendered":"https:\/\/nordicmart.andreevmaster.com\/product\/halsband-solar-eclipse-optisk-illusion-present-till-resenaren-ecl32\/"},"modified":"2026-02-27T08:25:34","modified_gmt":"2026-02-27T08:25:34","slug":"halsband-solar-eclipse-optisk-illusion-present-till-resenaren-ecl32","status":"publish","type":"product","link":"https:\/\/nordicmart.andreevmaster.com\/sv\/produkt\/halsband-solar-eclipse-optisk-illusion-present-till-resenaren-ecl32\/","title":{"rendered":"Halsband Solar Eclipse &#8211; Optisk illusion &#8211; Present till resen\u00e4ren &#8211; ECL32"},"content":{"rendered":"<p>Halsband Solar Eclipse &#8211; Optisk illusion &#8211; Present till resen\u00e4ren &#8211; ECL32&nbsp;&nbsp;Halsbandet Solar Eclipse \u00e4r ett originellt smycke som kombinerar estetik med en unik optisk effekt. Det \u00e4r tillverkat av h\u00f6gkvalitativ Zamak-legering med silverbel\u00e4ggning och dekorerat med tjeckiskt kristall, vilket g\u00f6r det till en unik present f\u00f6r dem som fascineras av astronomiska fenomen, resor och naturen.&nbsp;&nbsp;S\u00e5 fungerar det \u2013 Eclipse-effekten steg f\u00f6r steg:&nbsp;Hitta en ljusk\u00e4lla \u2013 du f\u00e5r b\u00e4st effekt med naturligt solljus, men intensivt artificiellt ljus som en ficklampa eller skrivbordslampa fungerar ocks\u00e5.H\u00e5ll halsbandet i sn\u00f6ret och placera det s\u00e5 att ljuset passerar genom h\u00e4ngets centrala h\u00e5l. Rikta skuggan mot den yta du vill \u2013 till exempel en v\u00e4gg, ett bord eller din hand. En form som liknar en solf\u00f6rm\u00f6rkelse kommer att visas p\u00e5 ytan. Produktinformation: Stretchknuten bomullssn\u00f6re \u2013 justerbar l\u00e4ngd fr\u00e5n 45 till 62 cm.H\u00f6gkvalitativt hantverk \u2013 Zamaklegering med tillsats av koppar och ett lager silver (8 mikron). Bohemiskt kristall i mitten av halsbandet, vilket bidrar till dess elegans. H\u00e4ngets m\u00e5tt: 3,3 x 2,7 x 0,7 cm. L\u00e4tt och bekv\u00e4mt att b\u00e4ra \u2013 passar f\u00f6r vardagsbruk och utomhusbruk. Korrosionsbest\u00e4ndigt.<\/p>\n","protected":false},"excerpt":{"rendered":"<p>Halsband Solar Eclipse &#8211; Optisk illusion &#8211; Present till resen\u00e4ren &#8211; ECL32&nbsp;&nbsp;Halsbandet Solar Eclipse \u00e4r ett originellt smycke som kombinerar estetik med en unik optisk effekt. Det \u00e4r tillverkat av h\u00f6gkvalitativ Zamak-legering med silverbel\u00e4ggning och dekorerat med tjeckiskt kristall, vilket g\u00f6r det till en unik present f\u00f6r dem som fascineras av astronomiska fenomen, resor och [&hellip;]<\/p>\n","protected":false},"featured_media":45009,"comment_status":"open","ping_status":"closed","template":"","meta":[],"product_brand":[],"product_cat":[33],"product_tag":[],"class_list":{"0":"post-17691","1":"product","2":"type-product","3":"status-publish","4":"has-post-thumbnail","6":"product_cat-okategoriserad","8":"first","9":"instock","10":"shipping-taxable","11":"purchasable","12":"product-type-simple"},"_links":{"self":[{"href":"https:\/\/nordicmart.andreevmaster.com\/sv\/wp-json\/wp\/v2\/product\/17691","targetHints":{"allow":["GET"]}}],"collection":[{"href":"https:\/\/nordicmart.andreevmaster.com\/sv\/wp-json\/wp\/v2\/product"}],"about":[{"href":"https:\/\/nordicmart.andreevmaster.com\/sv\/wp-json\/wp\/v2\/types\/product"}],"replies":[{"embeddable":true,"href":"https:\/\/nordicmart.andreevmaster.com\/sv\/wp-json\/wp\/v2\/comments?post=17691"}],"wp:featuredmedia":[{"embeddable":true,"href":"https:\/\/nordicmart.andreevmaster.com\/sv\/wp-json\/wp\/v2\/media\/45009"}],"wp:attachment":[{"href":"https:\/\/nordicmart.andreevmaster.com\/sv\/wp-json\/wp\/v2\/media?parent=17691"}],"wp:term":[{"taxonomy":"product_brand","embeddable":true,"href":"https:\/\/nordicmart.andreevmaster.com\/sv\/wp-json\/wp\/v2\/product_brand?post=17691"},{"taxonomy":"product_cat","embeddable":true,"href":"https:\/\/nordicmart.andreevmaster.com\/sv\/wp-json\/wp\/v2\/product_cat?post=17691"},{"taxonomy":"product_tag","embeddable":true,"href":"https:\/\/nordicmart.andreevmaster.com\/sv\/wp-json\/wp\/v2\/product_tag?post=17691"}],"curies":[{"name":"wp","href":"https:\/\/api.w.org\/{rel}","templated":true}]}}