{"id":17690,"date":"2026-02-27T00:36:11","date_gmt":"2026-02-27T00:36:11","guid":{"rendered":"https:\/\/nordicmart.andreevmaster.com\/product\/halsband-stars-est-34\/"},"modified":"2026-02-27T08:25:34","modified_gmt":"2026-02-27T08:25:34","slug":"halsband-stars-est-34","status":"publish","type":"product","link":"https:\/\/nordicmart.andreevmaster.com\/sv\/produkt\/halsband-stars-est-34\/","title":{"rendered":"Halsband \u2013 Stars EST 34"},"content":{"rendered":"<p>Halsband &#8211; Stj\u00e4rnor EST 34 &nbsp;&nbsp;&nbsp;&nbsp;&nbsp;&nbsp;&nbsp;&nbsp;&nbsp;&nbsp;&nbsp;&nbsp;Symboliskt smycke med kosmiskt motiv \u2013 estetiskt och h\u00e5llbart&nbsp;Halsband &#8211; Stj\u00e4rnor EST 34 \u00e4r ett elegant smycke med silverfinish, dekorerat med fina stj\u00e4rnsymboler och tre tjeckiska kristaller i en djup granatr\u00f6d nyans. H\u00e4nget \u00e4r tillverkat av h\u00f6gkvalitativ Zamak-legering, belagt med ett 8 mikron tjockt lager silver. Tack vare den justerbara bomullssn\u00f6ren anpassar sig produkten till olika stilar, samtidigt som den \u00e4r bekv\u00e4m och h\u00e5llbar.&nbsp;&nbsp;Produktinformation:&nbsp;Stretchknuten bomullssn\u00f6re \u2013 justerbar l\u00e4ngd fr\u00e5n 45 till 62 cm.H\u00f6gkvalitativt hantverk \u2013 Zamak-legering med tillsats av koppar och ett lager silver (8 mikron) Bohemisk kristall i mitten av halsbandet, vilket bidrar till dess elegans. H\u00e4ngets m\u00e5tt: 3,4 x 2,6 x 0,4 cm. L\u00e4tt och bekv\u00e4mt att b\u00e4ra \u2013 passar f\u00f6r vardagsbruk och utomhusbruk. Korrosionsbest\u00e4ndigt. Zamak \u00e4r namnet p\u00e5 en metallegering vars huvudkomponent \u00e4r zink, med tillsats av aluminium, koppar och magnesium. Dess egenskaper \u00e4r h\u00e5llbarhet, korrosionsbest\u00e4ndighet och l\u00e4tthet.&nbsp;<\/p>\n","protected":false},"excerpt":{"rendered":"<p>Halsband &#8211; Stj\u00e4rnor EST 34 &nbsp;&nbsp;&nbsp;&nbsp;&nbsp;&nbsp;&nbsp;&nbsp;&nbsp;&nbsp;&nbsp;&nbsp;Symboliskt smycke med kosmiskt motiv \u2013 estetiskt och h\u00e5llbart&nbsp;Halsband &#8211; Stj\u00e4rnor EST 34 \u00e4r ett elegant smycke med silverfinish, dekorerat med fina stj\u00e4rnsymboler och tre tjeckiska kristaller i en djup granatr\u00f6d nyans. H\u00e4nget \u00e4r tillverkat av h\u00f6gkvalitativ Zamak-legering, belagt med ett 8 mikron tjockt lager silver. Tack vare den justerbara [&hellip;]<\/p>\n","protected":false},"featured_media":45008,"comment_status":"open","ping_status":"closed","template":"","meta":[],"product_brand":[],"product_cat":[33],"product_tag":[],"class_list":{"0":"post-17690","1":"product","2":"type-product","3":"status-publish","4":"has-post-thumbnail","6":"product_cat-okategoriserad","8":"first","9":"instock","10":"shipping-taxable","11":"purchasable","12":"product-type-simple"},"_links":{"self":[{"href":"https:\/\/nordicmart.andreevmaster.com\/sv\/wp-json\/wp\/v2\/product\/17690","targetHints":{"allow":["GET"]}}],"collection":[{"href":"https:\/\/nordicmart.andreevmaster.com\/sv\/wp-json\/wp\/v2\/product"}],"about":[{"href":"https:\/\/nordicmart.andreevmaster.com\/sv\/wp-json\/wp\/v2\/types\/product"}],"replies":[{"embeddable":true,"href":"https:\/\/nordicmart.andreevmaster.com\/sv\/wp-json\/wp\/v2\/comments?post=17690"}],"wp:featuredmedia":[{"embeddable":true,"href":"https:\/\/nordicmart.andreevmaster.com\/sv\/wp-json\/wp\/v2\/media\/45008"}],"wp:attachment":[{"href":"https:\/\/nordicmart.andreevmaster.com\/sv\/wp-json\/wp\/v2\/media?parent=17690"}],"wp:term":[{"taxonomy":"product_brand","embeddable":true,"href":"https:\/\/nordicmart.andreevmaster.com\/sv\/wp-json\/wp\/v2\/product_brand?post=17690"},{"taxonomy":"product_cat","embeddable":true,"href":"https:\/\/nordicmart.andreevmaster.com\/sv\/wp-json\/wp\/v2\/product_cat?post=17690"},{"taxonomy":"product_tag","embeddable":true,"href":"https:\/\/nordicmart.andreevmaster.com\/sv\/wp-json\/wp\/v2\/product_tag?post=17690"}],"curies":[{"name":"wp","href":"https:\/\/api.w.org\/{rel}","templated":true}]}}