{"id":17689,"date":"2026-02-27T00:36:10","date_gmt":"2026-02-27T00:36:10","guid":{"rendered":"https:\/\/nordicmart.andreevmaster.com\/product\/halsband-sundial-nile-silverplaterad-zamak-bohmisk-kristall-nil33\/"},"modified":"2026-02-27T08:25:34","modified_gmt":"2026-02-27T08:25:34","slug":"halsband-sundial-nile-silverplaterad-zamak-bohmisk-kristall-nil33","status":"publish","type":"product","link":"https:\/\/nordicmart.andreevmaster.com\/sv\/produkt\/halsband-sundial-nile-silverplaterad-zamak-bohmisk-kristall-nil33\/","title":{"rendered":"Halsband Sundial &#8211; Nile &#8211; Silverpl\u00e4terad Zamak + b\u00f6hmisk kristall &#8211; NIL33"},"content":{"rendered":"<p>Halsband Sundial &#8211; Nile &#8211; Silverpl\u00e4terad Zamak + B\u00f6hmisk kristall &#8211; NIL33&nbsp;&nbsp;Halsbandet &ldquo;Nile&rdquo; \u00e4r en fantastisk dekoration f\u00f6r alla som \u00e4lskar resor, naturen och smarta l\u00f6sningar. Dess design h\u00e4nvisar till den forntida egyptiska kulturen och Nilen. Turkos tjeckiskt kristall bidrar till dess unika karakt\u00e4r. Det \u00e4r en perfekt present till en resen\u00e4r, historie\u00e4lskare eller en person som uppskattar vackra och funktionella f\u00f6rem\u00e5l. Hur det fungerar. St\u00e4ll dig p\u00e5 en solig plats i s\u00f6derl\u00e4ge. Luta halsbandet s\u00e5 att en ljusstr\u00e5le faller in i klockan. Str\u00e5len visar den ungef\u00e4rliga soltiden. Produktinformation: Stretchad knuten bomullssn\u00f6re \u2013 justerbar l\u00e4ngd fr\u00e5n 45 till 62 cm. H\u00f6gkvalitativt hantverk \u2013 Zamak-legering med tillsats av koppar och ett lager silver (8 mikron) Bohemisk kristall i mitten av halsbandet, vilket bidrar till dess elegans. M\u00e5tt p\u00e5 h\u00e4ngsmycket: 4 x 2,6 x 0,7 cm. L\u00e4tt och bekv\u00e4mt att b\u00e4ra \u2013 passar f\u00f6r vardagsbruk och utomhusbruk. Korrosionsbest\u00e4ndigt. Zamak \u00e4r namnet p\u00e5 en metallegering vars huvudkomponent \u00e4r zink (Zn), med tillsats av aluminium, koppar och magnesium. Dess egenskaper \u00e4r h\u00e5llbarhet, korrosionsbest\u00e4ndighet och l\u00e4tthet.&nbsp;<\/p>\n","protected":false},"excerpt":{"rendered":"<p>Halsband Sundial &#8211; Nile &#8211; Silverpl\u00e4terad Zamak + B\u00f6hmisk kristall &#8211; NIL33&nbsp;&nbsp;Halsbandet &ldquo;Nile&rdquo; \u00e4r en fantastisk dekoration f\u00f6r alla som \u00e4lskar resor, naturen och smarta l\u00f6sningar. Dess design h\u00e4nvisar till den forntida egyptiska kulturen och Nilen. Turkos tjeckiskt kristall bidrar till dess unika karakt\u00e4r. Det \u00e4r en perfekt present till en resen\u00e4r, historie\u00e4lskare eller en [&hellip;]<\/p>\n","protected":false},"featured_media":45007,"comment_status":"open","ping_status":"closed","template":"","meta":[],"product_brand":[],"product_cat":[33],"product_tag":[],"class_list":{"0":"post-17689","1":"product","2":"type-product","3":"status-publish","4":"has-post-thumbnail","6":"product_cat-okategoriserad","8":"first","9":"instock","10":"shipping-taxable","11":"purchasable","12":"product-type-simple"},"_links":{"self":[{"href":"https:\/\/nordicmart.andreevmaster.com\/sv\/wp-json\/wp\/v2\/product\/17689","targetHints":{"allow":["GET"]}}],"collection":[{"href":"https:\/\/nordicmart.andreevmaster.com\/sv\/wp-json\/wp\/v2\/product"}],"about":[{"href":"https:\/\/nordicmart.andreevmaster.com\/sv\/wp-json\/wp\/v2\/types\/product"}],"replies":[{"embeddable":true,"href":"https:\/\/nordicmart.andreevmaster.com\/sv\/wp-json\/wp\/v2\/comments?post=17689"}],"wp:featuredmedia":[{"embeddable":true,"href":"https:\/\/nordicmart.andreevmaster.com\/sv\/wp-json\/wp\/v2\/media\/45007"}],"wp:attachment":[{"href":"https:\/\/nordicmart.andreevmaster.com\/sv\/wp-json\/wp\/v2\/media?parent=17689"}],"wp:term":[{"taxonomy":"product_brand","embeddable":true,"href":"https:\/\/nordicmart.andreevmaster.com\/sv\/wp-json\/wp\/v2\/product_brand?post=17689"},{"taxonomy":"product_cat","embeddable":true,"href":"https:\/\/nordicmart.andreevmaster.com\/sv\/wp-json\/wp\/v2\/product_cat?post=17689"},{"taxonomy":"product_tag","embeddable":true,"href":"https:\/\/nordicmart.andreevmaster.com\/sv\/wp-json\/wp\/v2\/product_tag?post=17689"}],"curies":[{"name":"wp","href":"https:\/\/api.w.org\/{rel}","templated":true}]}}