{"id":17688,"date":"2026-02-27T00:36:10","date_gmt":"2026-02-27T00:36:10","guid":{"rendered":"https:\/\/nordicmart.andreevmaster.com\/product\/halsband-sun-watch-saturn-silverplaterad-zamak-bohmisk-kristall-sat26\/"},"modified":"2026-02-27T08:25:33","modified_gmt":"2026-02-27T08:25:33","slug":"halsband-sun-watch-saturn-silverplaterad-zamak-bohmisk-kristall-sat26","status":"publish","type":"product","link":"https:\/\/nordicmart.andreevmaster.com\/sv\/produkt\/halsband-sun-watch-saturn-silverplaterad-zamak-bohmisk-kristall-sat26\/","title":{"rendered":"Halsband Sun Watch &#8211; Saturn &#8211; Silverpl\u00e4terad Zamak + b\u00f6hmisk kristall &#8211; SAT26"},"content":{"rendered":"<p>Halsband Sun Watch &#8211; Saturn &#8211; Silverpl\u00e4terad Zamak + b\u00f6hmisk kristall &#8211; SAT26&nbsp;&nbsp;Solar Watch Necklace &ldquo;Saturn&rdquo; \u00e4r mer \u00e4n ett smycke &#8211; det \u00e4r ett mobilt vetenskapligt instrument. En fantastisk gadget som kommer att gl\u00e4dja alla som \u00e4lskar resor, historia och astronomi.&nbsp;Det \u00e4r ett perfekt tillbeh\u00f6r som kombinerar design och funktionalitet. Dess lilla storlek g\u00f6r det enkelt att ta med sig \u00f6verallt.&nbsp;&nbsp;Hur fungerar det? &nbsp;St\u00e4ll dig p\u00e5 en solig plats mot s\u00f6der. Luta halsbandet s\u00e5 att en ljusstr\u00e5le faller in i klockan. Str\u00e5len visar den ungef\u00e4rliga soltiden.&nbsp;Produktinformation:&nbsp;Stretchknuten bomullssn\u00f6re \u2013 justerbar l\u00e4ngd fr\u00e5n 45 till 62 cm.H\u00f6gkvalitativt hantverk \u2013 Zamaklegering med tillsats av koppar och ett lager silver (8 mikron). Bohemiskt kristall i mitten av halsbandet, vilket bidrar till dess elegans. M\u00e5tt p\u00e5 h\u00e4ngsmycket: 2,6 x 3,3 x 0,8 cm. L\u00e4tt och bekv\u00e4mt att b\u00e4ra \u2013 passar f\u00f6r vardagsbruk och utomhusbruk. Korrosionsbest\u00e4ndigt.Zamak \u00e4r namnet p\u00e5 en metallegering vars huvudkomponent \u00e4r zink (Zn) med tillsats av aluminium, koppar och magnesium. Dess egenskaper \u00e4r h\u00e5llbarhet, korrosionsbest\u00e4ndighet och l\u00e4tthet.&nbsp;<\/p>\n","protected":false},"excerpt":{"rendered":"<p>Halsband Sun Watch &#8211; Saturn &#8211; Silverpl\u00e4terad Zamak + b\u00f6hmisk kristall &#8211; SAT26&nbsp;&nbsp;Solar Watch Necklace &ldquo;Saturn&rdquo; \u00e4r mer \u00e4n ett smycke &#8211; det \u00e4r ett mobilt vetenskapligt instrument. En fantastisk gadget som kommer att gl\u00e4dja alla som \u00e4lskar resor, historia och astronomi.&nbsp;Det \u00e4r ett perfekt tillbeh\u00f6r som kombinerar design och funktionalitet. Dess lilla storlek g\u00f6r [&hellip;]<\/p>\n","protected":false},"featured_media":45006,"comment_status":"open","ping_status":"closed","template":"","meta":[],"product_brand":[],"product_cat":[33],"product_tag":[],"class_list":{"0":"post-17688","1":"product","2":"type-product","3":"status-publish","4":"has-post-thumbnail","6":"product_cat-okategoriserad","8":"first","9":"instock","10":"shipping-taxable","11":"purchasable","12":"product-type-simple"},"_links":{"self":[{"href":"https:\/\/nordicmart.andreevmaster.com\/sv\/wp-json\/wp\/v2\/product\/17688","targetHints":{"allow":["GET"]}}],"collection":[{"href":"https:\/\/nordicmart.andreevmaster.com\/sv\/wp-json\/wp\/v2\/product"}],"about":[{"href":"https:\/\/nordicmart.andreevmaster.com\/sv\/wp-json\/wp\/v2\/types\/product"}],"replies":[{"embeddable":true,"href":"https:\/\/nordicmart.andreevmaster.com\/sv\/wp-json\/wp\/v2\/comments?post=17688"}],"wp:featuredmedia":[{"embeddable":true,"href":"https:\/\/nordicmart.andreevmaster.com\/sv\/wp-json\/wp\/v2\/media\/45006"}],"wp:attachment":[{"href":"https:\/\/nordicmart.andreevmaster.com\/sv\/wp-json\/wp\/v2\/media?parent=17688"}],"wp:term":[{"taxonomy":"product_brand","embeddable":true,"href":"https:\/\/nordicmart.andreevmaster.com\/sv\/wp-json\/wp\/v2\/product_brand?post=17688"},{"taxonomy":"product_cat","embeddable":true,"href":"https:\/\/nordicmart.andreevmaster.com\/sv\/wp-json\/wp\/v2\/product_cat?post=17688"},{"taxonomy":"product_tag","embeddable":true,"href":"https:\/\/nordicmart.andreevmaster.com\/sv\/wp-json\/wp\/v2\/product_tag?post=17688"}],"curies":[{"name":"wp","href":"https:\/\/api.w.org\/{rel}","templated":true}]}}