{"id":17687,"date":"2026-02-27T00:36:10","date_gmt":"2026-02-27T00:36:10","guid":{"rendered":"https:\/\/nordicmart.andreevmaster.com\/product\/kompasshalsband-hange-med-fungerande-kompass-bru25cl\/"},"modified":"2026-02-27T08:25:33","modified_gmt":"2026-02-27T08:25:33","slug":"kompasshalsband-hange-med-fungerande-kompass-bru25cl","status":"publish","type":"product","link":"https:\/\/nordicmart.andreevmaster.com\/sv\/produkt\/kompasshalsband-hange-med-fungerande-kompass-bru25cl\/","title":{"rendered":"Kompasshalsband \u2013 H\u00e4nge med fungerande kompass \u2013 BRU25CL"},"content":{"rendered":"<p>Kompasshalsband \u2013 H\u00e4nge med fungerande kompass \u2013 BRU25CL&nbsp;&nbsp;Unikt halsband med fungerande kompass \u2013 kombinerar funktionalitet och unik design. Perfekt f\u00f6r \u00e4ventyrs\u00e4lskare, resen\u00e4rer, seglare eller helt enkelt som en originell dekoration.&nbsp;Perfekt presentid\u00e9 f\u00f6r resen\u00e4rer, seglare och survivalister.&nbsp;&nbsp;Produktinformation:&nbsp;Fungerande kompassStretchknuten bomullssn\u00f6re \u2013 justerbar l\u00e4ngd fr\u00e5n 45 till 62 cmH\u00f6gkvalitativt hantverk \u2013 Zamak-legering med koppar och ett lager silver (8 mikron)M\u00e5tt p\u00e5 h\u00e4nget: 3,9 x 3,1 x 0,9 cmL\u00e4tt och bekv\u00e4mt att b\u00e4ra \u2013 passar f\u00f6r vardagsbruk och utomhusbrukKorrosionsbest\u00e4ndigt&nbsp;Zamak \u00e4r namnet p\u00e5 en metallegering vars huvudkomponent \u00e4r zink (Zn) med tillsats av aluminium, koppar och magnesium. Den k\u00e4nnetecknas av h\u00e5llbarhet, korrosionsbest\u00e4ndighet och l\u00e4tthet.&nbsp;<\/p>\n","protected":false},"excerpt":{"rendered":"<p>Kompasshalsband \u2013 H\u00e4nge med fungerande kompass \u2013 BRU25CL&nbsp;&nbsp;Unikt halsband med fungerande kompass \u2013 kombinerar funktionalitet och unik design. Perfekt f\u00f6r \u00e4ventyrs\u00e4lskare, resen\u00e4rer, seglare eller helt enkelt som en originell dekoration.&nbsp;Perfekt presentid\u00e9 f\u00f6r resen\u00e4rer, seglare och survivalister.&nbsp;&nbsp;Produktinformation:&nbsp;Fungerande kompassStretchknuten bomullssn\u00f6re \u2013 justerbar l\u00e4ngd fr\u00e5n 45 till 62 cmH\u00f6gkvalitativt hantverk \u2013 Zamak-legering med koppar och ett lager silver [&hellip;]<\/p>\n","protected":false},"featured_media":45005,"comment_status":"open","ping_status":"closed","template":"","meta":[],"product_brand":[],"product_cat":[33],"product_tag":[],"class_list":{"0":"post-17687","1":"product","2":"type-product","3":"status-publish","4":"has-post-thumbnail","6":"product_cat-okategoriserad","8":"first","9":"instock","10":"shipping-taxable","11":"purchasable","12":"product-type-simple"},"_links":{"self":[{"href":"https:\/\/nordicmart.andreevmaster.com\/sv\/wp-json\/wp\/v2\/product\/17687","targetHints":{"allow":["GET"]}}],"collection":[{"href":"https:\/\/nordicmart.andreevmaster.com\/sv\/wp-json\/wp\/v2\/product"}],"about":[{"href":"https:\/\/nordicmart.andreevmaster.com\/sv\/wp-json\/wp\/v2\/types\/product"}],"replies":[{"embeddable":true,"href":"https:\/\/nordicmart.andreevmaster.com\/sv\/wp-json\/wp\/v2\/comments?post=17687"}],"wp:featuredmedia":[{"embeddable":true,"href":"https:\/\/nordicmart.andreevmaster.com\/sv\/wp-json\/wp\/v2\/media\/45005"}],"wp:attachment":[{"href":"https:\/\/nordicmart.andreevmaster.com\/sv\/wp-json\/wp\/v2\/media?parent=17687"}],"wp:term":[{"taxonomy":"product_brand","embeddable":true,"href":"https:\/\/nordicmart.andreevmaster.com\/sv\/wp-json\/wp\/v2\/product_brand?post=17687"},{"taxonomy":"product_cat","embeddable":true,"href":"https:\/\/nordicmart.andreevmaster.com\/sv\/wp-json\/wp\/v2\/product_cat?post=17687"},{"taxonomy":"product_tag","embeddable":true,"href":"https:\/\/nordicmart.andreevmaster.com\/sv\/wp-json\/wp\/v2\/product_tag?post=17687"}],"curies":[{"name":"wp","href":"https:\/\/api.w.org\/{rel}","templated":true}]}}