{"id":17686,"date":"2026-02-27T00:36:09","date_gmt":"2026-02-27T00:36:09","guid":{"rendered":"https:\/\/nordicmart.andreevmaster.com\/product\/mini-guitar-lady-gaga-spe-132-2\/"},"modified":"2026-02-27T08:25:33","modified_gmt":"2026-02-27T08:25:33","slug":"mini-guitar-lady-gaga-spe-132-2","status":"publish","type":"product","link":"https:\/\/nordicmart.andreevmaster.com\/sv\/produkt\/mini-guitar-lady-gaga-spe-132-2\/","title":{"rendered":"Mini Guitar &#8211; Lady Gaga &#8211; SPE-132"},"content":{"rendered":"<p>Mini Guitar &#8211; Lady Gaga &#8211; SPE-132&nbsp;&nbsp;Dekorativ minigitarr inspirerad av Lady Gagas sceniska och extravaganta stil \u2013 en av de mest k\u00e4nda och inflytelserika artisterna under 2000-talet. Modellen \u00e4r tillverkad av mahognytr\u00e4 i skala 1:4 och passar perfekt som samlarobjekt eller konstn\u00e4rlig inredningsdetalj.&nbsp;Lady Gaga \u00e4r en global popkulturikon \u2013 s\u00e5ngerska, l\u00e5tskrivare, sk\u00e5despelerska och artist, k\u00e4nd f\u00f6r sin dj\u00e4rva stil, starka r\u00f6st och kompromissl\u00f6sa inst\u00e4llning till konsten. Hennes karri\u00e4r \u00e4r en kombination av innovation och en distinkt scenimage som st\u00e4ndigt utvecklas. Minigitarren SPE-132 speglar denna konstn\u00e4rliga m\u00e5ngfald. Den \u00e4r den perfekta presentid\u00e9n f\u00f6r fans av Lady Gaga och popestetik.&nbsp;&nbsp;Produktinformation:&nbsp;M\u00e5tt: h\u00f6jd 27,5 cm x bredd 9 cm x djup 0,8 cmSkala: 1:4Material: mahognytr\u00e4Stativ ing\u00e5rGitarren kan inte spelas \u2013 den \u00e4r en dekorationsartikelSamlarobjekt&nbsp;Perfekt present till:&nbsp;Lady Gaga-fans Samlare av miniatyminstrument Musiker och popentusiaster&nbsp;<\/p>\n","protected":false},"excerpt":{"rendered":"<p>Mini Guitar &#8211; Lady Gaga &#8211; SPE-132&nbsp;&nbsp;Dekorativ minigitarr inspirerad av Lady Gagas sceniska och extravaganta stil \u2013 en av de mest k\u00e4nda och inflytelserika artisterna under 2000-talet. Modellen \u00e4r tillverkad av mahognytr\u00e4 i skala 1:4 och passar perfekt som samlarobjekt eller konstn\u00e4rlig inredningsdetalj.&nbsp;Lady Gaga \u00e4r en global popkulturikon \u2013 s\u00e5ngerska, l\u00e5tskrivare, sk\u00e5despelerska och artist, k\u00e4nd [&hellip;]<\/p>\n","protected":false},"featured_media":45004,"comment_status":"open","ping_status":"closed","template":"","meta":[],"product_brand":[],"product_cat":[33],"product_tag":[],"class_list":{"0":"post-17686","1":"product","2":"type-product","3":"status-publish","4":"has-post-thumbnail","6":"product_cat-okategoriserad","8":"first","9":"instock","10":"shipping-taxable","11":"purchasable","12":"product-type-simple"},"_links":{"self":[{"href":"https:\/\/nordicmart.andreevmaster.com\/sv\/wp-json\/wp\/v2\/product\/17686","targetHints":{"allow":["GET"]}}],"collection":[{"href":"https:\/\/nordicmart.andreevmaster.com\/sv\/wp-json\/wp\/v2\/product"}],"about":[{"href":"https:\/\/nordicmart.andreevmaster.com\/sv\/wp-json\/wp\/v2\/types\/product"}],"replies":[{"embeddable":true,"href":"https:\/\/nordicmart.andreevmaster.com\/sv\/wp-json\/wp\/v2\/comments?post=17686"}],"wp:featuredmedia":[{"embeddable":true,"href":"https:\/\/nordicmart.andreevmaster.com\/sv\/wp-json\/wp\/v2\/media\/45004"}],"wp:attachment":[{"href":"https:\/\/nordicmart.andreevmaster.com\/sv\/wp-json\/wp\/v2\/media?parent=17686"}],"wp:term":[{"taxonomy":"product_brand","embeddable":true,"href":"https:\/\/nordicmart.andreevmaster.com\/sv\/wp-json\/wp\/v2\/product_brand?post=17686"},{"taxonomy":"product_cat","embeddable":true,"href":"https:\/\/nordicmart.andreevmaster.com\/sv\/wp-json\/wp\/v2\/product_cat?post=17686"},{"taxonomy":"product_tag","embeddable":true,"href":"https:\/\/nordicmart.andreevmaster.com\/sv\/wp-json\/wp\/v2\/product_tag?post=17686"}],"curies":[{"name":"wp","href":"https:\/\/api.w.org\/{rel}","templated":true}]}}