{"id":17685,"date":"2026-02-27T00:36:09","date_gmt":"2026-02-27T00:36:09","guid":{"rendered":"https:\/\/nordicmart.andreevmaster.com\/product\/dekorativ-figur-gyllene-pingvin-hojd-205-cm-3989fjz\/"},"modified":"2026-02-27T08:25:33","modified_gmt":"2026-02-27T08:25:33","slug":"dekorativ-figur-gyllene-pingvin-hojd-205-cm-3989fjz","status":"publish","type":"product","link":"https:\/\/nordicmart.andreevmaster.com\/sv\/produkt\/dekorativ-figur-gyllene-pingvin-hojd-205-cm-3989fjz\/","title":{"rendered":"Dekorativ figur Gyllene pingvin H\u00f6jd 20,5 cm &#8211; 3989FJZ"},"content":{"rendered":"<p>Dekorativ figur Gyllene pingvin H\u00f6jd 20,5 cm &#8211; 3989FJZ &nbsp;&nbsp;&nbsp;Dekorativ figur f\u00f6rest\u00e4llande en gyllene pingvin &#8211; tillverkad av h\u00e5llbart polyresin. Med sin gyllene f\u00e4rg och subtila glans \u00e4r den en sl\u00e5ende designaccent i hemmet eller p\u00e5 kontoret. Den passar bra som komplement till inredningar i glamour\u00f6s, modern, art d\u00e9co- eller eklektisk stil. &nbsp;Den passar bra som en originell presentid\u00e9.&nbsp;Figuren passar ocks\u00e5 bra som dekorationselement i skyltf\u00f6nster, hotell, restauranger och dekorativa utrymmen.&nbsp;&nbsp;Produktinformation:&nbsp;M\u00e5tt: 12,4 x 10,5 x 20,5 cmMaterial: polyresinF\u00e4rg: guld&nbsp;<\/p>\n","protected":false},"excerpt":{"rendered":"<p>Dekorativ figur Gyllene pingvin H\u00f6jd 20,5 cm &#8211; 3989FJZ &nbsp;&nbsp;&nbsp;Dekorativ figur f\u00f6rest\u00e4llande en gyllene pingvin &#8211; tillverkad av h\u00e5llbart polyresin. Med sin gyllene f\u00e4rg och subtila glans \u00e4r den en sl\u00e5ende designaccent i hemmet eller p\u00e5 kontoret. Den passar bra som komplement till inredningar i glamour\u00f6s, modern, art d\u00e9co- eller eklektisk stil. &nbsp;Den passar bra [&hellip;]<\/p>\n","protected":false},"featured_media":45003,"comment_status":"open","ping_status":"closed","template":"","meta":[],"product_brand":[],"product_cat":[33],"product_tag":[],"class_list":{"0":"post-17685","1":"product","2":"type-product","3":"status-publish","4":"has-post-thumbnail","6":"product_cat-okategoriserad","8":"first","9":"instock","10":"shipping-taxable","11":"purchasable","12":"product-type-simple"},"_links":{"self":[{"href":"https:\/\/nordicmart.andreevmaster.com\/sv\/wp-json\/wp\/v2\/product\/17685","targetHints":{"allow":["GET"]}}],"collection":[{"href":"https:\/\/nordicmart.andreevmaster.com\/sv\/wp-json\/wp\/v2\/product"}],"about":[{"href":"https:\/\/nordicmart.andreevmaster.com\/sv\/wp-json\/wp\/v2\/types\/product"}],"replies":[{"embeddable":true,"href":"https:\/\/nordicmart.andreevmaster.com\/sv\/wp-json\/wp\/v2\/comments?post=17685"}],"wp:featuredmedia":[{"embeddable":true,"href":"https:\/\/nordicmart.andreevmaster.com\/sv\/wp-json\/wp\/v2\/media\/45003"}],"wp:attachment":[{"href":"https:\/\/nordicmart.andreevmaster.com\/sv\/wp-json\/wp\/v2\/media?parent=17685"}],"wp:term":[{"taxonomy":"product_brand","embeddable":true,"href":"https:\/\/nordicmart.andreevmaster.com\/sv\/wp-json\/wp\/v2\/product_brand?post=17685"},{"taxonomy":"product_cat","embeddable":true,"href":"https:\/\/nordicmart.andreevmaster.com\/sv\/wp-json\/wp\/v2\/product_cat?post=17685"},{"taxonomy":"product_tag","embeddable":true,"href":"https:\/\/nordicmart.andreevmaster.com\/sv\/wp-json\/wp\/v2\/product_tag?post=17685"}],"curies":[{"name":"wp","href":"https:\/\/api.w.org\/{rel}","templated":true}]}}