{"id":17684,"date":"2026-02-27T00:36:09","date_gmt":"2026-02-27T00:36:09","guid":{"rendered":"https:\/\/nordicmart.andreevmaster.com\/product\/dekorativ-figur-mor-med-barn-symbol-for-familjen-hojd-268-cm-e43586\/"},"modified":"2026-02-27T08:25:33","modified_gmt":"2026-02-27T08:25:33","slug":"dekorativ-figur-mor-med-barn-symbol-for-familjen-hojd-268-cm-e43586","status":"publish","type":"product","link":"https:\/\/nordicmart.andreevmaster.com\/sv\/produkt\/dekorativ-figur-mor-med-barn-symbol-for-familjen-hojd-268-cm-e43586\/","title":{"rendered":"Dekorativ figur Mor med barn \u2013 Symbol f\u00f6r familjen \u2013 H\u00f6jd 26,8 cm \u2013 E43586"},"content":{"rendered":"<p>Dekorativ figur Mor med barn \u2013 Symbol f\u00f6r familjen \u2013 H\u00f6jd 26,8 cm \u2013 E43586&nbsp;&nbsp;Vacker, elegant figur som f\u00f6rest\u00e4ller en mor som h\u00e5ller ett barn \u2013 en tidl\u00f6s symbol f\u00f6r k\u00e4rlek och familj. Tillverkad i modern stil med inslag av glamour \u2013 dominerad av guld som bryts av subtilt svart.&nbsp;Den passar perfekt som dekoration i vardagsrummet, sovrummet eller det moderna kontoret. Den \u00e4r ocks\u00e5 en utm\u00e4rkt presentid\u00e9 till mors dag, f\u00f6delsedagar, barnets f\u00f6delse eller inflyttningsfest.&nbsp;&nbsp;Produktinformation:&nbsp;H\u00f6jd: 26,8 cmBredd: 5,5 cmDjup: 5,2 cmF\u00e4rg: guld med svarta accenterMaterial: polyresinStil: modern, glamourSymbolik: k\u00e4rlek, omsorg, familj&nbsp;Figuren \u00e4r smal och h\u00f6g \u2013 den drar blickarna till sig och ger interi\u00f6ren en extra touch av klass.&nbsp;<\/p>\n","protected":false},"excerpt":{"rendered":"<p>Dekorativ figur Mor med barn \u2013 Symbol f\u00f6r familjen \u2013 H\u00f6jd 26,8 cm \u2013 E43586&nbsp;&nbsp;Vacker, elegant figur som f\u00f6rest\u00e4ller en mor som h\u00e5ller ett barn \u2013 en tidl\u00f6s symbol f\u00f6r k\u00e4rlek och familj. Tillverkad i modern stil med inslag av glamour \u2013 dominerad av guld som bryts av subtilt svart.&nbsp;Den passar perfekt som dekoration i [&hellip;]<\/p>\n","protected":false},"featured_media":45002,"comment_status":"open","ping_status":"closed","template":"","meta":[],"product_brand":[],"product_cat":[33],"product_tag":[],"class_list":{"0":"post-17684","1":"product","2":"type-product","3":"status-publish","4":"has-post-thumbnail","6":"product_cat-okategoriserad","8":"first","9":"instock","10":"shipping-taxable","11":"purchasable","12":"product-type-simple"},"_links":{"self":[{"href":"https:\/\/nordicmart.andreevmaster.com\/sv\/wp-json\/wp\/v2\/product\/17684","targetHints":{"allow":["GET"]}}],"collection":[{"href":"https:\/\/nordicmart.andreevmaster.com\/sv\/wp-json\/wp\/v2\/product"}],"about":[{"href":"https:\/\/nordicmart.andreevmaster.com\/sv\/wp-json\/wp\/v2\/types\/product"}],"replies":[{"embeddable":true,"href":"https:\/\/nordicmart.andreevmaster.com\/sv\/wp-json\/wp\/v2\/comments?post=17684"}],"wp:featuredmedia":[{"embeddable":true,"href":"https:\/\/nordicmart.andreevmaster.com\/sv\/wp-json\/wp\/v2\/media\/45002"}],"wp:attachment":[{"href":"https:\/\/nordicmart.andreevmaster.com\/sv\/wp-json\/wp\/v2\/media?parent=17684"}],"wp:term":[{"taxonomy":"product_brand","embeddable":true,"href":"https:\/\/nordicmart.andreevmaster.com\/sv\/wp-json\/wp\/v2\/product_brand?post=17684"},{"taxonomy":"product_cat","embeddable":true,"href":"https:\/\/nordicmart.andreevmaster.com\/sv\/wp-json\/wp\/v2\/product_cat?post=17684"},{"taxonomy":"product_tag","embeddable":true,"href":"https:\/\/nordicmart.andreevmaster.com\/sv\/wp-json\/wp\/v2\/product_tag?post=17684"}],"curies":[{"name":"wp","href":"https:\/\/api.w.org\/{rel}","templated":true}]}}