{"id":17683,"date":"2026-02-27T00:36:09","date_gmt":"2026-02-27T00:36:09","guid":{"rendered":"https:\/\/nordicmart.andreevmaster.com\/product\/guldfargad-dekorativ-figur-tjur-modern-dekoration-43111y1\/"},"modified":"2026-02-27T08:25:32","modified_gmt":"2026-02-27T08:25:32","slug":"guldfargad-dekorativ-figur-tjur-modern-dekoration-43111y1","status":"publish","type":"product","link":"https:\/\/nordicmart.andreevmaster.com\/sv\/produkt\/guldfargad-dekorativ-figur-tjur-modern-dekoration-43111y1\/","title":{"rendered":"Guldf\u00e4rgad dekorativ figur Tjur \u2013 modern dekoration \u2013 43111Y1"},"content":{"rendered":"<p>Guldf\u00e4rgad dekorativ figur Tjur \u2013 modern dekoration \u2013 43111Y1&nbsp;&nbsp;Tillverkad av h\u00f6gkvalitativ polyresin i en imponerande guldf\u00e4rg. Figuren ser elegant och modern ut. Den passar perfekt i olika utrymmen \u2013 fr\u00e5n vardagsrummet, via kontoret, till sovrummet. Den kan vara den centrala dekorationen p\u00e5 en byr\u00e5, hylla eller skrivbord och ge karakt\u00e4r \u00e5t vilket rum som helst.&nbsp;I \u00e5rhundraden har tjuren varit en symbol f\u00f6r maskulinitet, styrka och beslutsamhet. I m\u00e5nga kulturer symboliserar den ocks\u00e5 rikedom och v\u00e4lst\u00e5nd. Att placera denna figur i ditt hem eller p\u00e5 kontoret kan vara en p\u00e5minnelse om dina m\u00e5l och din str\u00e4van efter framg\u00e5ng. Den \u00e4r ocks\u00e5 en utm\u00e4rkt presentid\u00e9 f\u00f6r en person som uppskattar originella och meningsfulla dekorationer. Den passar ocks\u00e5 utm\u00e4rkt som present till personer som arbetar med ekonomi och som \u00e4r f\u00f6dda i stj\u00e4rntecknet Oxen.&nbsp;&nbsp;Produktinformation:&nbsp;M\u00e5tt: Bredd: 33,3 cm Djup: 10,4 cm H\u00f6jd: 16,3 cm Material: polyresin F\u00e4rg: guld, svart Stil: elegant, glamor\u00f6s, modern Idealisk som: dekoration f\u00f6r en hylla, byr\u00e5, skrivbord, tillf\u00e4llig present&nbsp;Varf\u00f6r \u00e4r det v\u00e4rt det?&nbsp;Symbol f\u00f6r styrka och rikedom \u2013 perfekt f\u00f6r interi\u00f6rer med karakt\u00e4rUniversell dekoration f\u00f6r hem och kontorI\u00f6gonfallande \u2013 effektfull guldfinishId\u00e9 f\u00f6r en stilfull present&nbsp;<\/p>\n","protected":false},"excerpt":{"rendered":"<p>Guldf\u00e4rgad dekorativ figur Tjur \u2013 modern dekoration \u2013 43111Y1&nbsp;&nbsp;Tillverkad av h\u00f6gkvalitativ polyresin i en imponerande guldf\u00e4rg. Figuren ser elegant och modern ut. Den passar perfekt i olika utrymmen \u2013 fr\u00e5n vardagsrummet, via kontoret, till sovrummet. Den kan vara den centrala dekorationen p\u00e5 en byr\u00e5, hylla eller skrivbord och ge karakt\u00e4r \u00e5t vilket rum som helst.&nbsp;I [&hellip;]<\/p>\n","protected":false},"featured_media":45001,"comment_status":"open","ping_status":"closed","template":"","meta":[],"product_brand":[],"product_cat":[33],"product_tag":[],"class_list":{"0":"post-17683","1":"product","2":"type-product","3":"status-publish","4":"has-post-thumbnail","6":"product_cat-okategoriserad","8":"first","9":"instock","10":"shipping-taxable","11":"purchasable","12":"product-type-simple"},"_links":{"self":[{"href":"https:\/\/nordicmart.andreevmaster.com\/sv\/wp-json\/wp\/v2\/product\/17683","targetHints":{"allow":["GET"]}}],"collection":[{"href":"https:\/\/nordicmart.andreevmaster.com\/sv\/wp-json\/wp\/v2\/product"}],"about":[{"href":"https:\/\/nordicmart.andreevmaster.com\/sv\/wp-json\/wp\/v2\/types\/product"}],"replies":[{"embeddable":true,"href":"https:\/\/nordicmart.andreevmaster.com\/sv\/wp-json\/wp\/v2\/comments?post=17683"}],"wp:featuredmedia":[{"embeddable":true,"href":"https:\/\/nordicmart.andreevmaster.com\/sv\/wp-json\/wp\/v2\/media\/45001"}],"wp:attachment":[{"href":"https:\/\/nordicmart.andreevmaster.com\/sv\/wp-json\/wp\/v2\/media?parent=17683"}],"wp:term":[{"taxonomy":"product_brand","embeddable":true,"href":"https:\/\/nordicmart.andreevmaster.com\/sv\/wp-json\/wp\/v2\/product_brand?post=17683"},{"taxonomy":"product_cat","embeddable":true,"href":"https:\/\/nordicmart.andreevmaster.com\/sv\/wp-json\/wp\/v2\/product_cat?post=17683"},{"taxonomy":"product_tag","embeddable":true,"href":"https:\/\/nordicmart.andreevmaster.com\/sv\/wp-json\/wp\/v2\/product_tag?post=17683"}],"curies":[{"name":"wp","href":"https:\/\/api.w.org\/{rel}","templated":true}]}}