{"id":17682,"date":"2026-02-27T00:36:08","date_gmt":"2026-02-27T00:36:08","guid":{"rendered":"https:\/\/nordicmart.andreevmaster.com\/product\/buddhafigur-gladjefull-buddha-gulddekoration\/"},"modified":"2026-02-27T08:25:32","modified_gmt":"2026-02-27T08:25:32","slug":"buddhafigur-gladjefull-buddha-gulddekoration","status":"publish","type":"product","link":"https:\/\/nordicmart.andreevmaster.com\/sv\/produkt\/buddhafigur-gladjefull-buddha-gulddekoration\/","title":{"rendered":"Buddhafigur &#8211; Gl\u00e4djefull Buddha &#8211; Gulddekoration"},"content":{"rendered":"<p>Buddhafigur &#8211; Gl\u00e4djefull Buddha &#8211; Gulddekoration&nbsp;&nbsp;Den charmiga gl\u00e4djefulla Buddhafiguren utstr\u00e5lar positiv energi och symboliserar rikedom, lycka, harmoni och skydd mot ond energi. Den eleganta guldf\u00e4rgen ger figuren ett stilfullt utseende som passar perfekt i olika inredningsstilar. &nbsp;Figuren \u00e4r tillverkad av h\u00e5llbart polyresin. Den passar utm\u00e4rkt i hemmet, p\u00e5 kontoret, i vardagsrummet och \u00e4ven p\u00e5 platser f\u00f6r meditation och avkoppling. Den \u00e4r en idealisk present till en ny l\u00e4genhet, inflyttningsfest, f\u00f6delsedag eller n\u00e5got annat tillf\u00e4lle.&nbsp;Produktinformation:&nbsp;M\u00e5tt: 17,1 x 8,6 x 11,6 cmMaterial: PolyresinF\u00e4rg: Guld, svart Symbolik: rikedom, tur, harmoni och skydd mot d\u00e5lig energi Perfekt som present: till hemmet, kontoret, vardagsrummet eller som present till en ny l\u00e4genhet F\u00e4rdig presentid\u00e9 med ett meddelande&nbsp;<\/p>\n","protected":false},"excerpt":{"rendered":"<p>Buddhafigur &#8211; Gl\u00e4djefull Buddha &#8211; Gulddekoration&nbsp;&nbsp;Den charmiga gl\u00e4djefulla Buddhafiguren utstr\u00e5lar positiv energi och symboliserar rikedom, lycka, harmoni och skydd mot ond energi. Den eleganta guldf\u00e4rgen ger figuren ett stilfullt utseende som passar perfekt i olika inredningsstilar. &nbsp;Figuren \u00e4r tillverkad av h\u00e5llbart polyresin. Den passar utm\u00e4rkt i hemmet, p\u00e5 kontoret, i vardagsrummet och \u00e4ven p\u00e5 platser [&hellip;]<\/p>\n","protected":false},"featured_media":45000,"comment_status":"open","ping_status":"closed","template":"","meta":[],"product_brand":[],"product_cat":[33],"product_tag":[],"class_list":{"0":"post-17682","1":"product","2":"type-product","3":"status-publish","4":"has-post-thumbnail","6":"product_cat-okategoriserad","8":"first","9":"instock","10":"shipping-taxable","11":"purchasable","12":"product-type-simple"},"_links":{"self":[{"href":"https:\/\/nordicmart.andreevmaster.com\/sv\/wp-json\/wp\/v2\/product\/17682","targetHints":{"allow":["GET"]}}],"collection":[{"href":"https:\/\/nordicmart.andreevmaster.com\/sv\/wp-json\/wp\/v2\/product"}],"about":[{"href":"https:\/\/nordicmart.andreevmaster.com\/sv\/wp-json\/wp\/v2\/types\/product"}],"replies":[{"embeddable":true,"href":"https:\/\/nordicmart.andreevmaster.com\/sv\/wp-json\/wp\/v2\/comments?post=17682"}],"wp:featuredmedia":[{"embeddable":true,"href":"https:\/\/nordicmart.andreevmaster.com\/sv\/wp-json\/wp\/v2\/media\/45000"}],"wp:attachment":[{"href":"https:\/\/nordicmart.andreevmaster.com\/sv\/wp-json\/wp\/v2\/media?parent=17682"}],"wp:term":[{"taxonomy":"product_brand","embeddable":true,"href":"https:\/\/nordicmart.andreevmaster.com\/sv\/wp-json\/wp\/v2\/product_brand?post=17682"},{"taxonomy":"product_cat","embeddable":true,"href":"https:\/\/nordicmart.andreevmaster.com\/sv\/wp-json\/wp\/v2\/product_cat?post=17682"},{"taxonomy":"product_tag","embeddable":true,"href":"https:\/\/nordicmart.andreevmaster.com\/sv\/wp-json\/wp\/v2\/product_tag?post=17682"}],"curies":[{"name":"wp","href":"https:\/\/api.w.org\/{rel}","templated":true}]}}