{"id":17681,"date":"2026-02-27T00:36:08","date_gmt":"2026-02-27T00:36:08","guid":{"rendered":"https:\/\/nordicmart.andreevmaster.com\/product\/modern-dekorativ-figur-dansare-abstrakt-24-cm-e44446\/"},"modified":"2026-02-27T08:25:32","modified_gmt":"2026-02-27T08:25:32","slug":"modern-dekorativ-figur-dansare-abstrakt-24-cm-e44446","status":"publish","type":"product","link":"https:\/\/nordicmart.andreevmaster.com\/sv\/produkt\/modern-dekorativ-figur-dansare-abstrakt-24-cm-e44446\/","title":{"rendered":"Modern dekorativ figur Dansare &#8211; Abstrakt 24 cm &#8211; E44446"},"content":{"rendered":"<p>Modern dekorativ figur Dansare &#8211; Abstrakt, 24 cm &#8211; E44446&nbsp;&nbsp;Denna eleganta dekorativa figur f\u00f6rest\u00e4ller en dansare i abstrakt form och \u00e4r ett unikt tillskott till inredningen. Dess moderna estetik och antikguldfinish g\u00f6r den till en perfekt matchning f\u00f6r glamour\u00f6sa, moderna, loft- eller art d\u00e9co-inredningar. &nbsp;Detta \u00e4r en idealisk presentid\u00e9 f\u00f6r en person som \u00e4lskar att dansa. Den passar utm\u00e4rkt som en elegant och symbolisk present till en dansare, dansl\u00e4rare eller n\u00e5gon som brinner f\u00f6r r\u00f6relsens konst. &nbsp;&nbsp;Produktinformation:&nbsp;M\u00e5tt: 14,1 x 6,8 x 24,2 cmMaterial: polyresin (syntetiskt harts)F\u00e4rg: antikguld (matt med en l\u00e4tt glans)Stil: modern, geometrisk, abstraktMotiv: dansare i en dynamisk posePerfekt f\u00f6r glamour\u00f6sa, moderna och art d\u00e9co-inredningarUtm\u00e4rkt presentid\u00e9&nbsp;<\/p>\n","protected":false},"excerpt":{"rendered":"<p>Modern dekorativ figur Dansare &#8211; Abstrakt, 24 cm &#8211; E44446&nbsp;&nbsp;Denna eleganta dekorativa figur f\u00f6rest\u00e4ller en dansare i abstrakt form och \u00e4r ett unikt tillskott till inredningen. Dess moderna estetik och antikguldfinish g\u00f6r den till en perfekt matchning f\u00f6r glamour\u00f6sa, moderna, loft- eller art d\u00e9co-inredningar. &nbsp;Detta \u00e4r en idealisk presentid\u00e9 f\u00f6r en person som \u00e4lskar att [&hellip;]<\/p>\n","protected":false},"featured_media":44999,"comment_status":"open","ping_status":"closed","template":"","meta":[],"product_brand":[],"product_cat":[33],"product_tag":[],"class_list":{"0":"post-17681","1":"product","2":"type-product","3":"status-publish","4":"has-post-thumbnail","6":"product_cat-okategoriserad","8":"first","9":"instock","10":"shipping-taxable","11":"purchasable","12":"product-type-simple"},"_links":{"self":[{"href":"https:\/\/nordicmart.andreevmaster.com\/sv\/wp-json\/wp\/v2\/product\/17681","targetHints":{"allow":["GET"]}}],"collection":[{"href":"https:\/\/nordicmart.andreevmaster.com\/sv\/wp-json\/wp\/v2\/product"}],"about":[{"href":"https:\/\/nordicmart.andreevmaster.com\/sv\/wp-json\/wp\/v2\/types\/product"}],"replies":[{"embeddable":true,"href":"https:\/\/nordicmart.andreevmaster.com\/sv\/wp-json\/wp\/v2\/comments?post=17681"}],"wp:featuredmedia":[{"embeddable":true,"href":"https:\/\/nordicmart.andreevmaster.com\/sv\/wp-json\/wp\/v2\/media\/44999"}],"wp:attachment":[{"href":"https:\/\/nordicmart.andreevmaster.com\/sv\/wp-json\/wp\/v2\/media?parent=17681"}],"wp:term":[{"taxonomy":"product_brand","embeddable":true,"href":"https:\/\/nordicmart.andreevmaster.com\/sv\/wp-json\/wp\/v2\/product_brand?post=17681"},{"taxonomy":"product_cat","embeddable":true,"href":"https:\/\/nordicmart.andreevmaster.com\/sv\/wp-json\/wp\/v2\/product_cat?post=17681"},{"taxonomy":"product_tag","embeddable":true,"href":"https:\/\/nordicmart.andreevmaster.com\/sv\/wp-json\/wp\/v2\/product_tag?post=17681"}],"curies":[{"name":"wp","href":"https:\/\/api.w.org\/{rel}","templated":true}]}}