{"id":17680,"date":"2026-02-27T00:36:08","date_gmt":"2026-02-27T00:36:08","guid":{"rendered":"https:\/\/nordicmart.andreevmaster.com\/product\/gyllene-elefant-med-upphojd-trumpet-dekorativ-figur-141fjz\/"},"modified":"2026-02-27T08:25:32","modified_gmt":"2026-02-27T08:25:32","slug":"gyllene-elefant-med-upphojd-trumpet-dekorativ-figur-141fjz","status":"publish","type":"product","link":"https:\/\/nordicmart.andreevmaster.com\/sv\/produkt\/gyllene-elefant-med-upphojd-trumpet-dekorativ-figur-141fjz\/","title":{"rendered":"Gyllene elefant med upph\u00f6jd trumpet \u2013 dekorativ figur \u2013 141FJZ"},"content":{"rendered":"<p>Gyllene elefant med upplyft trumpet \u2013 dekorativ figur \u2013 141FJZ&nbsp;&nbsp;Denna eleganta elefantfigur med upplyft snabel \u00e4r en elegant inredningsdetalj.&nbsp;Den symboliserar lycka, v\u00e4lst\u00e5nd och skydd \u2013 perfekt f\u00f6r hemmet, kontoret eller som en symbolisk g\u00e5va.&nbsp;Figuren passar perfekt i b\u00e5de moderna och klassiska inredningar. H\u00f6gkvalitativt hantverk och elegant finish g\u00f6r den till en fantastisk dekoration med ett symboliskt budskap.&nbsp;&nbsp;Produktinformation:&nbsp;M\u00e5tt: 20,5 x 7,8 x 16,8 cmMaterial: polyresinF\u00e4rg: guld&nbsp;<\/p>\n","protected":false},"excerpt":{"rendered":"<p>Gyllene elefant med upplyft trumpet \u2013 dekorativ figur \u2013 141FJZ&nbsp;&nbsp;Denna eleganta elefantfigur med upplyft snabel \u00e4r en elegant inredningsdetalj.&nbsp;Den symboliserar lycka, v\u00e4lst\u00e5nd och skydd \u2013 perfekt f\u00f6r hemmet, kontoret eller som en symbolisk g\u00e5va.&nbsp;Figuren passar perfekt i b\u00e5de moderna och klassiska inredningar. H\u00f6gkvalitativt hantverk och elegant finish g\u00f6r den till en fantastisk dekoration med ett [&hellip;]<\/p>\n","protected":false},"featured_media":44998,"comment_status":"open","ping_status":"closed","template":"","meta":[],"product_brand":[],"product_cat":[33],"product_tag":[],"class_list":{"0":"post-17680","1":"product","2":"type-product","3":"status-publish","4":"has-post-thumbnail","6":"product_cat-okategoriserad","8":"first","9":"instock","10":"shipping-taxable","11":"purchasable","12":"product-type-simple"},"_links":{"self":[{"href":"https:\/\/nordicmart.andreevmaster.com\/sv\/wp-json\/wp\/v2\/product\/17680","targetHints":{"allow":["GET"]}}],"collection":[{"href":"https:\/\/nordicmart.andreevmaster.com\/sv\/wp-json\/wp\/v2\/product"}],"about":[{"href":"https:\/\/nordicmart.andreevmaster.com\/sv\/wp-json\/wp\/v2\/types\/product"}],"replies":[{"embeddable":true,"href":"https:\/\/nordicmart.andreevmaster.com\/sv\/wp-json\/wp\/v2\/comments?post=17680"}],"wp:featuredmedia":[{"embeddable":true,"href":"https:\/\/nordicmart.andreevmaster.com\/sv\/wp-json\/wp\/v2\/media\/44998"}],"wp:attachment":[{"href":"https:\/\/nordicmart.andreevmaster.com\/sv\/wp-json\/wp\/v2\/media?parent=17680"}],"wp:term":[{"taxonomy":"product_brand","embeddable":true,"href":"https:\/\/nordicmart.andreevmaster.com\/sv\/wp-json\/wp\/v2\/product_brand?post=17680"},{"taxonomy":"product_cat","embeddable":true,"href":"https:\/\/nordicmart.andreevmaster.com\/sv\/wp-json\/wp\/v2\/product_cat?post=17680"},{"taxonomy":"product_tag","embeddable":true,"href":"https:\/\/nordicmart.andreevmaster.com\/sv\/wp-json\/wp\/v2\/product_tag?post=17680"}],"curies":[{"name":"wp","href":"https:\/\/api.w.org\/{rel}","templated":true}]}}